{"id":4968,"date":"2022-02-21T15:18:04","date_gmt":"2022-02-21T15:18:04","guid":{"rendered":"https:\/\/www.calviabeach.com\/?page_id=4968"},"modified":"2025-09-23T15:18:02","modified_gmt":"2025-09-23T22:18:02","slug":"what-do-see-mallorca","status":"publish","type":"page","link":"https:\/\/www.calviabeach.com\/it\/leisure-and-fun-activities\/what-do-see-mallorca\/","title":{"rendered":"Cosa fare e vedere a Maiorca"},"content":{"rendered":"<div data-elementor-type=\"wp-page\" data-elementor-id=\"4968\" class=\"elementor elementor-4968\" data-elementor-post-type=\"page\">\n\t\t\t\t\t\t<section class=\"elementor-section elementor-top-section elementor-element elementor-element-5f8ca93 elementor-section-boxed elementor-section-height-default elementor-section-height-default\" data-id=\"5f8ca93\" data-element_type=\"section\" data-e-type=\"section\" data-settings=\"{&quot;wdt_bg_image&quot;:{&quot;url&quot;:&quot;&quot;,&quot;id&quot;:&quot;&quot;,&quot;size&quot;:&quot;&quot;},&quot;wdt_bg_image_widescreen&quot;:{&quot;url&quot;:&quot;&quot;,&quot;id&quot;:&quot;&quot;,&quot;size&quot;:&quot;&quot;},&quot;wdt_bg_image_laptop&quot;:{&quot;url&quot;:&quot;&quot;,&quot;id&quot;:&quot;&quot;,&quot;size&quot;:&quot;&quot;},&quot;wdt_bg_image_tablet_extra&quot;:{&quot;url&quot;:&quot;&quot;,&quot;id&quot;:&quot;&quot;,&quot;size&quot;:&quot;&quot;},&quot;wdt_bg_image_tablet&quot;:{&quot;url&quot;:&quot;&quot;,&quot;id&quot;:&quot;&quot;,&quot;size&quot;:&quot;&quot;},&quot;wdt_bg_image_mobile_extra&quot;:{&quot;url&quot;:&quot;&quot;,&quot;id&quot;:&quot;&quot;,&quot;size&quot;:&quot;&quot;},&quot;wdt_bg_image_mobile&quot;:{&quot;url&quot;:&quot;&quot;,&quot;id&quot;:&quot;&quot;,&quot;size&quot;:&quot;&quot;},&quot;wdt_bg_position&quot;:&quot;center center&quot;,&quot;wdt_animation_effect&quot;:&quot;none&quot;}\">\n\t\t\t\t\t\t<div class=\"elementor-container elementor-column-gap-default\">\n\t\t\t\t\t<div class=\"elementor-column elementor-col-100 elementor-top-column elementor-element elementor-element-4704df13\" data-id=\"4704df13\" data-element_type=\"column\" data-e-type=\"column\">\n\t\t\t<div class=\"elementor-widget-wrap elementor-element-populated\">\n\t\t\t\t\t\t<div class=\"elementor-element elementor-element-1feb206 elementor-widget elementor-widget-text-editor\" data-id=\"1feb206\" data-element_type=\"widget\" data-e-type=\"widget\" data-settings=\"{&quot;wdt_animation_effect&quot;:&quot;none&quot;}\" data-widget_type=\"text-editor.default\">\n\t\t\t\t<div class=\"elementor-widget-container\">\n\t\t\t\t\t\t\t\t\t<div id=\"summary\" class=\"abc-article-summary\"><div class=\"epcl-banner textcenter mobile-grid-100 epcl-banner-single_top\"><div class=\"qodef-section-title-holder qodef-st-standard qodef-st-title-left qodef-st-normal-space qodef-st-with-border\"><div class=\"qodef-st-inner\"><h2 class=\"main-head\">Cosa fare e cosa fare al mare a Calvia, Mallorca<\/h2><div id=\"cms-data\" class=\"cms-data-delivery main-content-cms-wrapper padding-xs clr\"><p>Per quanto riguarda i siti turistici di Calvia, ci sono circa 14 spiagge in questa citt\u00e0. Le altre localit\u00e0 di Calvia sono Magaluf, Son Ferrer, Palma Nova e Santa Ponca.<\/p><ul><li>Magaluf: scritto Magalluf in inglese, \u00e8 un importante luogo di villeggiatura dell&#039;isola di Maiorca. Il periodo migliore per visitare questa localit\u00e0 \u00e8 luglio e agosto. Se desideri goderti la vita notturna di Calvia, Magaluf ti invita a divertirti in uno dei tanti bar e club di questo posto.<\/li><li>Santa Ponsa: Santa Ponsa \u00e8 anche una localit\u00e0 di villeggiatura estiva di Calvia, situata nella regione sud-ovest di Maiorca. Il periodo migliore per visitare questa localit\u00e0 \u00e8 da maggio a ottobre.<\/li><li>Jungle Parc (Santa Ponsa): Hai dentro di te l&#039;istinto dell&#039;avventura? Se quell\u2019istinto si \u00e8 addormentato, risveglialo dal sonno. Vieni a visitare Jungle Parc dove proverai sicuramente una scarica di adrenalina una volta entrato nel parco.<\/li><li>Palma Nova: \u00e8 una destinazione artificiale su quest&#039;isola. Grazie alla disponibilit\u00e0 di pacchetti vacanza economici per soggiornare nelle sue localit\u00e0, questo luogo sta lentamente diventando una delle destinazioni popolari in Europa.<\/li><li>Sol Wave House (Magaluf): il nome di questo luogo dovrebbe essere incluso nella tua lista di cose da fare a Calvi\u00e0. Situata proprio accanto alla spiaggia, la Sol Wave House ti consente di sperimentare ogni piccola onda selvaggia del mare con totale protezione e sicurezza.<\/li><\/ul><\/div><\/div><\/div><\/div><\/div>\t\t\t\t\t\t\t\t<\/div>\n\t\t\t\t<\/div>\n\t\t<div class=\"elementor-element elementor-element-1e816ec e-flex e-con-boxed e-con e-parent\" data-id=\"1e816ec\" data-element_type=\"container\" data-e-type=\"container\">\n\t\t\t\t\t<div class=\"e-con-inner\">\n\t\t<div class=\"elementor-element elementor-element-d82b418 e-con-full e-flex e-con e-child\" data-id=\"d82b418\" data-element_type=\"container\" data-e-type=\"container\">\n\t\t\t\t<div class=\"elementor-element elementor-element-0a1ea79 elementor-widget elementor-widget-heading\" data-id=\"0a1ea79\" data-element_type=\"widget\" data-e-type=\"widget\" data-settings=\"{&quot;wdt_animation_effect&quot;:&quot;none&quot;}\" data-widget_type=\"heading.default\">\n\t\t\t\t<div class=\"elementor-widget-container\">\n\t\t\t\t\t<h2 class=\"elementor-heading-title elementor-size-default\">COSE DA FARE<\/h2>\t\t\t\t<\/div>\n\t\t\t\t<\/div>\n\t\t\t\t<\/div>\n\t\t<div class=\"elementor-element elementor-element-56a78f0 e-con-full e-flex elementor-invisible e-con e-child\" data-id=\"56a78f0\" data-element_type=\"container\" data-e-type=\"container\" data-settings=\"{&quot;animation&quot;:&quot;fadeInLeft&quot;}\">\n\t\t\t\t<div class=\"elementor-element elementor-element-31dbaad elementor-widget elementor-widget-image\" data-id=\"31dbaad\" data-element_type=\"widget\" data-e-type=\"widget\" data-settings=\"{&quot;wdt_animation_effect&quot;:&quot;none&quot;}\" data-widget_type=\"image.default\">\n\t\t\t\t<div class=\"elementor-widget-container\">\n\t\t\t\t\t\t\t\t\t\t\t\t\t\t\t<img fetchpriority=\"high\" decoding=\"async\" width=\"768\" height=\"384\" src=\"https:\/\/www.calviabeach.com\/wp-content\/uploads\/2024\/07\/EstanciasActivas1-768x384.jpg\" class=\"attachment-medium_large size-medium_large wp-image-28560\" alt=\"\" srcset=\"https:\/\/www.calviabeach.com\/wp-content\/uploads\/2024\/07\/EstanciasActivas1-768x384.jpg 768w, https:\/\/www.calviabeach.com\/wp-content\/uploads\/2024\/07\/EstanciasActivas1-1000x500.jpg 1000w, https:\/\/www.calviabeach.com\/wp-content\/uploads\/2024\/07\/EstanciasActivas1-600x300.jpg 600w, https:\/\/www.calviabeach.com\/wp-content\/uploads\/2024\/07\/EstanciasActivas1.jpg 1200w\" sizes=\"(max-width: 768px) 100vw, 768px\" \/>\t\t\t\t\t\t\t\t\t\t\t\t\t\t\t<\/div>\n\t\t\t\t<\/div>\n\t\t\t\t<\/div>\n\t\t<div class=\"elementor-element elementor-element-cb13d75 e-con-full e-flex elementor-invisible e-con e-child\" data-id=\"cb13d75\" data-element_type=\"container\" data-e-type=\"container\" data-settings=\"{&quot;animation&quot;:&quot;fadeInRight&quot;}\">\n\t\t\t\t<div class=\"elementor-element elementor-element-e392e23 elementor-widget__width-initial elementor-widget elementor-widget-text-editor\" data-id=\"e392e23\" data-element_type=\"widget\" data-e-type=\"widget\" data-settings=\"{&quot;wdt_animation_effect&quot;:&quot;none&quot;}\" data-widget_type=\"text-editor.default\">\n\t\t\t\t<div class=\"elementor-widget-container\">\n\t\t\t\t\t\t\t\t\t<p>Oltre a queste localit\u00e0, esplora il villaggio e la bellissima costa di Calvia.<\/p>\n<ul>\n \t<li>Spiaggia Paguera: \u00c8 una spiaggia urbana che offre tutti i tipi di attivit\u00e0 sportive e intrattenimento per i turisti.<\/li>\n \t<li>The Prince William Pub (Palmanova): Per goderti la vita notturna di Calvi\u00e0, vieni in questo pub. Prende il nome dal principe William (fratello del principe Harry) dopo la sua nascita nel 1982, questo pub di 30 anni pu\u00f2 essere considerato il posto migliore per rilassarsi la sera.<\/li>\n<\/ul>\n<p class=\"padding-xs\">Di seguito abbiamo un elenco di cose da fare a Calvi\u00e0 e i luoghi in cui desideri trascorrere i momenti migliori del tuo viaggio. Allo stesso tempo, la citt\u00e0 ti offre i migliori quartieri da esplorare e nuovi cibi da provare.<\/p>\n<p class=\"padding-xs\">Questo elenco dovrebbe aiutarti a decidere e a dare priorit\u00e0 a ci\u00f2 che dovresti pianificare durante la tua vacanza a Calvia. Trova un mix di luoghi turistici imperdibili, luoghi di ritrovo locali sottovalutati e magari anche qualche nuova esperienza che puoi provare.<\/p>\n<p class=\"padding-xs\">Sfrutta al massimo il tuo viaggio a Calvi\u00e0 in tutta sicurezza.<\/p>\t\t\t\t\t\t\t\t<\/div>\n\t\t\t\t<\/div>\n\t\t\t\t<\/div>\n\t\t\t\t\t<\/div>\n\t\t\t\t<\/div>\n\t\t<div class=\"elementor-element elementor-element-65cf304 e-flex e-con-boxed e-con e-parent\" data-id=\"65cf304\" data-element_type=\"container\" data-e-type=\"container\">\n\t\t\t\t\t<div class=\"e-con-inner\">\n\t\t<div class=\"elementor-element elementor-element-dbbb5c5 e-con-full e-flex e-con e-child\" data-id=\"dbbb5c5\" data-element_type=\"container\" data-e-type=\"container\">\n\t\t\t\t<div class=\"elementor-element elementor-element-ebd932a elementor-widget elementor-widget-heading\" data-id=\"ebd932a\" data-element_type=\"widget\" data-e-type=\"widget\" data-settings=\"{&quot;wdt_animation_effect&quot;:&quot;none&quot;}\" data-widget_type=\"heading.default\">\n\t\t\t\t<div class=\"elementor-widget-container\">\n\t\t\t\t\t<h2 class=\"elementor-heading-title elementor-size-default\">Divertimento sulla spiaggia<\/h2>\t\t\t\t<\/div>\n\t\t\t\t<\/div>\n\t\t\t\t<\/div>\n\t\t<div class=\"elementor-element elementor-element-2ae9a23 e-con-full e-flex elementor-invisible e-con e-child\" data-id=\"2ae9a23\" data-element_type=\"container\" data-e-type=\"container\" data-settings=\"{&quot;animation&quot;:&quot;fadeInLeft&quot;}\">\n\t\t\t\t<div class=\"elementor-element elementor-element-c806521 elementor-widget__width-initial elementor-widget elementor-widget-text-editor\" data-id=\"c806521\" data-element_type=\"widget\" data-e-type=\"widget\" data-settings=\"{&quot;wdt_animation_effect&quot;:&quot;none&quot;}\" data-widget_type=\"text-editor.default\">\n\t\t\t\t<div class=\"elementor-widget-container\">\n\t\t\t\t\t\t\t\t\t<div class=\"content-capital\"><p class=\"text-capital\">Con 34 spiagge solo a Calvi\u00e0, inclusa la bellissima spiaggia di Magaluf a soli 5 minuti a piedi dall&#039;Hotel Samos, non mancano le attivit\u00e0 in spiaggia e gli sport acquatici disponibili lungo tutta la costa.<\/p><p>Cerca negozi di noleggio di attrezzature come tavole o che offrono corsi o guide per immersioni subacquee, surf, kayak da mare e stand-up-paddle (SUP). Oppure prendi semplicemente una maschera e un boccaglio per avvistare la vita marina nelle acque cristalline!<\/p><p>Altre attivit\u00e0 acquatiche includono wind e kite surf, jet ski, giri in banana boat, parasailing, sci nautico, wakeboard, vela, nonch\u00e9 esperienze in jet-boat e tour in barca con il fondo di vetro. C&#039;\u00e8 anche un torneo annuale di beach rugby a Magaluf<\/p><\/div><div class=\"wraper-img\"><div class=\"scale-img scale-img-home\">\u00a0<\/div><\/div>\t\t\t\t\t\t\t\t<\/div>\n\t\t\t\t<\/div>\n\t\t\t\t<\/div>\n\t\t<div class=\"elementor-element elementor-element-c91d249 e-con-full e-flex elementor-invisible e-con e-child\" data-id=\"c91d249\" data-element_type=\"container\" data-e-type=\"container\" data-settings=\"{&quot;animation&quot;:&quot;fadeInRight&quot;}\">\n\t\t\t\t<div class=\"elementor-element elementor-element-b1b8306 elementor-widget elementor-widget-image\" data-id=\"b1b8306\" data-element_type=\"widget\" data-e-type=\"widget\" data-settings=\"{&quot;wdt_animation_effect&quot;:&quot;none&quot;}\" data-widget_type=\"image.default\">\n\t\t\t\t<div class=\"elementor-widget-container\">\n\t\t\t\t\t\t\t\t\t\t\t\t\t\t\t<img decoding=\"async\" width=\"768\" height=\"350\" src=\"https:\/\/www.calviabeach.com\/wp-content\/uploads\/2024\/07\/ESTANCIAS_ACTIVAS_03_DIVERSION_EN_LA_PLAYA-768x350.jpg\" class=\"attachment-medium_large size-medium_large wp-image-28559\" alt=\"\" srcset=\"https:\/\/www.calviabeach.com\/wp-content\/uploads\/2024\/07\/ESTANCIAS_ACTIVAS_03_DIVERSION_EN_LA_PLAYA-768x350.jpg 768w, https:\/\/www.calviabeach.com\/wp-content\/uploads\/2024\/07\/ESTANCIAS_ACTIVAS_03_DIVERSION_EN_LA_PLAYA-1000x456.jpg 1000w, https:\/\/www.calviabeach.com\/wp-content\/uploads\/2024\/07\/ESTANCIAS_ACTIVAS_03_DIVERSION_EN_LA_PLAYA.jpg 1140w\" sizes=\"(max-width: 768px) 100vw, 768px\" \/>\t\t\t\t\t\t\t\t\t\t\t\t\t\t\t<\/div>\n\t\t\t\t<\/div>\n\t\t\t\t<\/div>\n\t\t\t\t\t<\/div>\n\t\t\t\t<\/div>\n\t\t<div class=\"elementor-element elementor-element-0d8112a e-flex e-con-boxed e-con e-parent\" data-id=\"0d8112a\" data-element_type=\"container\" data-e-type=\"container\">\n\t\t\t\t\t<div class=\"e-con-inner\">\n\t\t<div class=\"elementor-element elementor-element-6ba7cb3 e-con-full e-flex e-con e-child\" data-id=\"6ba7cb3\" data-element_type=\"container\" data-e-type=\"container\">\n\t\t\t\t<div class=\"elementor-element elementor-element-000b1ec elementor-widget elementor-widget-heading\" data-id=\"000b1ec\" data-element_type=\"widget\" data-e-type=\"widget\" data-settings=\"{&quot;wdt_animation_effect&quot;:&quot;none&quot;}\" data-widget_type=\"heading.default\">\n\t\t\t\t<div class=\"elementor-widget-container\">\n\t\t\t\t\t<h2 class=\"elementor-heading-title elementor-size-default\">Vita notturna a Calvia, Maiorca<\/h2>\t\t\t\t<\/div>\n\t\t\t\t<\/div>\n\t\t\t\t<\/div>\n\t\t<div class=\"elementor-element elementor-element-559d6c7 e-con-full e-flex elementor-invisible e-con e-child\" data-id=\"559d6c7\" data-element_type=\"container\" data-e-type=\"container\" data-settings=\"{&quot;animation&quot;:&quot;fadeInLeft&quot;}\">\n\t\t\t\t<div class=\"elementor-element elementor-element-6f00167 elementor-widget elementor-widget-image\" data-id=\"6f00167\" data-element_type=\"widget\" data-e-type=\"widget\" data-settings=\"{&quot;wdt_animation_effect&quot;:&quot;none&quot;}\" data-widget_type=\"image.default\">\n\t\t\t\t<div class=\"elementor-widget-container\">\n\t\t\t\t\t\t\t\t\t\t\t\t\t\t\t<img decoding=\"async\" width=\"768\" height=\"350\" src=\"https:\/\/www.calviabeach.com\/wp-content\/uploads\/2024\/07\/1-active-768x350.jpg\" class=\"attachment-medium_large size-medium_large wp-image-28558\" alt=\"\" srcset=\"https:\/\/www.calviabeach.com\/wp-content\/uploads\/2024\/07\/1-active-768x350.jpg 768w, https:\/\/www.calviabeach.com\/wp-content\/uploads\/2024\/07\/1-active-1000x456.jpg 1000w, https:\/\/www.calviabeach.com\/wp-content\/uploads\/2024\/07\/1-active.jpg 1140w\" sizes=\"(max-width: 768px) 100vw, 768px\" \/>\t\t\t\t\t\t\t\t\t\t\t\t\t\t\t<\/div>\n\t\t\t\t<\/div>\n\t\t\t\t<\/div>\n\t\t<div class=\"elementor-element elementor-element-53df30d e-con-full e-flex elementor-invisible e-con e-child\" data-id=\"53df30d\" data-element_type=\"container\" data-e-type=\"container\" data-settings=\"{&quot;animation&quot;:&quot;fadeInRight&quot;}\">\n\t\t\t\t<div class=\"elementor-element elementor-element-0d17706 elementor-widget__width-initial elementor-widget elementor-widget-text-editor\" data-id=\"0d17706\" data-element_type=\"widget\" data-e-type=\"widget\" data-settings=\"{&quot;wdt_animation_effect&quot;:&quot;none&quot;}\" data-widget_type=\"text-editor.default\">\n\t\t\t\t<div class=\"elementor-widget-container\">\n\t\t\t\t\t\t\t\t\t<p class=\"text-capital\">Oltre a numerosi bar e ristoranti (oltre ai talentuosi artisti e professionisti ogni sera all&#039;Hotel Samos), c&#039;\u00e8 una variet\u00e0 di opzioni di intrattenimento serale a Magaluf e nelle citt\u00e0 vicine come Palmanova, Santa Ponsa e Peguera.<\/p><p>Da Pirates Adventure, che \u00e8 una cena fantastica e uno spettacolo acrobatico a pochi passi dall&#039;hotel, al Casin\u00f2 di Maiorca, ai cinema, alla pista da bowling, ai teatri e ad altri luoghi di ritrovo a Palma, avrai solo l&#039;imbarazzo della scelta.<\/p>\t\t\t\t\t\t\t\t<\/div>\n\t\t\t\t<\/div>\n\t\t\t\t<\/div>\n\t\t\t\t\t<\/div>\n\t\t\t\t<\/div>\n\t\t\t\t\t<\/div>\n\t\t<\/div>\n\t\t\t\t\t<\/div>\n\t\t<\/section>\n\t\t\t\t<\/div>","protected":false},"excerpt":{"rendered":"<p>What to Do and Sea in Calvia, Mallorca When it comes to tourists sites in Calvia, there are around 14 beaches in this town. The other towns Calvia includes are [&hellip;]<\/p>\n","protected":false},"author":1,"featured_media":28560,"parent":4924,"menu_order":0,"comment_status":"closed","ping_status":"closed","template":"","meta":{"source_url":"","source_name":"","published_at":"","ai_reason":"","_monsterinsights_skip_tracking":false,"_monsterinsights_sitenote_active":false,"_monsterinsights_sitenote_note":"","_monsterinsights_sitenote_category":0,"_price":"","_stock":"","_tribe_ticket_header":"","_tribe_default_ticket_provider":"","_tribe_ticket_capacity":"0","_ticket_start_date":"","_ticket_end_date":"","_tribe_ticket_show_description":"","_tribe_ticket_show_not_going":false,"_tribe_ticket_use_global_stock":"","_tribe_ticket_global_stock_level":"","_global_stock_mode":"","_global_stock_cap":"","_tribe_rsvp_for_event":"","_tribe_ticket_going_count":"","_tribe_ticket_not_going_count":"","_tribe_tickets_list":"[]","_tribe_ticket_has_attendee_info_fields":false,"footnotes":"","_tec_slr_enabled":"","_tec_slr_layout":""},"class_list":["post-4968","page","type-page","status-publish","has-post-thumbnail","hentry"],"aioseo_notices":[],"ticketed":false,"_links":{"self":[{"href":"https:\/\/www.calviabeach.com\/it\/wp-json\/wp\/v2\/pages\/4968","targetHints":{"allow":["GET"]}}],"collection":[{"href":"https:\/\/www.calviabeach.com\/it\/wp-json\/wp\/v2\/pages"}],"about":[{"href":"https:\/\/www.calviabeach.com\/it\/wp-json\/wp\/v2\/types\/page"}],"author":[{"embeddable":true,"href":"https:\/\/www.calviabeach.com\/it\/wp-json\/wp\/v2\/users\/1"}],"replies":[{"embeddable":true,"href":"https:\/\/www.calviabeach.com\/it\/wp-json\/wp\/v2\/comments?post=4968"}],"version-history":[{"count":0,"href":"https:\/\/www.calviabeach.com\/it\/wp-json\/wp\/v2\/pages\/4968\/revisions"}],"up":[{"embeddable":true,"href":"https:\/\/www.calviabeach.com\/it\/wp-json\/wp\/v2\/pages\/4924"}],"wp:featuredmedia":[{"embeddable":true,"href":"https:\/\/www.calviabeach.com\/it\/wp-json\/wp\/v2\/media\/28560"}],"wp:attachment":[{"href":"https:\/\/www.calviabeach.com\/it\/wp-json\/wp\/v2\/media?parent=4968"}],"curies":[{"name":"wp","href":"https:\/\/api.w.org\/{rel}","templated":true}]}}