{"id":19268,"date":"2023-07-24T11:27:29","date_gmt":"2023-07-24T11:27:29","guid":{"rendered":"https:\/\/www.calviabeach.com\/?page_id=19268"},"modified":"2024-11-25T00:56:40","modified_gmt":"2024-11-25T08:56:40","slug":"cala-fornells","status":"publish","type":"page","link":"https:\/\/www.calviabeach.com\/it\/cala-fornells\/","title":{"rendered":"Cala Fornells"},"content":{"rendered":"<div data-elementor-type=\"wp-page\" data-elementor-id=\"19268\" class=\"elementor elementor-19268\" data-elementor-post-type=\"page\">\n\t\t\t\t<div class=\"elementor-element elementor-element-1fe88a5 e-flex e-con-boxed e-con e-parent\" data-id=\"1fe88a5\" data-element_type=\"container\" data-e-type=\"container\">\n\t\t\t\t\t<div class=\"e-con-inner\">\n\t\t<div class=\"elementor-element elementor-element-9e32f62 e-flex e-con-boxed e-con e-child\" data-id=\"9e32f62\" data-element_type=\"container\" data-e-type=\"container\">\n\t\t\t\t\t<div class=\"e-con-inner\">\n\t\t\t\t<div class=\"elementor-element elementor-element-95e2988 elementor-widget elementor-widget-text-editor\" data-id=\"95e2988\" data-element_type=\"widget\" data-e-type=\"widget\" data-settings=\"{&quot;wdt_animation_effect&quot;:&quot;none&quot;}\" data-widget_type=\"text-editor.default\">\n\t\t\t\t<div class=\"elementor-widget-container\">\n\t\t\t\t\t\t\t\t\t<h2>Cala Fornells \u2013 Una serena fuga sulla costa a Maiorca<\/h2><p>Benvenuti a Cala Fornells, un tesoro nascosto nella pittoresca isola di Maiorca, in Spagna. Questo incantevole villaggio costiero offre una bellezza serena e incontaminata, perfetta per chi cerca una fuga tranquilla e rilassante dal caos del mondo.<\/p><h3>Bellezza naturale incontaminata<\/h3><p>Cala Fornells \u00e8 nota per le sue spiagge incontaminate con sabbia soffice e acque cristalline, che creano un ambiente idilliaco per gli amanti della spiaggia e degli appassionati dell&#039;acqua. L&#039;atmosfera tranquilla e l&#039;ambiente incontaminato lo rendono un luogo ideale per lo snorkeling ed esplorare la vivace vita marina sotto la superficie.<\/p><h3>Esilaranti tour in auto di formula<\/h3><p>Per chi cerca l&#039;avventura, Cala Fornells offre emozionanti tour in Formula Car che promettono un&#039;esperienza indimenticabile. Senti la scarica di adrenalina mentre percorri le strade panoramiche di Maiorca, ammirando i panorami costieri mozzafiato lungo il percorso. Questa attivit\u00e0 aggiunger\u00e0 sicuramente eccitazione e avventura alla tua vacanza.<\/p><h3>Hotel affascinanti e gente amichevole<\/h3><p>Il villaggio di Cala Fornells vanta una selezione di hotel di charme che offrono un soggiorno rilassante e confortevole. Goditi la calorosa ospitalit\u00e0 e un servizio eccellente mentre ti immergi nella tranquillit\u00e0 di questo bellissimo rifugio costiero. La gente del posto qui \u00e8 nota per il suo comportamento amichevole e la sua natura accogliente, che fanno sentire i visitatori a casa durante il loro soggiorno.<\/p><h3>Gite di un giorno e attrazioni nelle vicinanze<\/h3><p>Sebbene Cala Fornells sia un&#039;oasi di pace, \u00e8 anche convenientemente situata vicino a numerose attrazioni famose. Fai una gita di un giorno per esplorare le citt\u00e0 vicine come Peguera, Calvia e Puerto Andratx, ognuna delle quali offre esperienze uniche e delizie culturali. Non perdere l&#039;occasione di visitare il Western Water Park, il Katmandu Park o la splendida spiaggia di Magaluf durante il tuo soggiorno.<\/p><h3>Un rifugio perfetto per il romanticismo<\/h3><p>La bellezza incontaminata e la tranquillit\u00e0 di Cala Fornells la rendono una destinazione ideale per le coppie in cerca di una fuga romantica. Le spiagge appartate, i tramonti pittoreschi e l&#039;atmosfera intima creano un&#039;esperienza indimenticabile per chi \u00e8 alla ricerca di romanticismo e relax.<\/p><h3>Pianifica la tua avventura a Cala Fornells<\/h3><p>Cala Fornells ti aspetta con il suo fascino naturale e il suo fascino tranquillo. Sia che tu voglia rilassarti su spiagge incontaminate, dedicarti ad avventure emozionanti o semplicemente immergerti nella bellezza della natura, Cala Fornells promette un&#039;esperienza rigenerante per ogni viaggiatore.<\/p>\t\t\t\t\t\t\t\t<\/div>\n\t\t\t\t<\/div>\n\t\t\t\t\t<\/div>\n\t\t\t\t<\/div>\n\t\t\t\t\t<\/div>\n\t\t\t\t<\/div>\n\t\t\t\t<\/div>","protected":false},"excerpt":{"rendered":"<p>Cala Fornells &#8211; A Serene Coastal Escape in Mallorca Welcome to Cala Fornells, a hidden gem tucked away on the picturesque island of Mallorca, Spain. This enchanting coastal village offers [&hellip;]<\/p>\n","protected":false},"author":1,"featured_media":0,"parent":0,"menu_order":0,"comment_status":"closed","ping_status":"closed","template":"","meta":{"source_url":"","source_name":"","published_at":"","ai_reason":"","_monsterinsights_skip_tracking":false,"_monsterinsights_sitenote_active":false,"_monsterinsights_sitenote_note":"","_monsterinsights_sitenote_category":0,"_price":"","_stock":"","_tribe_ticket_header":"","_tribe_default_ticket_provider":"","_tribe_ticket_capacity":"0","_ticket_start_date":"","_ticket_end_date":"","_tribe_ticket_show_description":"","_tribe_ticket_show_not_going":false,"_tribe_ticket_use_global_stock":"","_tribe_ticket_global_stock_level":"","_global_stock_mode":"","_global_stock_cap":"","_tribe_rsvp_for_event":"","_tribe_ticket_going_count":"","_tribe_ticket_not_going_count":"","_tribe_tickets_list":"[]","_tribe_ticket_has_attendee_info_fields":false,"footnotes":"","_tec_slr_enabled":"","_tec_slr_layout":""},"class_list":["post-19268","page","type-page","status-publish","has-post-thumbnail","hentry"],"aioseo_notices":[],"ticketed":false,"_links":{"self":[{"href":"https:\/\/www.calviabeach.com\/it\/wp-json\/wp\/v2\/pages\/19268","targetHints":{"allow":["GET"]}}],"collection":[{"href":"https:\/\/www.calviabeach.com\/it\/wp-json\/wp\/v2\/pages"}],"about":[{"href":"https:\/\/www.calviabeach.com\/it\/wp-json\/wp\/v2\/types\/page"}],"author":[{"embeddable":true,"href":"https:\/\/www.calviabeach.com\/it\/wp-json\/wp\/v2\/users\/1"}],"replies":[{"embeddable":true,"href":"https:\/\/www.calviabeach.com\/it\/wp-json\/wp\/v2\/comments?post=19268"}],"version-history":[{"count":0,"href":"https:\/\/www.calviabeach.com\/it\/wp-json\/wp\/v2\/pages\/19268\/revisions"}],"wp:attachment":[{"href":"https:\/\/www.calviabeach.com\/it\/wp-json\/wp\/v2\/media?parent=19268"}],"curies":[{"name":"wp","href":"https:\/\/api.w.org\/{rel}","templated":true}]}}