{"id":13827,"date":"2023-06-08T09:57:22","date_gmt":"2023-06-08T09:57:22","guid":{"rendered":"https:\/\/www.calviabeach.com\/?page_id=13827"},"modified":"2025-10-05T13:35:50","modified_gmt":"2025-10-05T20:35:50","slug":"casino","status":"publish","type":"page","link":"https:\/\/www.calviabeach.com\/it\/casino\/","title":{"rendered":"Casino in Mallorca"},"content":{"rendered":"<div data-elementor-type=\"wp-page\" data-elementor-id=\"13827\" class=\"elementor elementor-13827\" data-elementor-post-type=\"page\">\n\t\t\t\t<div class=\"elementor-element elementor-element-db8817f e-flex e-con-boxed e-con e-parent\" data-id=\"db8817f\" data-element_type=\"container\" data-e-type=\"container\">\n\t\t\t\t\t<div class=\"e-con-inner\">\n\t\t\t\t<div class=\"elementor-element elementor-element-9d40924 elementor-widget elementor-widget-heading\" data-id=\"9d40924\" data-element_type=\"widget\" data-e-type=\"widget\" data-settings=\"{&quot;wdt_animation_effect&quot;:&quot;none&quot;}\" data-widget_type=\"heading.default\">\n\t\t\t\t<div class=\"elementor-widget-container\">\n\t\t\t\t\t<h2 class=\"elementor-heading-title elementor-size-default\">Casin\u00f2<\/h2>\t\t\t\t<\/div>\n\t\t\t\t<\/div>\n\t\t\t\t<div class=\"elementor-element elementor-element-77f8e66 elementor-widget elementor-widget-text-editor\" data-id=\"77f8e66\" data-element_type=\"widget\" data-e-type=\"widget\" data-settings=\"{&quot;wdt_animation_effect&quot;:&quot;none&quot;}\" data-widget_type=\"text-editor.default\">\n\t\t\t\t<div class=\"elementor-widget-container\">\n\t\t\t\t\t\t\t\t\t<p><i>Benvenuto a\u00a0<a href=\"https:\/\/www.casinodemallorca.com\/\" target=\"_blank\" rel=\"noopener\"><strong>Casin\u00f2 di Maiorca<\/strong><\/a>, l&#039;unico casin\u00f2 dell&#039;isola che offre un&#039;esperienza di gioco emozionante e divertente. Situati nel cuore del centro di Palma, i nostri nuovissimi locali vantano un design trendy e accattivante, incorporando le ultime tecnologie per migliorare la vostra visita.<\/i><\/p>\t\t\t\t\t\t\t\t<\/div>\n\t\t\t\t<\/div>\n\t\t\t\t<div class=\"elementor-element elementor-element-a9107c5 elementor-widget elementor-widget-text-editor\" data-id=\"a9107c5\" data-element_type=\"widget\" data-e-type=\"widget\" data-settings=\"{&quot;wdt_animation_effect&quot;:&quot;none&quot;}\" data-widget_type=\"text-editor.default\">\n\t\t\t\t<div class=\"elementor-widget-container\">\n\t\t\t\t\t\t\t\t\t<p>Con oltre 30 anni di esperienza,\u00a0<strong>Casin\u00f2 di Maiorca<\/strong>\u00a0si impegna a fornire opzioni di svago e di gioco di prim&#039;ordine ai nostri ospiti. Che tu sia un giocatore esperto o un principiante curioso, il nostro casin\u00f2 offre una variet\u00e0 di giochi per soddisfare ogni preferenza.<\/p>\t\t\t\t\t\t\t\t<\/div>\n\t\t\t\t<\/div>\n\t\t\t\t<div class=\"elementor-element elementor-element-6a95b42 elementor-widget elementor-widget-text-editor\" data-id=\"6a95b42\" data-element_type=\"widget\" data-e-type=\"widget\" data-settings=\"{&quot;wdt_animation_effect&quot;:&quot;none&quot;}\" data-widget_type=\"text-editor.default\">\n\t\t\t\t<div class=\"elementor-widget-container\">\n\t\t\t\t\t\t\t\t\t<p>Dall&#039;emozione del poker all&#039;anticipazione del blackjack e all&#039;emozione della roulette,\u00a0<strong>Casin\u00f2 di Maiorca<\/strong>\u00a0ha tutto. Presentiamo varianti di poker popolari come Texas Hold&#039;em No Limit, Omaha e Stud. I nostri tavoli da roulette sono sempre pieni di attivit\u00e0 e i nostri croupier professionisti garantiscono un&#039;esperienza di gioco autentica e divertente.<\/p>\t\t\t\t\t\t\t\t<\/div>\n\t\t\t\t<\/div>\n\t\t\t\t<div class=\"elementor-element elementor-element-46ec5f4 elementor-widget elementor-widget-text-editor\" data-id=\"46ec5f4\" data-element_type=\"widget\" data-e-type=\"widget\" data-settings=\"{&quot;wdt_animation_effect&quot;:&quot;none&quot;}\" data-widget_type=\"text-editor.default\">\n\t\t\t\t<div class=\"elementor-widget-container\">\n\t\t\t\t\t\t\t\t\t<p>Oltre alle nostre offerte di gioco, siamo orgogliosi del nostro design eccezionale e dell&#039;ambiente piacevole. Quando la fame si fa sentire, il ristorante del nostro casin\u00f2 \u00e8 pronto a servirti con una discreta gamma di piatti, offrendoti una deliziosa esperienza culinaria. La nostra caffetteria, situata nella sala slot machine, offre diverse varianti di caff\u00e8 e piccoli snack durante tutto il giorno e la notte.<\/p>\t\t\t\t\t\t\t\t<\/div>\n\t\t\t\t<\/div>\n\t\t\t\t\t<\/div>\n\t\t\t\t<\/div>\n\t\t<div class=\"elementor-element elementor-element-0cce92c e-flex e-con-boxed e-con e-parent\" data-id=\"0cce92c\" data-element_type=\"container\" data-e-type=\"container\">\n\t\t\t\t\t<div class=\"e-con-inner\">\n\t\t\t\t<div class=\"elementor-element elementor-element-7653a97 elementor-widget elementor-widget-text-editor\" data-id=\"7653a97\" data-element_type=\"widget\" data-e-type=\"widget\" data-settings=\"{&quot;wdt_animation_effect&quot;:&quot;none&quot;}\" data-widget_type=\"text-editor.default\">\n\t\t\t\t<div class=\"elementor-widget-container\">\n\t\t\t\t\t\t\t\t\t<p><strong>Casin\u00f2 di Maiorca<\/strong>\u00a0\u00e8 situato in posizione strategica a Porto Pi Centro, vicino all&#039;omonimo centro commerciale e al porto. Si prega di notare che esiste un codice di abbigliamento e ci si aspetta che i visitatori si vestano in modo elegante ma casual. Ci impegniamo a fornire un ambiente accogliente per tutti i nostri ospiti.<\/p>\t\t\t\t\t\t\t\t<\/div>\n\t\t\t\t<\/div>\n\t\t\t\t\t<\/div>\n\t\t\t\t<\/div>\n\t\t<div class=\"elementor-element elementor-element-0be656d e-flex e-con-boxed e-con e-parent\" data-id=\"0be656d\" data-element_type=\"container\" data-e-type=\"container\">\n\t\t\t\t\t<div class=\"e-con-inner\">\n\t\t<div class=\"elementor-element elementor-element-ca407bc e-con-full e-flex elementor-invisible e-con e-child\" data-id=\"ca407bc\" data-element_type=\"container\" data-e-type=\"container\" data-settings=\"{&quot;animation&quot;:&quot;fadeInLeft&quot;}\">\n\t\t\t\t<div class=\"elementor-element elementor-element-6cd7427 elementor-widget elementor-widget-text-editor\" data-id=\"6cd7427\" data-element_type=\"widget\" data-e-type=\"widget\" data-settings=\"{&quot;wdt_animation_effect&quot;:&quot;none&quot;}\" data-widget_type=\"text-editor.default\">\n\t\t\t\t<div class=\"elementor-widget-container\">\n\t\t\t\t\t\t\t\t\t<section>\n<p>Che tu voglia tentare la fortuna ai tavoli da gioco, concederti una cucina deliziosa o semplicemente goderti l&#039;atmosfera vivace, il Casin\u00f2 di Maiorca offre un&#039;esperienza indimenticabile sia per la gente del posto che per i visitatori.<\/p>\n<p>Prova l&#039;emozione di\u00a0<strong>Casin\u00f2 di Maiorca<\/strong>\u00a0e scopri perch\u00e9 \u00e8 una destinazione imperdibile per chi cerca intrattenimento e gioco a Maiorca.\u201d<\/p>\n<p>https:\/\/www.casinodemallorca.com\/<\/p>\n<div>\n<p><strong>Centro Commerciale Porto Pi<\/strong><br \/>Avda. Gabriele Roca, 54 anni<br \/>07015 Palma di Maiorca<\/p>\n<p><u><strong><a href=\"https:\/\/www.google.es\/maps\/place\/Casino+de+Mallorca\/@39.5513141,2.6182577,17z\/data=!3m2!4b1!5s0x129792085e3ad755:0x9265baabb9af44e8!4m5!3m4!1s0x12979208423eb22f:0x4735b3268a8bbd3e!8m2!3d39.5513141!4d2.6204464\" target=\"blank\">Visualizza su Google Maps<\/a><\/strong><\/u><\/p>\n<h6>Orari<\/h6>\n<div>\n<p>Aperto tutti i giorni, Apertura: 10:00<br \/>Chiusura:<\/p>\n<ul>\n<li>Luned\u00ec, marted\u00ec, mercoled\u00ec, gioved\u00ec e domenica 03:00<\/li>\n<li>Venerd\u00ec e sabato 04:00<\/li>\n<\/ul>\n<\/div>\n<\/div>\n<\/section>\t\t\t\t\t\t\t\t<\/div>\n\t\t\t\t<\/div>\n\t\t\t\t<\/div>\n\t\t<div class=\"elementor-element elementor-element-cda8b47 e-con-full e-flex elementor-invisible e-con e-child\" data-id=\"cda8b47\" data-element_type=\"container\" data-e-type=\"container\" data-settings=\"{&quot;animation&quot;:&quot;fadeInRight&quot;}\">\n\t\t\t\t<div class=\"elementor-element elementor-element-af028c1 elementor-widget elementor-widget-image\" data-id=\"af028c1\" data-element_type=\"widget\" data-e-type=\"widget\" data-settings=\"{&quot;wdt_animation_effect&quot;:&quot;none&quot;}\" data-widget_type=\"image.default\">\n\t\t\t\t<div class=\"elementor-widget-container\">\n\t\t\t\t\t\t\t\t\t\t\t\t\t\t\t<img fetchpriority=\"high\" decoding=\"async\" width=\"768\" height=\"768\" src=\"https:\/\/www.calviabeach.com\/wp-content\/uploads\/2024\/06\/Casino123-300x300-1-768x768.png\" class=\"attachment-medium_large size-medium_large wp-image-27960\" alt=\"Casino Mallorca, Majorca, near Calvia Beach\" srcset=\"https:\/\/www.calviabeach.com\/wp-content\/uploads\/2024\/06\/Casino123-300x300-1-768x768.png 768w, https:\/\/www.calviabeach.com\/wp-content\/uploads\/2024\/06\/Casino123-300x300-1.png 300w, https:\/\/www.calviabeach.com\/wp-content\/uploads\/2024\/06\/Casino123-300x300-1-1024x1024.png 1024w, https:\/\/www.calviabeach.com\/wp-content\/uploads\/2024\/06\/Casino123-300x300-1-150x150.png 150w, https:\/\/www.calviabeach.com\/wp-content\/uploads\/2024\/06\/Casino123-300x300-1-1536x1536.png 1536w, https:\/\/www.calviabeach.com\/wp-content\/uploads\/2024\/06\/Casino123-300x300-1-2048x2048.png 2048w, https:\/\/www.calviabeach.com\/wp-content\/uploads\/2024\/06\/Casino123-300x300-1-1000x1000.png 1000w, https:\/\/www.calviabeach.com\/wp-content\/uploads\/2024\/06\/Casino123-300x300-1-100x100.png 100w\" sizes=\"(max-width: 768px) 100vw, 768px\" \/>\t\t\t\t\t\t\t\t\t\t\t\t\t\t\t<\/div>\n\t\t\t\t<\/div>\n\t\t\t\t<\/div>\n\t\t\t\t\t<\/div>\n\t\t\t\t<\/div>\n\t\t\t\t<section class=\"elementor-section elementor-top-section elementor-element elementor-element-21de6d4 elementor-section-boxed elementor-section-height-default elementor-section-height-default\" data-id=\"21de6d4\" data-element_type=\"section\" data-e-type=\"section\" data-settings=\"{&quot;wdt_bg_image&quot;:{&quot;url&quot;:&quot;&quot;,&quot;id&quot;:&quot;&quot;,&quot;size&quot;:&quot;&quot;},&quot;wdt_bg_image_widescreen&quot;:{&quot;url&quot;:&quot;&quot;,&quot;id&quot;:&quot;&quot;,&quot;size&quot;:&quot;&quot;},&quot;wdt_bg_image_laptop&quot;:{&quot;url&quot;:&quot;&quot;,&quot;id&quot;:&quot;&quot;,&quot;size&quot;:&quot;&quot;},&quot;wdt_bg_image_tablet_extra&quot;:{&quot;url&quot;:&quot;&quot;,&quot;id&quot;:&quot;&quot;,&quot;size&quot;:&quot;&quot;},&quot;wdt_bg_image_tablet&quot;:{&quot;url&quot;:&quot;&quot;,&quot;id&quot;:&quot;&quot;,&quot;size&quot;:&quot;&quot;},&quot;wdt_bg_image_mobile_extra&quot;:{&quot;url&quot;:&quot;&quot;,&quot;id&quot;:&quot;&quot;,&quot;size&quot;:&quot;&quot;},&quot;wdt_bg_image_mobile&quot;:{&quot;url&quot;:&quot;&quot;,&quot;id&quot;:&quot;&quot;,&quot;size&quot;:&quot;&quot;},&quot;wdt_bg_position&quot;:&quot;center center&quot;,&quot;wdt_animation_effect&quot;:&quot;none&quot;}\">\n\t\t\t\t\t\t<div class=\"elementor-container elementor-column-gap-default\">\n\t\t\t\t\t<div class=\"elementor-column elementor-col-100 elementor-top-column elementor-element elementor-element-d54c0b8\" data-id=\"d54c0b8\" data-element_type=\"column\" data-e-type=\"column\">\n\t\t\t<div class=\"elementor-widget-wrap elementor-element-populated\">\n\t\t\t\t\t\t<div class=\"elementor-element elementor-element-8070cce elementor-widget elementor-widget-text-editor\" data-id=\"8070cce\" data-element_type=\"widget\" data-e-type=\"widget\" data-settings=\"{&quot;wdt_animation_effect&quot;:&quot;none&quot;}\" data-widget_type=\"text-editor.default\">\n\t\t\t\t<div class=\"elementor-widget-container\">\n\t\t\t\t\t\t\t\t\t<h1>Casin\u00f2 Palladium di Maiorca<\/h1><p><!-- \/wp:heading --><!-- wp:paragraph --><\/p><p>Tipo di struttura: terrestre<\/p><p><!-- \/wp:paragraph --><!-- wp:heading {\"level\":4} --><\/p><h4>Opening hours for\u00a0Casino Palladium Mallorca<\/h4><p><!-- \/wp:heading --><!-- wp:paragraph --><\/p><p>ESTATE (luglio, agosto, settembre)<br \/>Dalle 20:00 alle 5:00,<\/p><p><!-- \/wp:paragraph --><!-- wp:paragraph --><\/p><p>INVERNO: dal luned\u00ec al gioved\u00ec: dalle 20:00 alle 4:00, dal venerd\u00ec al sabato: dalle 20:00 alle 5:00, domenica: dalle 15:00 alle 4:00<\/p><p><!-- \/wp:paragraph --><!-- wp:heading {\"level\":4} --><\/p><h4>Address of\u00a0Casino Palladium Mallorca<\/h4><p><!-- \/wp:heading --><!-- wp:paragraph --><\/p><p>Urb. Sol di Maiorca \u2013 Calvi\u00e0<br \/>Maiorca<br \/>Tel: +34 971 130 000 \/ +34 971 454 012<br \/>Fax: +34 971 131 465<br \/>E-mail:\u00a0<a href=\"mailto:casinomallorca@futurnet.es\">casinomallorca@futurnet.es<\/a><br \/>Sito web:\u00a0<a href=\"http:\/\/www.casinodemallorca.com\/\">www.casinodemallorca.com<\/a><\/p><p><!-- \/wp:paragraph --><!-- wp:heading {\"level\":3} --><\/p><h3>Casino games available at\u00a0Casino Palladium Mallorca<\/h3><p><!-- \/wp:heading --><!-- wp:list --><\/p><ul><li>Slot<\/li><li>Schifezze<\/li><li>Blackjack<\/li><li>Roulette americana<\/li><li>Casin\u00f2<\/li><li>Stud-Poker<\/li><\/ul><p><!-- \/wp:list --><!-- wp:heading {\"level\":3} --><\/p><h3>Features of\u00a0Casino Palladium Mallorca<\/h3><p><!-- \/wp:heading --><!-- wp:list --><\/p><ul><li>Spazio per convegni e riunioni<\/li><li>capienza totale per 2.800 persone nelle varie sale, compresa la Sala Palladium che ne contiene 1.700<\/li><li>Biglietto d&#039;ingresso<\/li><li>Documento d&#039;identit\u00e0\/passaporto richiesto<\/li><li>Et\u00e0 minima: 18 anni<\/li><li>Aeroporto vicino: Palma, a 5 km<\/li><li>Showroom<\/li><li>Ristorante L&#039;Aixada (Internazionale)<\/li><li>Paninoteca<\/li><li>Il Casin\u00f2 Paladium Maiorca ti offre l&#039;opportunit\u00e0 di bere un drink o un pasto delizioso mentre ti godi uno spettacolo internazionale.<\/li><\/ul><p><!-- \/wp:list --><!-- wp:heading {\"level\":1} --><\/p><h1>\u00a0<\/h1><p><!-- \/wp:heading --><!-- wp:heading {\"level\":1} --><\/p><h1>Casin\u00f2 di Maiorca<\/h1><p><!-- \/wp:heading --><!-- wp:paragraph --><\/p><p>Tipo di struttura: Terrestre, 16.500 piedi quadrati<\/p><p><!-- \/wp:paragraph --><!-- wp:heading {\"level\":4} --><\/p><h4>Opening hours for\u00a0Casino de Mallorca<\/h4><p><!-- \/wp:heading --><!-- wp:paragraph --><\/p><p>19:00-4:00 fine settimana, 19:00-5:00 fine settimana\/festivi<\/p><p><!-- \/wp:paragraph --><!-- wp:heading {\"level\":4} --><\/p><h4>Indirizzo del Casin\u00f2 di Maiorca<\/h4><p><!-- \/wp:heading --><!-- wp:paragraph --><\/p><p>Urbanizzazione Sol de Maiorca<br \/>Isole Baleari<br \/>Costa di Calvi\u00e0<br \/>07184 Maiorca<br \/>Tel: +34 971 130 000<br \/>Fax: +34 971 131 465<\/p><p><!-- \/wp:paragraph --><!-- wp:heading {\"level\":3} --><\/p><h3>Giochi da casin\u00f2 disponibili al Casin\u00f2 di Maiorca<\/h3><p><!-- \/wp:heading --><!-- wp:list --><\/p><ul><li>Slot (140)<\/li><li>Stud-Poker<\/li><li>Craps (1)<\/li><li>BlackJack (6)<\/li><li>Roulette Americana (7)<\/li><\/ul><p><!-- \/wp:list --><!-- wp:heading {\"level\":3} --><\/p><h3>Features of\u00a0 Casino de Mallorca<\/h3><p><!-- \/wp:heading --><!-- wp:list --><\/p><ul><li>Valuta: \u20ac<\/li><li>Codice di abbigliamento: abbigliamento casual<\/li><li>Centro\/Area di intrattenimento: complesso completo di intrattenimento e svago<\/li><li>Biglietto d&#039;ingresso<\/li><li>Golf<\/li><li>Palestra<\/li><li>Documento d&#039;identit\u00e0\/passaporto richiesto<\/li><li>Et\u00e0 minima di gioco 18 anni<\/li><li>Lingua parlata: spagnolo (si parla francese, inglese)<\/li><li>Discoteca<\/li><li>Casin\u00f2 Palladium di Maiorca<\/li><li>Night Club (rassegne e spettacoli internazionali)<\/li><li>Circolo dei giocatori<\/li><li>Formula 1<\/li><li>Club per grandi scommettitori<\/li><li>Piscina<\/li><li>Campo da tennis<\/li><li>Ristorante Trebol ad L&#039;Aixada (All&#039;interno)<\/li><li>Ristorante Galla Mallorca (all&#039;interno della struttura)<\/li><\/ul><p><!-- \/wp:list --><!-- wp:paragraph --><\/p><p>Calvi\u00e0 \u00e8 una delle destinazioni turistiche pi\u00f9 famose della Spagna e dista solo pochi chilometri da Palma di Maiorca, il che la rende il luogo perfetto per scoprire un&#039;isola conosciuta in tutto il mondo per la sua dolcezza\u00a0<strong>clima tutto l&#039;anno<\/strong>. Svegliatevi con splendide viste panoramiche sul Mar Mediterraneo.<\/p><p><!-- \/wp:paragraph --><!-- wp:paragraph --><\/p><p>Maiorca e il\u00a0<strong>Spiaggia Meli\u00e1 Calvi\u00e1<\/strong>\u00a0offrono la location ideale per coniugare vacanze, relax, sport, cultura e svago. Chiedi informazioni sulle attivit\u00e0 sportive, culturali e ricreative adatte a te sia all&#039;interno che all&#039;esterno dell&#039;hotel. Saremo lieti di aiutarti a rendere perfetto il tuo soggiorno a Maiorca.<\/p><p><!-- \/wp:paragraph --><!-- wp:heading {\"level\":4} --><\/p><h4>ENERGIA E DIVERTIMENTO NEL RESORT<\/h4><p><!-- \/wp:heading --><!-- wp:list --><\/p><ul><li>Attivit\u00e0 sportive per adulti: fitness, pilates, spinning, cardio box, pool bike\u2026<\/li><li>Ricco programma di eventi serali con musica dal vivo e DJ accompagnati da viste panoramiche sul mare.<\/li><li>Magnifici campi da golf nelle vicinanze \u2013 Poniente (2 km) e Bendinat (5 km).<\/li><li>Un&#039;ampia variet\u00e0 di sport acquatici, negozi, ristoranti e stabilimenti balneari con ottima musica e intrattenimento.<\/li><li>Parco tematico Katmand\u00fa (a 400 metri dall&#039;hotel) con attrazioni per tutte le et\u00e0: parco acquatico, area giochi, cinema 4D e 5D, parete da arrampicata e tanto altro divertimento. Gli ospiti dell&#039;hotel ottengono vantaggi speciali a Katmand\u00fa con il FUN PASS (chiedi maggiori dettagli all&#039;arrivo).<\/li><li>Centro di intrattenimento Wave House Mallorca con incredibili piscine con onde artificiali, bar e ristoranti proprio accanto alla spiaggia (a 250 metri dall&#039;hotel).<\/li><\/ul><p><!-- \/wp:list --><!-- wp:heading {\"level\":4} --><\/p><h4>CULTURA, INTRATTENIMENTO E TEMPO LIBERO A MAIORCA<\/h4><p><!-- \/wp:heading --><!-- wp:list --><\/p><ul><li>Visite ai principali siti storici. Chiedi in albergo.<\/li><li>Il SEU. La famosa cattedrale gotica di Maiorca e il suo museo.<\/li><li>Gli esclusivi porti turistici di Puerto Portals e Port Adriano con la loro atmosfera unica e un&#039;eccellente scelta di boutique, ristoranti e club.<\/li><li>Fondazione Pilar e Joan Mir\u00f3. Progettato da Rafael Moneo, questo museo \u00e8 il luogo in cui l&#039;artista Joan Mir\u00f3 visse e lavor\u00f2 per pi\u00f9 di trent&#039;anni fino alla sua morte nel 1983. Le mostre includono alcune delle sue opere pi\u00f9 note.<\/li><li>Es Baluard \u2013 Museo d&#039;Arte Moderna e Contemporanea di Palma.<\/li><li>Gran Casin\u00f2 di Maiorca. Tutto il divertimento e i giochi a soli 15 minuti dall&#039;hotel.\u00a0<\/li><\/ul><p><!-- \/wp:list --><\/p>\t\t\t\t\t\t\t\t<\/div>\n\t\t\t\t<\/div>\n\t\t\t\t\t<\/div>\n\t\t<\/div>\n\t\t\t\t\t<\/div>\n\t\t<\/section>\n\t\t\t\t<\/div>","protected":false},"excerpt":{"rendered":"<p>Casino Welcome to\u00a0Casino de Mallorca, the only casino on the island that offers an exciting and entertaining gaming experience. Located in the heart of downtown Palma, our brand new premises [&hellip;]<\/p>\n","protected":false},"author":1,"featured_media":32086,"parent":0,"menu_order":0,"comment_status":"closed","ping_status":"closed","template":"","meta":{"source_url":"","source_name":"","published_at":"","ai_reason":"","_monsterinsights_skip_tracking":false,"_monsterinsights_sitenote_active":false,"_monsterinsights_sitenote_note":"","_monsterinsights_sitenote_category":0,"_price":"","_stock":"","_tribe_ticket_header":"","_tribe_default_ticket_provider":"","_tribe_ticket_capacity":"0","_ticket_start_date":"","_ticket_end_date":"","_tribe_ticket_show_description":"","_tribe_ticket_show_not_going":false,"_tribe_ticket_use_global_stock":"","_tribe_ticket_global_stock_level":"","_global_stock_mode":"","_global_stock_cap":"","_tribe_rsvp_for_event":"","_tribe_ticket_going_count":"","_tribe_ticket_not_going_count":"","_tribe_tickets_list":"[]","_tribe_ticket_has_attendee_info_fields":false,"footnotes":"","_tec_slr_enabled":"","_tec_slr_layout":""},"class_list":["post-13827","page","type-page","status-publish","has-post-thumbnail","hentry"],"aioseo_notices":[],"ticketed":false,"_links":{"self":[{"href":"https:\/\/www.calviabeach.com\/it\/wp-json\/wp\/v2\/pages\/13827","targetHints":{"allow":["GET"]}}],"collection":[{"href":"https:\/\/www.calviabeach.com\/it\/wp-json\/wp\/v2\/pages"}],"about":[{"href":"https:\/\/www.calviabeach.com\/it\/wp-json\/wp\/v2\/types\/page"}],"author":[{"embeddable":true,"href":"https:\/\/www.calviabeach.com\/it\/wp-json\/wp\/v2\/users\/1"}],"replies":[{"embeddable":true,"href":"https:\/\/www.calviabeach.com\/it\/wp-json\/wp\/v2\/comments?post=13827"}],"version-history":[{"count":0,"href":"https:\/\/www.calviabeach.com\/it\/wp-json\/wp\/v2\/pages\/13827\/revisions"}],"wp:featuredmedia":[{"embeddable":true,"href":"https:\/\/www.calviabeach.com\/it\/wp-json\/wp\/v2\/media\/32086"}],"wp:attachment":[{"href":"https:\/\/www.calviabeach.com\/it\/wp-json\/wp\/v2\/media?parent=13827"}],"curies":[{"name":"wp","href":"https:\/\/api.w.org\/{rel}","templated":true}]}}