{"id":5053,"date":"2022-02-21T15:58:22","date_gmt":"2022-02-21T15:58:22","guid":{"rendered":"https:\/\/www.calviabeach.com\/?page_id=5053"},"modified":"2024-12-03T22:26:49","modified_gmt":"2024-12-04T06:26:49","slug":"time-out","status":"publish","type":"page","link":"https:\/\/www.calviabeach.com\/fr\/time-out\/","title":{"rendered":"Temps mort"},"content":{"rendered":"<div data-elementor-type=\"wp-page\" data-elementor-id=\"5053\" class=\"elementor elementor-5053\" data-elementor-post-type=\"page\">\n\t\t\t\t<div class=\"elementor-element elementor-element-0dda1aa elementor-hidden-widescreen elementor-hidden-desktop elementor-hidden-laptop elementor-hidden-tablet_extra elementor-hidden-tablet elementor-hidden-mobile_extra elementor-hidden-mobile e-flex e-con-boxed e-con e-parent\" data-id=\"0dda1aa\" data-element_type=\"container\" data-e-type=\"container\">\n\t\t\t\t\t<div class=\"e-con-inner\">\n\t\t\t\t<div class=\"elementor-element elementor-element-1037273 elementor-widget elementor-widget-text-editor\" data-id=\"1037273\" data-element_type=\"widget\" data-e-type=\"widget\" data-settings=\"{&quot;wdt_animation_effect&quot;:&quot;none&quot;}\" data-widget_type=\"text-editor.default\">\n\t\t\t\t<div class=\"elementor-widget-container\">\n\t\t\t\t\t\t\t\t\t<p>Le <strong>Temps mort<\/strong>\u00a0de Clavia Beach, votre guide pour vous d\u00e9tendre et vous ressourcer dans notre havre c\u00f4tier. Faites une pause dans l&#039;agitation quotidienne et plongez-vous dans des moments de pure d\u00e9tente et de loisirs. Profitez de retraites tranquilles au bord de la plage, offrez-vous des soins de spa apaisants ou trouvez votre zen avec des s\u00e9ances de yoga avec vue sur l&#039;oc\u00e9an. Explorez des coins douillets, des caf\u00e9s locaux anim\u00e9s et des endroits sereins parfaits pour une r\u00e9flexion tranquille ou pour se connecter avec ses proches. Qu&#039;il s&#039;agisse d&#039;une promenade paisible le long du rivage, d&#039;un coucher de soleil captivant ou simplement de savourer le rythme lent de la vie, Clavia Beach offre le cadre id\u00e9al pour rafra\u00eechir votre esprit, votre corps et votre \u00e2me. Prenez un temps d&#039;arr\u00eat et red\u00e9couvrez les joies simples de la vie<\/p>\t\t\t\t\t\t\t\t<\/div>\n\t\t\t\t<\/div>\n\t\t\t\t\t<\/div>\n\t\t\t\t<\/div>\n\t\t\t\t<section class=\"elementor-section elementor-top-section elementor-element elementor-element-da2872f elementor-section-full_width elementor-section-height-default elementor-section-height-default\" data-id=\"da2872f\" data-element_type=\"section\" data-e-type=\"section\" data-settings=\"{&quot;shape_divider_bottom&quot;:&quot;mountains&quot;,&quot;wdt_bg_image&quot;:{&quot;url&quot;:&quot;&quot;,&quot;id&quot;:&quot;&quot;,&quot;size&quot;:&quot;&quot;},&quot;wdt_bg_image_widescreen&quot;:{&quot;url&quot;:&quot;&quot;,&quot;id&quot;:&quot;&quot;,&quot;size&quot;:&quot;&quot;},&quot;wdt_bg_image_laptop&quot;:{&quot;url&quot;:&quot;&quot;,&quot;id&quot;:&quot;&quot;,&quot;size&quot;:&quot;&quot;},&quot;wdt_bg_image_tablet_extra&quot;:{&quot;url&quot;:&quot;&quot;,&quot;id&quot;:&quot;&quot;,&quot;size&quot;:&quot;&quot;},&quot;wdt_bg_image_tablet&quot;:{&quot;url&quot;:&quot;&quot;,&quot;id&quot;:&quot;&quot;,&quot;size&quot;:&quot;&quot;},&quot;wdt_bg_image_mobile_extra&quot;:{&quot;url&quot;:&quot;&quot;,&quot;id&quot;:&quot;&quot;,&quot;size&quot;:&quot;&quot;},&quot;wdt_bg_image_mobile&quot;:{&quot;url&quot;:&quot;&quot;,&quot;id&quot;:&quot;&quot;,&quot;size&quot;:&quot;&quot;},&quot;wdt_bg_position&quot;:&quot;center center&quot;,&quot;wdt_animation_effect&quot;:&quot;none&quot;}\">\n\t\t\t\t\t<div class=\"elementor-shape elementor-shape-bottom\" aria-hidden=\"true\" data-negative=\"false\">\n\t\t\t<svg xmlns=\"http:\/\/www.w3.org\/2000\/svg\" viewbox=\"0 0 1000 100\" preserveaspectratio=\"none\">\n\t<path class=\"elementor-shape-fill\" opacity=\"0.33\" d=\"M473,67.3c-203.9,88.3-263.1-34-320.3,0C66,119.1,0,59.7,0,59.7V0h1000v59.7 c0,0-62.1,26.1-94.9,29.3c-32.8,3.3-62.8-12.3-75.8-22.1C806,49.6,745.3,8.7,694.9,4.7S492.4,59,473,67.3z\"\/>\n\t<path class=\"elementor-shape-fill\" opacity=\"0.66\" d=\"M734,67.3c-45.5,0-77.2-23.2-129.1-39.1c-28.6-8.7-150.3-10.1-254,39.1 s-91.7-34.4-149.2,0C115.7,118.3,0,39.8,0,39.8V0h1000v36.5c0,0-28.2-18.5-92.1-18.5C810.2,18.1,775.7,67.3,734,67.3z\"\/>\n\t<path class=\"elementor-shape-fill\" d=\"M766.1,28.9c-200-57.5-266,65.5-395.1,19.5C242,1.8,242,5.4,184.8,20.6C128,35.8,132.3,44.9,89.9,52.5C28.6,63.7,0,0,0,0 h1000c0,0-9.9,40.9-83.6,48.1S829.6,47,766.1,28.9z\"\/>\n<\/svg>\t\t<\/div>\n\t\t\t\t\t<div class=\"elementor-container elementor-column-gap-default\">\n\t\t\t\t\t<div class=\"elementor-column elementor-col-100 elementor-top-column elementor-element elementor-element-9cef88e\" data-id=\"9cef88e\" data-element_type=\"column\" data-e-type=\"column\">\n\t\t\t<div class=\"elementor-widget-wrap elementor-element-populated\">\n\t\t\t\t\t\t<section class=\"elementor-section elementor-inner-section elementor-element elementor-element-9a79b7b elementor-section-full_width elementor-section-height-default elementor-section-height-default elementor-invisible\" data-id=\"9a79b7b\" data-element_type=\"section\" data-e-type=\"section\" data-settings=\"{&quot;animation&quot;:&quot;fadeInDown&quot;,&quot;wdt_bg_image&quot;:{&quot;url&quot;:&quot;&quot;,&quot;id&quot;:&quot;&quot;,&quot;size&quot;:&quot;&quot;},&quot;wdt_bg_image_widescreen&quot;:{&quot;url&quot;:&quot;&quot;,&quot;id&quot;:&quot;&quot;,&quot;size&quot;:&quot;&quot;},&quot;wdt_bg_image_laptop&quot;:{&quot;url&quot;:&quot;&quot;,&quot;id&quot;:&quot;&quot;,&quot;size&quot;:&quot;&quot;},&quot;wdt_bg_image_tablet_extra&quot;:{&quot;url&quot;:&quot;&quot;,&quot;id&quot;:&quot;&quot;,&quot;size&quot;:&quot;&quot;},&quot;wdt_bg_image_tablet&quot;:{&quot;url&quot;:&quot;&quot;,&quot;id&quot;:&quot;&quot;,&quot;size&quot;:&quot;&quot;},&quot;wdt_bg_image_mobile_extra&quot;:{&quot;url&quot;:&quot;&quot;,&quot;id&quot;:&quot;&quot;,&quot;size&quot;:&quot;&quot;},&quot;wdt_bg_image_mobile&quot;:{&quot;url&quot;:&quot;&quot;,&quot;id&quot;:&quot;&quot;,&quot;size&quot;:&quot;&quot;},&quot;wdt_bg_position&quot;:&quot;center center&quot;,&quot;wdt_animation_effect&quot;:&quot;none&quot;}\">\n\t\t\t\t\t\t<div class=\"elementor-container elementor-column-gap-no\">\n\t\t\t\t\t<div class=\"elementor-column elementor-col-100 elementor-inner-column elementor-element elementor-element-1934083 animated-fast elementor-invisible\" data-id=\"1934083\" data-element_type=\"column\" data-e-type=\"column\" data-settings=\"{&quot;animation&quot;:&quot;fadeInDown&quot;}\">\n\t\t\t<div class=\"elementor-widget-wrap elementor-element-populated\">\n\t\t\t\t\t\t<div class=\"elementor-element elementor-element-b4d06c6 elementor-widget__width-initial elementor-widget-tablet_extra__width-inherit elementor-widget-tablet__width-inherit center elementor-widget elementor-widget-wdt-heading\" data-id=\"b4d06c6\" data-element_type=\"widget\" data-e-type=\"widget\" data-settings=\"{&quot;wdt_animation_effect&quot;:&quot;none&quot;}\" data-widget_type=\"wdt-heading.default\">\n\t\t\t\t<div class=\"elementor-widget-container\">\n\t\t\t\t\t<div class=\"wdt-heading-holder\" id=\"wdt-heading-b4d06c6\"><h2 class=\"wdt-heading-title-wrapper wdt-heading-align-center wdt-heading-deco-wrapper\"><span class=\"wdt-heading-title\">Des plages relaxantes aux villes charmantes, en passant par l&#039;aventure et la vie nocturne, cette ville c\u00f4ti\u00e8re espagnole a tout pour plaire.<\/span><\/h2><\/div>\t\t\t\t<\/div>\n\t\t\t\t<\/div>\n\t\t\t\t\t<\/div>\n\t\t<\/div>\n\t\t\t\t\t<\/div>\n\t\t<\/section>\n\t\t\t\t\t<\/div>\n\t\t<\/div>\n\t\t\t\t\t<\/div>\n\t\t<\/section>\n\t\t<div class=\"elementor-element elementor-element-28ac98e e-flex e-con-boxed e-con e-parent\" data-id=\"28ac98e\" data-element_type=\"container\" data-e-type=\"container\" data-settings=\"{&quot;shape_divider_top&quot;:&quot;mountains&quot;}\">\n\t\t\t\t\t<div class=\"e-con-inner\">\n\t\t\t\t<div class=\"elementor-shape elementor-shape-top\" aria-hidden=\"true\" data-negative=\"false\">\n\t\t\t<svg xmlns=\"http:\/\/www.w3.org\/2000\/svg\" viewbox=\"0 0 1000 100\" preserveaspectratio=\"none\">\n\t<path class=\"elementor-shape-fill\" opacity=\"0.33\" d=\"M473,67.3c-203.9,88.3-263.1-34-320.3,0C66,119.1,0,59.7,0,59.7V0h1000v59.7 c0,0-62.1,26.1-94.9,29.3c-32.8,3.3-62.8-12.3-75.8-22.1C806,49.6,745.3,8.7,694.9,4.7S492.4,59,473,67.3z\"\/>\n\t<path class=\"elementor-shape-fill\" opacity=\"0.66\" d=\"M734,67.3c-45.5,0-77.2-23.2-129.1-39.1c-28.6-8.7-150.3-10.1-254,39.1 s-91.7-34.4-149.2,0C115.7,118.3,0,39.8,0,39.8V0h1000v36.5c0,0-28.2-18.5-92.1-18.5C810.2,18.1,775.7,67.3,734,67.3z\"\/>\n\t<path class=\"elementor-shape-fill\" d=\"M766.1,28.9c-200-57.5-266,65.5-395.1,19.5C242,1.8,242,5.4,184.8,20.6C128,35.8,132.3,44.9,89.9,52.5C28.6,63.7,0,0,0,0 h1000c0,0-9.9,40.9-83.6,48.1S829.6,47,766.1,28.9z\"\/>\n<\/svg>\t\t<\/div>\n\t\t<div class=\"elementor-element elementor-element-b897850 e-con-full e-flex e-con e-child\" data-id=\"b897850\" data-element_type=\"container\" data-e-type=\"container\">\n\t\t\t\t<div class=\"elementor-element elementor-element-0e219f3 cardbox elementor-position-top elementor-widget-mobile_extra__width-inherit elementor-position-top elementor-widget elementor-widget-image-box\" data-id=\"0e219f3\" data-element_type=\"widget\" data-e-type=\"widget\" data-settings=\"{&quot;wdt_animation_effect&quot;:&quot;none&quot;}\" data-widget_type=\"image-box.default\">\n\t\t\t\t<div class=\"elementor-widget-container\">\n\t\t\t\t\t<div class=\"elementor-image-box-wrapper\"><figure class=\"elementor-image-box-img\"><a href=\"https:\/\/www.calviabeach.com\/gastronomic-gateway\/restaurants\/\" tabindex=\"-1\"><img fetchpriority=\"high\" decoding=\"async\" width=\"768\" height=\"526\" src=\"https:\/\/www.calviabeach.com\/wp-content\/uploads\/2023\/06\/Melia_Calvia_Beach-Calvia_-_Magaluf-Aussenansicht-1-11826-1-768x526.jpg\" class=\"attachment-medium_large size-medium_large wp-image-14084\" alt=\"\" srcset=\"https:\/\/www.calviabeach.com\/wp-content\/uploads\/2023\/06\/Melia_Calvia_Beach-Calvia_-_Magaluf-Aussenansicht-1-11826-1-768x526.jpg 768w, https:\/\/www.calviabeach.com\/wp-content\/uploads\/2023\/06\/Melia_Calvia_Beach-Calvia_-_Magaluf-Aussenansicht-1-11826-1-1000x684.jpg 1000w, https:\/\/www.calviabeach.com\/wp-content\/uploads\/2023\/06\/Melia_Calvia_Beach-Calvia_-_Magaluf-Aussenansicht-1-11826-1-18x12.jpg 18w\" sizes=\"(max-width: 768px) 100vw, 768px\" \/><\/a><\/figure><div class=\"elementor-image-box-content\"><h2 class=\"elementor-image-box-title\"><a href=\"https:\/\/www.calviabeach.com\/gastronomic-gateway\/restaurants\/\">Restaurants<\/a><\/h2><p class=\"elementor-image-box-description\"><a class=\"custom-btn\" href=\"https:\/\/www.calviabeach.com\/gastronomic-gateway\/restaurants\/\">\nVoir\n<\/a><\/p><\/div><\/div>\t\t\t\t<\/div>\n\t\t\t\t<\/div>\n\t\t\t\t<\/div>\n\t\t<div class=\"elementor-element elementor-element-375ecf0 e-con-full e-flex e-con e-child\" data-id=\"375ecf0\" data-element_type=\"container\" data-e-type=\"container\">\n\t\t\t\t<div class=\"elementor-element elementor-element-7f31f28 cardbox elementor-widget-mobile_extra__width-inherit elementor-position-top elementor-widget elementor-widget-image-box\" data-id=\"7f31f28\" data-element_type=\"widget\" data-e-type=\"widget\" data-settings=\"{&quot;wdt_animation_effect&quot;:&quot;none&quot;}\" data-widget_type=\"image-box.default\">\n\t\t\t\t<div class=\"elementor-widget-container\">\n\t\t\t\t\t<div class=\"elementor-image-box-wrapper\"><figure class=\"elementor-image-box-img\"><a href=\"https:\/\/www.calviabeach.com\/beach-restaurants\/\" tabindex=\"-1\"><img decoding=\"async\" width=\"768\" height=\"512\" src=\"https:\/\/www.calviabeach.com\/wp-content\/uploads\/2024\/04\/Las-terrazas-de-Bendinat.jpg\" class=\"attachment-medium_large size-medium_large wp-image-21787\" alt=\"\" srcset=\"https:\/\/www.calviabeach.com\/wp-content\/uploads\/2024\/04\/Las-terrazas-de-Bendinat.jpg 768w, https:\/\/www.calviabeach.com\/wp-content\/uploads\/2024\/04\/Las-terrazas-de-Bendinat-1000x666.jpg 1000w, https:\/\/www.calviabeach.com\/wp-content\/uploads\/2024\/04\/Las-terrazas-de-Bendinat-18x12.jpg 18w\" sizes=\"(max-width: 768px) 100vw, 768px\" \/><\/a><\/figure><div class=\"elementor-image-box-content\"><h2 class=\"elementor-image-box-title\"><a href=\"https:\/\/www.calviabeach.com\/beach-restaurants\/\">Restaurants de plage<\/a><\/h2><p class=\"elementor-image-box-description\"><a class=\"custom-btn\" href=\"https:\/\/www.calviabeach.com\/beach-restaurants\/\">\nVoir\n<\/a><\/p><\/div><\/div>\t\t\t\t<\/div>\n\t\t\t\t<\/div>\n\t\t\t\t<\/div>\n\t\t<div class=\"elementor-element elementor-element-67c33e5 e-con-full e-flex e-con e-child\" data-id=\"67c33e5\" data-element_type=\"container\" data-e-type=\"container\">\n\t\t\t\t<div class=\"elementor-element elementor-element-32b7525 cardbox elementor-widget-mobile_extra__width-inherit elementor-position-top elementor-widget elementor-widget-image-box\" data-id=\"32b7525\" data-element_type=\"widget\" data-e-type=\"widget\" data-settings=\"{&quot;wdt_animation_effect&quot;:&quot;none&quot;}\" data-widget_type=\"image-box.default\">\n\t\t\t\t<div class=\"elementor-widget-container\">\n\t\t\t\t\t<div class=\"elementor-image-box-wrapper\"><figure class=\"elementor-image-box-img\"><a href=\"https:\/\/www.calviabeach.com\/time-out\/clubs\" tabindex=\"-1\"><img decoding=\"async\" width=\"768\" height=\"512\" src=\"https:\/\/www.calviabeach.com\/wp-content\/uploads\/2024\/04\/clubs.jpg\" class=\"attachment-medium_large size-medium_large wp-image-22453\" alt=\"\" srcset=\"https:\/\/www.calviabeach.com\/wp-content\/uploads\/2024\/04\/clubs.jpg 768w, https:\/\/www.calviabeach.com\/wp-content\/uploads\/2024\/04\/clubs-1000x666.jpg 1000w, https:\/\/www.calviabeach.com\/wp-content\/uploads\/2024\/04\/clubs-18x12.jpg 18w\" sizes=\"(max-width: 768px) 100vw, 768px\" \/><\/a><\/figure><div class=\"elementor-image-box-content\"><h2 class=\"elementor-image-box-title\"><a href=\"https:\/\/www.calviabeach.com\/time-out\/clubs\">Clubs<\/a><\/h2><p class=\"elementor-image-box-description\"><a class=\"custom-btn\" href=\"https:\/\/www.calviabeach.com\/time-out\/clubs\">\nVoir\n<\/a><\/p><\/div><\/div>\t\t\t\t<\/div>\n\t\t\t\t<\/div>\n\t\t\t\t<\/div>\n\t\t<div class=\"elementor-element elementor-element-0aeb36b e-con-full e-flex e-con e-child\" data-id=\"0aeb36b\" data-element_type=\"container\" data-e-type=\"container\">\n\t\t\t\t<div class=\"elementor-element elementor-element-a4858d3 cardbox elementor-position-top elementor-widget elementor-widget-image-box\" data-id=\"a4858d3\" data-element_type=\"widget\" data-e-type=\"widget\" data-settings=\"{&quot;wdt_animation_effect&quot;:&quot;none&quot;}\" data-widget_type=\"image-box.default\">\n\t\t\t\t<div class=\"elementor-widget-container\">\n\t\t\t\t\t<div class=\"elementor-image-box-wrapper\"><figure class=\"elementor-image-box-img\"><a href=\"https:\/\/www.calviabeach.com\/time-out\/lounge-bars-and-night-life\" tabindex=\"-1\"><img loading=\"lazy\" decoding=\"async\" width=\"1024\" height=\"1024\" src=\"https:\/\/www.calviabeach.com\/wp-content\/uploads\/2024\/04\/purobeach-palma-1024x1024.jpg\" class=\"attachment-large size-large wp-image-21785\" alt=\"purobeach palma\" srcset=\"https:\/\/www.calviabeach.com\/wp-content\/uploads\/2024\/04\/purobeach-palma-1024x1024.jpg 1024w, https:\/\/www.calviabeach.com\/wp-content\/uploads\/2024\/04\/purobeach-palma-1000x1000.jpg 1000w, https:\/\/www.calviabeach.com\/wp-content\/uploads\/2024\/04\/purobeach-palma-100x100.jpg 100w, https:\/\/www.calviabeach.com\/wp-content\/uploads\/2024\/04\/purobeach-palma-300x300.jpg 300w, https:\/\/www.calviabeach.com\/wp-content\/uploads\/2024\/04\/purobeach-palma-150x150.jpg 150w, https:\/\/www.calviabeach.com\/wp-content\/uploads\/2024\/04\/purobeach-palma-60x60.jpg 60w, https:\/\/www.calviabeach.com\/wp-content\/uploads\/2024\/04\/purobeach-palma-1536x1536.jpg 1536w, https:\/\/www.calviabeach.com\/wp-content\/uploads\/2024\/04\/purobeach-palma-2048x2048.jpg 2048w\" sizes=\"(max-width: 1024px) 100vw, 1024px\" \/><\/a><\/figure><div class=\"elementor-image-box-content\"><h2 class=\"elementor-image-box-title\"><a href=\"https:\/\/www.calviabeach.com\/time-out\/lounge-bars-and-night-life\">Bars Lounge - Vie nocturne<\/a><\/h2><p class=\"elementor-image-box-description\"><a class=\"custom-btn\" href=\"https:\/\/www.calviabeach.com\/time-out\/lounge-bars-and-night-life\">\nVoir\n<\/a><\/p><\/div><\/div>\t\t\t\t<\/div>\n\t\t\t\t<\/div>\n\t\t\t\t<\/div>\n\t\t\t\t\t<\/div>\n\t\t\t\t<\/div>\n\t\t\t\t<\/div>","protected":false},"excerpt":{"rendered":"<p>The Time Out\u00a0of Clavia Beach, your guide to unwinding and rejuvenating in our coastal haven. Take a break from the everyday hustle and immerse yourself in moments of pure relaxation [&hellip;]<\/p>\n","protected":false},"author":1,"featured_media":0,"parent":0,"menu_order":0,"comment_status":"closed","ping_status":"closed","template":"","meta":{"source_url":"","source_name":"","published_at":"","ai_reason":"","_monsterinsights_skip_tracking":false,"_monsterinsights_sitenote_active":false,"_monsterinsights_sitenote_note":"","_monsterinsights_sitenote_category":0,"_price":"","_stock":"","_tribe_ticket_header":"","_tribe_default_ticket_provider":"","_tribe_ticket_capacity":"0","_ticket_start_date":"","_ticket_end_date":"","_tribe_ticket_show_description":"","_tribe_ticket_show_not_going":false,"_tribe_ticket_use_global_stock":"","_tribe_ticket_global_stock_level":"","_global_stock_mode":"","_global_stock_cap":"","_tribe_rsvp_for_event":"","_tribe_ticket_going_count":"","_tribe_ticket_not_going_count":"","_tribe_tickets_list":"[]","_tribe_ticket_has_attendee_info_fields":false,"footnotes":"","_tec_slr_enabled":"","_tec_slr_layout":""},"class_list":["post-5053","page","type-page","status-publish","has-post-thumbnail","hentry"],"aioseo_notices":[],"ticketed":false,"_links":{"self":[{"href":"https:\/\/www.calviabeach.com\/fr\/wp-json\/wp\/v2\/pages\/5053","targetHints":{"allow":["GET"]}}],"collection":[{"href":"https:\/\/www.calviabeach.com\/fr\/wp-json\/wp\/v2\/pages"}],"about":[{"href":"https:\/\/www.calviabeach.com\/fr\/wp-json\/wp\/v2\/types\/page"}],"author":[{"embeddable":true,"href":"https:\/\/www.calviabeach.com\/fr\/wp-json\/wp\/v2\/users\/1"}],"replies":[{"embeddable":true,"href":"https:\/\/www.calviabeach.com\/fr\/wp-json\/wp\/v2\/comments?post=5053"}],"version-history":[{"count":0,"href":"https:\/\/www.calviabeach.com\/fr\/wp-json\/wp\/v2\/pages\/5053\/revisions"}],"wp:attachment":[{"href":"https:\/\/www.calviabeach.com\/fr\/wp-json\/wp\/v2\/media?parent=5053"}],"curies":[{"name":"wp","href":"https:\/\/api.w.org\/{rel}","templated":true}]}}