{"id":4968,"date":"2022-02-21T15:18:04","date_gmt":"2022-02-21T15:18:04","guid":{"rendered":"https:\/\/www.calviabeach.com\/?page_id=4968"},"modified":"2025-09-23T15:18:02","modified_gmt":"2025-09-23T22:18:02","slug":"what-do-see-mallorca","status":"publish","type":"page","link":"https:\/\/www.calviabeach.com\/fr\/leisure-and-fun-activities\/what-do-see-mallorca\/","title":{"rendered":"Que faire et que voir \u00e0 Majorque ?"},"content":{"rendered":"<div data-elementor-type=\"wp-page\" data-elementor-id=\"4968\" class=\"elementor elementor-4968\" data-elementor-post-type=\"page\">\n\t\t\t\t\t\t<section class=\"elementor-section elementor-top-section elementor-element elementor-element-5f8ca93 elementor-section-boxed elementor-section-height-default elementor-section-height-default\" data-id=\"5f8ca93\" data-element_type=\"section\" data-e-type=\"section\" data-settings=\"{&quot;wdt_bg_image&quot;:{&quot;url&quot;:&quot;&quot;,&quot;id&quot;:&quot;&quot;,&quot;size&quot;:&quot;&quot;},&quot;wdt_bg_image_widescreen&quot;:{&quot;url&quot;:&quot;&quot;,&quot;id&quot;:&quot;&quot;,&quot;size&quot;:&quot;&quot;},&quot;wdt_bg_image_laptop&quot;:{&quot;url&quot;:&quot;&quot;,&quot;id&quot;:&quot;&quot;,&quot;size&quot;:&quot;&quot;},&quot;wdt_bg_image_tablet_extra&quot;:{&quot;url&quot;:&quot;&quot;,&quot;id&quot;:&quot;&quot;,&quot;size&quot;:&quot;&quot;},&quot;wdt_bg_image_tablet&quot;:{&quot;url&quot;:&quot;&quot;,&quot;id&quot;:&quot;&quot;,&quot;size&quot;:&quot;&quot;},&quot;wdt_bg_image_mobile_extra&quot;:{&quot;url&quot;:&quot;&quot;,&quot;id&quot;:&quot;&quot;,&quot;size&quot;:&quot;&quot;},&quot;wdt_bg_image_mobile&quot;:{&quot;url&quot;:&quot;&quot;,&quot;id&quot;:&quot;&quot;,&quot;size&quot;:&quot;&quot;},&quot;wdt_bg_position&quot;:&quot;center center&quot;,&quot;wdt_animation_effect&quot;:&quot;none&quot;}\">\n\t\t\t\t\t\t<div class=\"elementor-container elementor-column-gap-default\">\n\t\t\t\t\t<div class=\"elementor-column elementor-col-100 elementor-top-column elementor-element elementor-element-4704df13\" data-id=\"4704df13\" data-element_type=\"column\" data-e-type=\"column\">\n\t\t\t<div class=\"elementor-widget-wrap elementor-element-populated\">\n\t\t\t\t\t\t<div class=\"elementor-element elementor-element-1feb206 elementor-widget elementor-widget-text-editor\" data-id=\"1feb206\" data-element_type=\"widget\" data-e-type=\"widget\" data-settings=\"{&quot;wdt_animation_effect&quot;:&quot;none&quot;}\" data-widget_type=\"text-editor.default\">\n\t\t\t\t<div class=\"elementor-widget-container\">\n\t\t\t\t\t\t\t\t\t<div id=\"summary\" class=\"abc-article-summary\"><div class=\"epcl-banner textcenter mobile-grid-100 epcl-banner-single_top\"><div class=\"qodef-section-title-holder qodef-st-standard qodef-st-title-left qodef-st-normal-space qodef-st-with-border\"><div class=\"qodef-st-inner\"><h2 class=\"main-head\">Activit\u00e9s et mer \u00e0 Calvia, Majorque<\/h2><div id=\"cms-data\" class=\"cms-data-delivery main-content-cms-wrapper padding-xs clr\"><p>En ce qui concerne les sites touristiques de Calvia, il y a environ 14 plages dans cette ville. Les autres villes de Calvia sont Magaluf, Son Ferrer, Palma Nova et Santa Ponca.<\/p><ul><li>Magaluf : Orthographi\u00e9 comme Magalluf en anglais, est une station baln\u00e9aire majeure de l&#039;\u00eele de Majorque. La meilleure p\u00e9riode pour visiter cette station est en juillet et ao\u00fbt. Si vous souhaitez profiter de la vie nocturne de Calvia, Magaluf vous invite \u00e0 en profiter dans l&#039;un des nombreux bars et clubs dont dispose cet endroit.<\/li><li>Santa Ponsa : Santa Ponsa est \u00e9galement une station baln\u00e9aire de Calvia, situ\u00e9e dans la r\u00e9gion sud-ouest de Majorque. La meilleure p\u00e9riode pour visiter cette station est de mai \u00e0 octobre.<\/li><li>Jungle Parc (Santa Ponsa) : Avez-vous l&#039;instinct d&#039;aventure en vous ? Si cet instinct s\u2019est endormi, r\u00e9veillez-le de son sommeil. Venez visiter Jungle Parc o\u00f9 vous ressentirez s\u00fbrement une mont\u00e9e d&#039;adr\u00e9naline une fois que vous entrerez dans le parc.<\/li><li>Palma Nova : C&#039;est une destination artificielle sur cette \u00eele. En raison de la disponibilit\u00e9 de forfaits vacances bon march\u00e9 pour s\u00e9journer dans ses stations baln\u00e9aires, cet endroit est en train de devenir lentement l&#039;une des destinations populaires en Europe.<\/li><li>Sol Wave House (Magaluf) : Le nom de ce lieu devrait figurer dans votre liste de choses \u00e0 faire \u00e0 Calvia. Situ\u00e9e juste \u00e0 c\u00f4t\u00e9 de la plage, la Sol Wave House vous permet de vivre chaque instant des vagues sauvages de la mer en toute protection et s\u00e9curit\u00e9.<\/li><\/ul><\/div><\/div><\/div><\/div><\/div>\t\t\t\t\t\t\t\t<\/div>\n\t\t\t\t<\/div>\n\t\t<div class=\"elementor-element elementor-element-1e816ec e-flex e-con-boxed e-con e-parent\" data-id=\"1e816ec\" data-element_type=\"container\" data-e-type=\"container\">\n\t\t\t\t\t<div class=\"e-con-inner\">\n\t\t<div class=\"elementor-element elementor-element-d82b418 e-con-full e-flex e-con e-child\" data-id=\"d82b418\" data-element_type=\"container\" data-e-type=\"container\">\n\t\t\t\t<div class=\"elementor-element elementor-element-0a1ea79 elementor-widget elementor-widget-heading\" data-id=\"0a1ea79\" data-element_type=\"widget\" data-e-type=\"widget\" data-settings=\"{&quot;wdt_animation_effect&quot;:&quot;none&quot;}\" data-widget_type=\"heading.default\">\n\t\t\t\t<div class=\"elementor-widget-container\">\n\t\t\t\t\t<h2 class=\"elementor-heading-title elementor-size-default\">CHOSES \u00c0 FAIRE<\/h2>\t\t\t\t<\/div>\n\t\t\t\t<\/div>\n\t\t\t\t<\/div>\n\t\t<div class=\"elementor-element elementor-element-56a78f0 e-con-full e-flex elementor-invisible e-con e-child\" data-id=\"56a78f0\" data-element_type=\"container\" data-e-type=\"container\" data-settings=\"{&quot;animation&quot;:&quot;fadeInLeft&quot;}\">\n\t\t\t\t<div class=\"elementor-element elementor-element-31dbaad elementor-widget elementor-widget-image\" data-id=\"31dbaad\" data-element_type=\"widget\" data-e-type=\"widget\" data-settings=\"{&quot;wdt_animation_effect&quot;:&quot;none&quot;}\" data-widget_type=\"image.default\">\n\t\t\t\t<div class=\"elementor-widget-container\">\n\t\t\t\t\t\t\t\t\t\t\t\t\t\t\t<img fetchpriority=\"high\" decoding=\"async\" width=\"768\" height=\"384\" src=\"https:\/\/www.calviabeach.com\/wp-content\/uploads\/2024\/07\/EstanciasActivas1-768x384.jpg\" class=\"attachment-medium_large size-medium_large wp-image-28560\" alt=\"\" srcset=\"https:\/\/www.calviabeach.com\/wp-content\/uploads\/2024\/07\/EstanciasActivas1-768x384.jpg 768w, https:\/\/www.calviabeach.com\/wp-content\/uploads\/2024\/07\/EstanciasActivas1-1000x500.jpg 1000w, https:\/\/www.calviabeach.com\/wp-content\/uploads\/2024\/07\/EstanciasActivas1-600x300.jpg 600w, https:\/\/www.calviabeach.com\/wp-content\/uploads\/2024\/07\/EstanciasActivas1.jpg 1200w\" sizes=\"(max-width: 768px) 100vw, 768px\" \/>\t\t\t\t\t\t\t\t\t\t\t\t\t\t\t<\/div>\n\t\t\t\t<\/div>\n\t\t\t\t<\/div>\n\t\t<div class=\"elementor-element elementor-element-cb13d75 e-con-full e-flex elementor-invisible e-con e-child\" data-id=\"cb13d75\" data-element_type=\"container\" data-e-type=\"container\" data-settings=\"{&quot;animation&quot;:&quot;fadeInRight&quot;}\">\n\t\t\t\t<div class=\"elementor-element elementor-element-e392e23 elementor-widget__width-initial elementor-widget elementor-widget-text-editor\" data-id=\"e392e23\" data-element_type=\"widget\" data-e-type=\"widget\" data-settings=\"{&quot;wdt_animation_effect&quot;:&quot;none&quot;}\" data-widget_type=\"text-editor.default\">\n\t\t\t\t<div class=\"elementor-widget-container\">\n\t\t\t\t\t\t\t\t\t<p>En dehors de ces stations baln\u00e9aires, explorez le village et le magnifique littoral de Calvia.<\/p>\n<ul>\n \t<li>Plage de Paguera : C&#039;est une plage urbaine qui offre toutes sortes d&#039;activit\u00e9s sportives et de divertissement \u00e0 ses touristes.<\/li>\n \t<li>Le Prince William Pub (Palmanova) : Pour profiter de la vie nocturne de Calvia, rendez-vous dans ce pub. Nomm\u00e9 en l&#039;honneur du prince William (le fr\u00e8re du prince Harry) apr\u00e8s sa naissance en 1982, ce pub vieux de 30 ans peut \u00eatre consid\u00e9r\u00e9 comme le meilleur endroit pour se d\u00e9tendre le soir.<\/li>\n<\/ul>\n<p class=\"padding-xs\">Ci-dessous, nous avons une liste de choses \u00e0 faire \u00e0 Calvia et des endroits o\u00f9 vous souhaitez passer les meilleurs moments de votre voyage. En m\u00eame temps, la ville vous offre les meilleurs quartiers \u00e0 explorer et de nouveaux plats \u00e0 essayer.<\/p>\n<p class=\"padding-xs\">Cette liste devrait vous aider \u00e0 d\u00e9cider et \u00e0 prioriser ce que vous devez planifier lors de votre escapade \u00e0 Calvia. Trouvez un m\u00e9lange de sites touristiques incontournables, de lieux de rencontre locaux sous-estim\u00e9s et peut-\u00eatre m\u00eame de quelques nouvelles exp\u00e9riences que vous pourrez essayer.<\/p>\n<p class=\"padding-xs\">Profitez au maximum de votre voyage \u00e0 Calvia en toute confiance.<\/p>\t\t\t\t\t\t\t\t<\/div>\n\t\t\t\t<\/div>\n\t\t\t\t<\/div>\n\t\t\t\t\t<\/div>\n\t\t\t\t<\/div>\n\t\t<div class=\"elementor-element elementor-element-65cf304 e-flex e-con-boxed e-con e-parent\" data-id=\"65cf304\" data-element_type=\"container\" data-e-type=\"container\">\n\t\t\t\t\t<div class=\"e-con-inner\">\n\t\t<div class=\"elementor-element elementor-element-dbbb5c5 e-con-full e-flex e-con e-child\" data-id=\"dbbb5c5\" data-element_type=\"container\" data-e-type=\"container\">\n\t\t\t\t<div class=\"elementor-element elementor-element-ebd932a elementor-widget elementor-widget-heading\" data-id=\"ebd932a\" data-element_type=\"widget\" data-e-type=\"widget\" data-settings=\"{&quot;wdt_animation_effect&quot;:&quot;none&quot;}\" data-widget_type=\"heading.default\">\n\t\t\t\t<div class=\"elementor-widget-container\">\n\t\t\t\t\t<h2 class=\"elementor-heading-title elementor-size-default\">S&#039;amuser sur la plage<\/h2>\t\t\t\t<\/div>\n\t\t\t\t<\/div>\n\t\t\t\t<\/div>\n\t\t<div class=\"elementor-element elementor-element-2ae9a23 e-con-full e-flex elementor-invisible e-con e-child\" data-id=\"2ae9a23\" data-element_type=\"container\" data-e-type=\"container\" data-settings=\"{&quot;animation&quot;:&quot;fadeInLeft&quot;}\">\n\t\t\t\t<div class=\"elementor-element elementor-element-c806521 elementor-widget__width-initial elementor-widget elementor-widget-text-editor\" data-id=\"c806521\" data-element_type=\"widget\" data-e-type=\"widget\" data-settings=\"{&quot;wdt_animation_effect&quot;:&quot;none&quot;}\" data-widget_type=\"text-editor.default\">\n\t\t\t\t<div class=\"elementor-widget-container\">\n\t\t\t\t\t\t\t\t\t<div class=\"content-capital\"><p class=\"text-capital\">Avec 34 plages rien qu&#039;\u00e0 Calvi\u00e0, dont la magnifique plage de Magaluf \u00e0 seulement 5 minutes \u00e0 pied de l&#039;H\u00f4tel Samos, les activit\u00e9s de plage et les sports nautiques ne manquent pas tout au long de la c\u00f4te.<\/p><p>Recherchez les magasins de location proposant des \u00e9quipements tels que des planches ou proposant des cours ou des guides pour la plong\u00e9e sous-marine, le surf, le kayak de mer et le stand-up paddle (SUP). Ou prenez simplement un masque et un tuba pour observer la vie marine dans les eaux cristallines !<\/p><p>Les autres activit\u00e9s nautiques comprennent la planche \u00e0 voile et le kite surf, le jet-ski, les promenades en bateau banane, le parachute ascensionnel, le ski nautique, le wakeboard, la voile, ainsi que les exp\u00e9riences en jet boat et les excursions en bateau \u00e0 fond de verre. Il y a aussi un tournoi annuel de beach rugby \u00e0 Magaluf<\/p><\/div><div class=\"wraper-img\"><div class=\"scale-img scale-img-home\">\u00a0<\/div><\/div>\t\t\t\t\t\t\t\t<\/div>\n\t\t\t\t<\/div>\n\t\t\t\t<\/div>\n\t\t<div class=\"elementor-element elementor-element-c91d249 e-con-full e-flex elementor-invisible e-con e-child\" data-id=\"c91d249\" data-element_type=\"container\" data-e-type=\"container\" data-settings=\"{&quot;animation&quot;:&quot;fadeInRight&quot;}\">\n\t\t\t\t<div class=\"elementor-element elementor-element-b1b8306 elementor-widget elementor-widget-image\" data-id=\"b1b8306\" data-element_type=\"widget\" data-e-type=\"widget\" data-settings=\"{&quot;wdt_animation_effect&quot;:&quot;none&quot;}\" data-widget_type=\"image.default\">\n\t\t\t\t<div class=\"elementor-widget-container\">\n\t\t\t\t\t\t\t\t\t\t\t\t\t\t\t<img decoding=\"async\" width=\"768\" height=\"350\" src=\"https:\/\/www.calviabeach.com\/wp-content\/uploads\/2024\/07\/ESTANCIAS_ACTIVAS_03_DIVERSION_EN_LA_PLAYA-768x350.jpg\" class=\"attachment-medium_large size-medium_large wp-image-28559\" alt=\"\" srcset=\"https:\/\/www.calviabeach.com\/wp-content\/uploads\/2024\/07\/ESTANCIAS_ACTIVAS_03_DIVERSION_EN_LA_PLAYA-768x350.jpg 768w, https:\/\/www.calviabeach.com\/wp-content\/uploads\/2024\/07\/ESTANCIAS_ACTIVAS_03_DIVERSION_EN_LA_PLAYA-1000x456.jpg 1000w, https:\/\/www.calviabeach.com\/wp-content\/uploads\/2024\/07\/ESTANCIAS_ACTIVAS_03_DIVERSION_EN_LA_PLAYA.jpg 1140w\" sizes=\"(max-width: 768px) 100vw, 768px\" \/>\t\t\t\t\t\t\t\t\t\t\t\t\t\t\t<\/div>\n\t\t\t\t<\/div>\n\t\t\t\t<\/div>\n\t\t\t\t\t<\/div>\n\t\t\t\t<\/div>\n\t\t<div class=\"elementor-element elementor-element-0d8112a e-flex e-con-boxed e-con e-parent\" data-id=\"0d8112a\" data-element_type=\"container\" data-e-type=\"container\">\n\t\t\t\t\t<div class=\"e-con-inner\">\n\t\t<div class=\"elementor-element elementor-element-6ba7cb3 e-con-full e-flex e-con e-child\" data-id=\"6ba7cb3\" data-element_type=\"container\" data-e-type=\"container\">\n\t\t\t\t<div class=\"elementor-element elementor-element-000b1ec elementor-widget elementor-widget-heading\" data-id=\"000b1ec\" data-element_type=\"widget\" data-e-type=\"widget\" data-settings=\"{&quot;wdt_animation_effect&quot;:&quot;none&quot;}\" data-widget_type=\"heading.default\">\n\t\t\t\t<div class=\"elementor-widget-container\">\n\t\t\t\t\t<h2 class=\"elementor-heading-title elementor-size-default\">Vie nocturne \u00e0 Calvia, Majorque<\/h2>\t\t\t\t<\/div>\n\t\t\t\t<\/div>\n\t\t\t\t<\/div>\n\t\t<div class=\"elementor-element elementor-element-559d6c7 e-con-full e-flex elementor-invisible e-con e-child\" data-id=\"559d6c7\" data-element_type=\"container\" data-e-type=\"container\" data-settings=\"{&quot;animation&quot;:&quot;fadeInLeft&quot;}\">\n\t\t\t\t<div class=\"elementor-element elementor-element-6f00167 elementor-widget elementor-widget-image\" data-id=\"6f00167\" data-element_type=\"widget\" data-e-type=\"widget\" data-settings=\"{&quot;wdt_animation_effect&quot;:&quot;none&quot;}\" data-widget_type=\"image.default\">\n\t\t\t\t<div class=\"elementor-widget-container\">\n\t\t\t\t\t\t\t\t\t\t\t\t\t\t\t<img decoding=\"async\" width=\"768\" height=\"350\" src=\"https:\/\/www.calviabeach.com\/wp-content\/uploads\/2024\/07\/1-active-768x350.jpg\" class=\"attachment-medium_large size-medium_large wp-image-28558\" alt=\"\" srcset=\"https:\/\/www.calviabeach.com\/wp-content\/uploads\/2024\/07\/1-active-768x350.jpg 768w, https:\/\/www.calviabeach.com\/wp-content\/uploads\/2024\/07\/1-active-1000x456.jpg 1000w, https:\/\/www.calviabeach.com\/wp-content\/uploads\/2024\/07\/1-active.jpg 1140w\" sizes=\"(max-width: 768px) 100vw, 768px\" \/>\t\t\t\t\t\t\t\t\t\t\t\t\t\t\t<\/div>\n\t\t\t\t<\/div>\n\t\t\t\t<\/div>\n\t\t<div class=\"elementor-element elementor-element-53df30d e-con-full e-flex elementor-invisible e-con e-child\" data-id=\"53df30d\" data-element_type=\"container\" data-e-type=\"container\" data-settings=\"{&quot;animation&quot;:&quot;fadeInRight&quot;}\">\n\t\t\t\t<div class=\"elementor-element elementor-element-0d17706 elementor-widget__width-initial elementor-widget elementor-widget-text-editor\" data-id=\"0d17706\" data-element_type=\"widget\" data-e-type=\"widget\" data-settings=\"{&quot;wdt_animation_effect&quot;:&quot;none&quot;}\" data-widget_type=\"text-editor.default\">\n\t\t\t\t<div class=\"elementor-widget-container\">\n\t\t\t\t\t\t\t\t\t<p class=\"text-capital\">En plus de nombreux bars et restaurants (plus les artistes et artistes professionnels talentueux de l&#039;H\u00f4tel Samos chaque soir), il existe une vari\u00e9t\u00e9 d&#039;options de divertissement en soir\u00e9e \u00e0 Magaluf et dans les villes voisines telles que Palmanova, Santa Ponsa et Peguera.<\/p><p>De Pirates Adventure, qui propose un fantastique d\u00eener et un spectacle d&#039;acrobaties \u00e0 quelques pas de l&#039;h\u00f4tel, au Casino de Majorque, aux cin\u00e9mas, au bowling, aux th\u00e9\u00e2tres et autres lieux de Palma, vous n&#039;aurez que l&#039;embarras du choix.<\/p>\t\t\t\t\t\t\t\t<\/div>\n\t\t\t\t<\/div>\n\t\t\t\t<\/div>\n\t\t\t\t\t<\/div>\n\t\t\t\t<\/div>\n\t\t\t\t\t<\/div>\n\t\t<\/div>\n\t\t\t\t\t<\/div>\n\t\t<\/section>\n\t\t\t\t<\/div>","protected":false},"excerpt":{"rendered":"<p>What to Do and Sea in Calvia, Mallorca When it comes to tourists sites in Calvia, there are around 14 beaches in this town. The other towns Calvia includes are [&hellip;]<\/p>\n","protected":false},"author":1,"featured_media":28560,"parent":4924,"menu_order":0,"comment_status":"closed","ping_status":"closed","template":"","meta":{"source_url":"","source_name":"","published_at":"","ai_reason":"","_monsterinsights_skip_tracking":false,"_monsterinsights_sitenote_active":false,"_monsterinsights_sitenote_note":"","_monsterinsights_sitenote_category":0,"_price":"","_stock":"","_tribe_ticket_header":"","_tribe_default_ticket_provider":"","_tribe_ticket_capacity":"0","_ticket_start_date":"","_ticket_end_date":"","_tribe_ticket_show_description":"","_tribe_ticket_show_not_going":false,"_tribe_ticket_use_global_stock":"","_tribe_ticket_global_stock_level":"","_global_stock_mode":"","_global_stock_cap":"","_tribe_rsvp_for_event":"","_tribe_ticket_going_count":"","_tribe_ticket_not_going_count":"","_tribe_tickets_list":"[]","_tribe_ticket_has_attendee_info_fields":false,"footnotes":"","_tec_slr_enabled":"","_tec_slr_layout":""},"class_list":["post-4968","page","type-page","status-publish","has-post-thumbnail","hentry"],"aioseo_notices":[],"ticketed":false,"_links":{"self":[{"href":"https:\/\/www.calviabeach.com\/fr\/wp-json\/wp\/v2\/pages\/4968","targetHints":{"allow":["GET"]}}],"collection":[{"href":"https:\/\/www.calviabeach.com\/fr\/wp-json\/wp\/v2\/pages"}],"about":[{"href":"https:\/\/www.calviabeach.com\/fr\/wp-json\/wp\/v2\/types\/page"}],"author":[{"embeddable":true,"href":"https:\/\/www.calviabeach.com\/fr\/wp-json\/wp\/v2\/users\/1"}],"replies":[{"embeddable":true,"href":"https:\/\/www.calviabeach.com\/fr\/wp-json\/wp\/v2\/comments?post=4968"}],"version-history":[{"count":0,"href":"https:\/\/www.calviabeach.com\/fr\/wp-json\/wp\/v2\/pages\/4968\/revisions"}],"up":[{"embeddable":true,"href":"https:\/\/www.calviabeach.com\/fr\/wp-json\/wp\/v2\/pages\/4924"}],"wp:featuredmedia":[{"embeddable":true,"href":"https:\/\/www.calviabeach.com\/fr\/wp-json\/wp\/v2\/media\/28560"}],"wp:attachment":[{"href":"https:\/\/www.calviabeach.com\/fr\/wp-json\/wp\/v2\/media?parent=4968"}],"curies":[{"name":"wp","href":"https:\/\/api.w.org\/{rel}","templated":true}]}}