{"id":24738,"date":"2024-05-10T02:49:31","date_gmt":"2024-05-10T09:49:31","guid":{"rendered":"https:\/\/www.calviabeach.com\/?page_id=24738"},"modified":"2024-11-22T21:37:24","modified_gmt":"2024-11-23T05:37:24","slug":"calvia-events","status":"publish","type":"page","link":"https:\/\/www.calviabeach.com\/fr\/calvia-events\/","title":{"rendered":"\u00c9v\u00e9nements \u00e0 Calvi\u00e0"},"content":{"rendered":"<div data-elementor-type=\"wp-page\" data-elementor-id=\"24738\" class=\"elementor elementor-24738\" data-elementor-post-type=\"page\">\n\t\t\t\t<div class=\"elementor-element elementor-element-7620f511 e-flex e-con-boxed e-con e-parent\" data-id=\"7620f511\" data-element_type=\"container\" data-e-type=\"container\">\n\t\t\t\t\t<div class=\"e-con-inner\">\n\t\t\t\t<div class=\"elementor-element elementor-element-ea11981 elementor-widget elementor-widget-wdt-events\" data-id=\"ea11981\" data-element_type=\"widget\" data-e-type=\"widget\" data-settings=\"{&quot;columns&quot;:&quot;3&quot;,&quot;columns_laptop&quot;:2,&quot;columns_tablet_extra&quot;:2,&quot;columns_tablet&quot;:2,&quot;columns_mobile_extra&quot;:1,&quot;columns_mobile&quot;:1,&quot;wdt_animation_effect&quot;:&quot;none&quot;}\" data-widget_type=\"wdt-events.default\">\n\t\t\t\t<div class=\"elementor-widget-container\">\n\t\t\t\t\t<div class=\"wdt-events-holder wdt-content-item-holder wdt-column-holder\" id=\"wdt-events-ea11981\" data-settings=\"\"><div class=\"wdt-column-wrapper wdt-column-gap-extended\"><div class=\"wdt-event-item wdt-column\"><div class=\"cardbox\"><div class=\"wdt-event-item-media\"><img fetchpriority=\"high\" decoding=\"async\" width=\"960\" height=\"640\" src=\"https:\/\/www.calviabeach.com\/wp-content\/uploads\/2025\/10\/food-festival-calvia.webp\" class=\"attachment-full size-full wp-post-image\" alt=\"\" title=\"La Mostra Calvi\u00e0 2025\" srcset=\"https:\/\/www.calviabeach.com\/wp-content\/uploads\/2025\/10\/food-festival-calvia.webp 960w, https:\/\/www.calviabeach.com\/wp-content\/uploads\/2025\/10\/food-festival-calvia-768x512.webp 768w, https:\/\/www.calviabeach.com\/wp-content\/uploads\/2025\/10\/food-festival-calvia-18x12.webp 18w, https:\/\/www.calviabeach.com\/wp-content\/uploads\/2025\/10\/food-festival-calvia-1000x666.webp 1000w, https:\/\/www.calviabeach.com\/wp-content\/uploads\/2025\/10\/food-festival-calvia-600x400.webp 600w\" sizes=\"(max-width: 960px) 100vw, 960px\" \/><\/div><div class=\"entry-group-entry pt-20\"><span class=\"wdt-event-start-date\">17 octobre<\/span><div class=\"wdt-event-item-content\"><h4 class=\"mt-10px\"><a href=\"https:\/\/www.calviabeach.com\/fr\/event\/la-mostra-calvia-2025\/\">La Mostra Calvi\u00e0 2025<\/a><\/h4><span class=\"wdt-event-start-time\">12h00<\/span><span class=\"wdt-event-end-time\">23h30<\/span><p><i class=\"fa fa-calendar-o\"><\/i> , <\/p><p><a href=\"https:\/\/www.calviabeach.com\/fr\/event\/la-mostra-calvia-2025\/\" class=\"wdt-event-item-list-button text-white wdt-button\">Adh\u00e9rer maintenant<\/a><\/p><\/div><\/div><\/div><\/div><div class=\"wdt-event-item wdt-column\"><div class=\"cardbox\"><div class=\"wdt-event-item-media\"><img decoding=\"async\" width=\"960\" height=\"640\" src=\"https:\/\/www.calviabeach.com\/wp-content\/uploads\/2025\/10\/street-fair-mallorca-calvia.webp\" class=\"attachment-full size-full wp-post-image\" alt=\"Foire de rue Mallorca Calvia\" title=\"Pollensa Craft Fair (Fira d&#039;Artesania de Pollen\u00e7a)\" srcset=\"https:\/\/www.calviabeach.com\/wp-content\/uploads\/2025\/10\/street-fair-mallorca-calvia.webp 960w, https:\/\/www.calviabeach.com\/wp-content\/uploads\/2025\/10\/street-fair-mallorca-calvia-768x512.webp 768w, https:\/\/www.calviabeach.com\/wp-content\/uploads\/2025\/10\/street-fair-mallorca-calvia-18x12.webp 18w, https:\/\/www.calviabeach.com\/wp-content\/uploads\/2025\/10\/street-fair-mallorca-calvia-1000x666.webp 1000w, https:\/\/www.calviabeach.com\/wp-content\/uploads\/2025\/10\/street-fair-mallorca-calvia-600x400.webp 600w\" sizes=\"(max-width: 960px) 100vw, 960px\" \/><\/div><div class=\"entry-group-entry pt-20\"><span class=\"wdt-event-start-date\">24 octobre<\/span><div class=\"wdt-event-item-content\"><h4 class=\"mt-10px\"><a href=\"https:\/\/www.calviabeach.com\/fr\/event\/pollensa-craft-fair-fira-dartesania-de-pollenca\/\">Pollensa Craft Fair (Fira d'Artesania de Pollen\u00e7a)<\/a><\/h4><span class=\"wdt-event-start-time\">8h00<\/span><span class=\"wdt-event-end-time\">17h00<\/span><p><i class=\"fa fa-calendar-o\"><\/i> Claustre de Sant Domingo, Spain<\/p><p><a href=\"https:\/\/www.calviabeach.com\/fr\/event\/pollensa-craft-fair-fira-dartesania-de-pollenca\/\" class=\"wdt-event-item-list-button text-white wdt-button\">Adh\u00e9rer maintenant<\/a><\/p><\/div><\/div><\/div><\/div><div class=\"wdt-event-item wdt-column\"><div class=\"cardbox\"><div class=\"wdt-event-item-media\"><img decoding=\"async\" width=\"960\" height=\"640\" src=\"https:\/\/www.calviabeach.com\/wp-content\/uploads\/2025\/10\/calvia-mallorca-halloween.webp\" class=\"attachment-full size-full wp-post-image\" alt=\"\" title=\"F\u00eate d&#039;Halloween et maison hant\u00e9e pour les jeunes\" srcset=\"https:\/\/www.calviabeach.com\/wp-content\/uploads\/2025\/10\/calvia-mallorca-halloween.webp 960w, https:\/\/www.calviabeach.com\/wp-content\/uploads\/2025\/10\/calvia-mallorca-halloween-768x512.webp 768w, https:\/\/www.calviabeach.com\/wp-content\/uploads\/2025\/10\/calvia-mallorca-halloween-18x12.webp 18w, https:\/\/www.calviabeach.com\/wp-content\/uploads\/2025\/10\/calvia-mallorca-halloween-1000x666.webp 1000w, https:\/\/www.calviabeach.com\/wp-content\/uploads\/2025\/10\/calvia-mallorca-halloween-600x400.webp 600w\" sizes=\"(max-width: 960px) 100vw, 960px\" \/><\/div><div class=\"entry-group-entry pt-20\"><span class=\"wdt-event-start-date\">25 octobre<\/span><div class=\"wdt-event-item-content\"><h4 class=\"mt-10px\"><a href=\"https:\/\/www.calviabeach.com\/fr\/event\/youth-halloween-party-and-haunted-house-experience\/\">F\u00eate d'Halloween et maison hant\u00e9e pour les jeunes<\/a><\/h4><span class=\"wdt-event-start-time\">18h00<\/span><span class=\"wdt-event-end-time\">11:00 heures de l&#039;apr\u00e8s midi<\/span><p><i class=\"fa fa-calendar-o\"><\/i> Es Generador youth centre (Calvi\u00e0), Spain<\/p><p><a href=\"https:\/\/www.calviabeach.com\/fr\/event\/youth-halloween-party-and-haunted-house-experience\/\" class=\"wdt-event-item-list-button text-white wdt-button\">Adh\u00e9rer maintenant<\/a><\/p><\/div><\/div><\/div><\/div><div class=\"wdt-event-item wdt-column\"><div class=\"cardbox\"><div class=\"wdt-event-item-media\"><img loading=\"lazy\" decoding=\"async\" width=\"960\" height=\"540\" src=\"https:\/\/www.calviabeach.com\/wp-content\/uploads\/2025\/10\/katmandu-park-halloween-16x9-1.webp\" class=\"attachment-full size-full wp-post-image\" alt=\"\" title=\"Halloween au Katmandu Park, Magaluf\" srcset=\"https:\/\/www.calviabeach.com\/wp-content\/uploads\/2025\/10\/katmandu-park-halloween-16x9-1.webp 960w, https:\/\/www.calviabeach.com\/wp-content\/uploads\/2025\/10\/katmandu-park-halloween-16x9-1-768x432.webp 768w, https:\/\/www.calviabeach.com\/wp-content\/uploads\/2025\/10\/katmandu-park-halloween-16x9-1-1000x562.webp 1000w, https:\/\/www.calviabeach.com\/wp-content\/uploads\/2025\/10\/katmandu-park-halloween-16x9-1-600x337.webp 600w\" sizes=\"(max-width: 960px) 100vw, 960px\" \/><\/div><div class=\"entry-group-entry pt-20\"><span class=\"wdt-event-start-date\">30 octobre<\/span><div class=\"wdt-event-item-content\"><h4 class=\"mt-10px\"><a href=\"https:\/\/www.calviabeach.com\/fr\/event\/halloween-at-katmandu-park-magaluf\/\">Halloween au Katmandu Park, Magaluf<\/a><\/h4><span class=\"wdt-event-start-time\">8h00<\/span><span class=\"wdt-event-end-time\">17h00<\/span><p><i class=\"fa fa-calendar-o\"><\/i> Katmandu Park, Magaluf, <\/p><p><a href=\"https:\/\/www.calviabeach.com\/fr\/event\/halloween-at-katmandu-park-magaluf\/\" class=\"wdt-event-item-list-button text-white wdt-button\">Adh\u00e9rer maintenant<\/a><\/p><\/div><\/div><\/div><\/div><div class=\"wdt-event-item wdt-column\"><div class=\"cardbox\"><div class=\"wdt-event-item-media\"><img loading=\"lazy\" decoding=\"async\" width=\"1080\" height=\"720\" src=\"https:\/\/www.calviabeach.com\/wp-content\/uploads\/2025\/10\/assorted-tapas-try-mallorca-palma.webp\" class=\"attachment-full size-full wp-post-image\" alt=\"Assortiment de tapas \u00e0 d\u00e9guster \u00e0 Majorque, Palma et Calvia\" title=\"Festival de tapas de TaPalma\" srcset=\"https:\/\/www.calviabeach.com\/wp-content\/uploads\/2025\/10\/assorted-tapas-try-mallorca-palma.webp 1080w, https:\/\/www.calviabeach.com\/wp-content\/uploads\/2025\/10\/assorted-tapas-try-mallorca-palma-768x512.webp 768w, https:\/\/www.calviabeach.com\/wp-content\/uploads\/2025\/10\/assorted-tapas-try-mallorca-palma-18x12.webp 18w, https:\/\/www.calviabeach.com\/wp-content\/uploads\/2025\/10\/assorted-tapas-try-mallorca-palma-1000x666.webp 1000w, https:\/\/www.calviabeach.com\/wp-content\/uploads\/2025\/10\/assorted-tapas-try-mallorca-palma-600x400.webp 600w\" sizes=\"(max-width: 1080px) 100vw, 1080px\" \/><\/div><div class=\"entry-group-entry pt-20\"><span class=\"wdt-event-start-date\">5 novembre<\/span><div class=\"wdt-event-item-content\"><h4 class=\"mt-10px\"><a href=\"https:\/\/www.calviabeach.com\/fr\/event\/tapalma-tapas-festival\/\">Festival de tapas de TaPalma<\/a><\/h4><span class=\"wdt-event-start-time\"><\/span><span class=\"wdt-event-end-time\"><\/span><p><i class=\"fa fa-calendar-o\"><\/i> Palma, Royaume-Uni<\/p><p><a href=\"https:\/\/www.calviabeach.com\/fr\/event\/tapalma-tapas-festival\/\" class=\"wdt-event-item-list-button text-white wdt-button\">Adh\u00e9rer maintenant<\/a><\/p><\/div><\/div><\/div><\/div><div class=\"wdt-event-item wdt-column\"><div class=\"cardbox\"><div class=\"wdt-event-item-media\"><img loading=\"lazy\" decoding=\"async\" width=\"960\" height=\"640\" src=\"https:\/\/www.calviabeach.com\/wp-content\/uploads\/2025\/10\/events-mallorca-calvia.webp\" class=\"attachment-full size-full wp-post-image\" alt=\"\" title=\"Foire aux enfants de Sankt Martin\" srcset=\"https:\/\/www.calviabeach.com\/wp-content\/uploads\/2025\/10\/events-mallorca-calvia.webp 960w, https:\/\/www.calviabeach.com\/wp-content\/uploads\/2025\/10\/events-mallorca-calvia-768x512.webp 768w, https:\/\/www.calviabeach.com\/wp-content\/uploads\/2025\/10\/events-mallorca-calvia-18x12.webp 18w, https:\/\/www.calviabeach.com\/wp-content\/uploads\/2025\/10\/events-mallorca-calvia-1000x666.webp 1000w, https:\/\/www.calviabeach.com\/wp-content\/uploads\/2025\/10\/events-mallorca-calvia-600x400.webp 600w\" sizes=\"(max-width: 960px) 100vw, 960px\" \/><\/div><div class=\"entry-group-entry pt-20\"><span class=\"wdt-event-start-date\">9 novembre<\/span><div class=\"wdt-event-item-content\"><h4 class=\"mt-10px\"><a href=\"https:\/\/www.calviabeach.com\/fr\/event\/sankt-martin-childrens-fair\/\">Foire aux enfants de Sankt Martin<\/a><\/h4><span class=\"wdt-event-start-time\"><\/span><span class=\"wdt-event-end-time\"><\/span><p><i class=\"fa fa-calendar-o\"><\/i> Plaza Capricho at Puerto Portals Marina, Spain<\/p><p><a href=\"https:\/\/www.calviabeach.com\/fr\/event\/sankt-martin-childrens-fair\/\" class=\"wdt-event-item-list-button text-white wdt-button\">Adh\u00e9rer maintenant<\/a><\/p><\/div><\/div><\/div><\/div><div class=\"wdt-event-item wdt-column\"><div class=\"cardbox\"><div class=\"wdt-event-item-media\"><img loading=\"lazy\" decoding=\"async\" width=\"960\" height=\"640\" src=\"https:\/\/www.calviabeach.com\/wp-content\/uploads\/2025\/10\/inca-fair-mallorca.webp\" class=\"attachment-full size-full wp-post-image\" alt=\"Calendrier des manifestations Mallorca Calvia Inca Fair\" title=\"Foire de Dijous Bo, Inca\" srcset=\"https:\/\/www.calviabeach.com\/wp-content\/uploads\/2025\/10\/inca-fair-mallorca.webp 960w, https:\/\/www.calviabeach.com\/wp-content\/uploads\/2025\/10\/inca-fair-mallorca-768x512.webp 768w, https:\/\/www.calviabeach.com\/wp-content\/uploads\/2025\/10\/inca-fair-mallorca-18x12.webp 18w, https:\/\/www.calviabeach.com\/wp-content\/uploads\/2025\/10\/inca-fair-mallorca-1000x666.webp 1000w, https:\/\/www.calviabeach.com\/wp-content\/uploads\/2025\/10\/inca-fair-mallorca-600x400.webp 600w\" sizes=\"(max-width: 960px) 100vw, 960px\" \/><\/div><div class=\"entry-group-entry pt-20\"><span class=\"wdt-event-start-date\">13 novembre<\/span><div class=\"wdt-event-item-content\"><h4 class=\"mt-10px\"><a href=\"https:\/\/www.calviabeach.com\/fr\/event\/dijous-bo-fair-inca\/\">Foire de Dijous Bo, Inca<\/a><\/h4><span class=\"wdt-event-start-time\">8h00<\/span><span class=\"wdt-event-end-time\">17h00<\/span><p><i class=\"fa fa-calendar-o\"><\/i> , <\/p><p><a href=\"https:\/\/www.calviabeach.com\/fr\/event\/dijous-bo-fair-inca\/\" class=\"wdt-event-item-list-button text-white wdt-button\">Adh\u00e9rer maintenant<\/a><\/p><\/div><\/div><\/div><\/div><div class=\"wdt-event-item wdt-column\"><div class=\"cardbox\"><div class=\"wdt-event-item-media\"><img loading=\"lazy\" decoding=\"async\" width=\"960\" height=\"640\" src=\"https:\/\/www.calviabeach.com\/wp-content\/uploads\/2025\/10\/olive-fair-mallorca.webp\" class=\"attachment-full size-full wp-post-image\" alt=\"\" title=\"Fira de l&#039;Oliva, Caimari\" srcset=\"https:\/\/www.calviabeach.com\/wp-content\/uploads\/2025\/10\/olive-fair-mallorca.webp 960w, https:\/\/www.calviabeach.com\/wp-content\/uploads\/2025\/10\/olive-fair-mallorca-768x512.webp 768w, https:\/\/www.calviabeach.com\/wp-content\/uploads\/2025\/10\/olive-fair-mallorca-18x12.webp 18w, https:\/\/www.calviabeach.com\/wp-content\/uploads\/2025\/10\/olive-fair-mallorca-1000x666.webp 1000w, https:\/\/www.calviabeach.com\/wp-content\/uploads\/2025\/10\/olive-fair-mallorca-600x400.webp 600w\" sizes=\"(max-width: 960px) 100vw, 960px\" \/><\/div><div class=\"entry-group-entry pt-20\"><span class=\"wdt-event-start-date\">17 novembre<\/span><div class=\"wdt-event-item-content\"><h4 class=\"mt-10px\"><a href=\"https:\/\/www.calviabeach.com\/fr\/event\/fira-de-loliva-caimari\/\">Fira de l'Oliva, Caimari<\/a><\/h4><span class=\"wdt-event-start-time\">8h00<\/span><span class=\"wdt-event-end-time\">17h00<\/span><p><i class=\"fa fa-calendar-o\"><\/i> Caimari village, Spain<\/p><p><a href=\"https:\/\/www.calviabeach.com\/fr\/event\/fira-de-loliva-caimari\/\" class=\"wdt-event-item-list-button text-white wdt-button\">Adh\u00e9rer maintenant<\/a><\/p><\/div><\/div><\/div><\/div><div class=\"wdt-event-item wdt-column\"><div class=\"cardbox\"><div class=\"wdt-event-item-media\"><img loading=\"lazy\" decoding=\"async\" width=\"960\" height=\"640\" src=\"https:\/\/www.calviabeach.com\/wp-content\/uploads\/2025\/10\/honey-fair-mallorca.webp\" class=\"attachment-full size-full wp-post-image\" alt=\"\" title=\"Foire au miel, Llub\u00ed (Fira de la Mel)\" srcset=\"https:\/\/www.calviabeach.com\/wp-content\/uploads\/2025\/10\/honey-fair-mallorca.webp 960w, https:\/\/www.calviabeach.com\/wp-content\/uploads\/2025\/10\/honey-fair-mallorca-768x512.webp 768w, https:\/\/www.calviabeach.com\/wp-content\/uploads\/2025\/10\/honey-fair-mallorca-18x12.webp 18w, https:\/\/www.calviabeach.com\/wp-content\/uploads\/2025\/10\/honey-fair-mallorca-1000x666.webp 1000w, https:\/\/www.calviabeach.com\/wp-content\/uploads\/2025\/10\/honey-fair-mallorca-600x400.webp 600w\" sizes=\"(max-width: 960px) 100vw, 960px\" \/><\/div><div class=\"entry-group-entry pt-20\"><span class=\"wdt-event-start-date\">18 novembre<\/span><div class=\"wdt-event-item-content\"><h4 class=\"mt-10px\"><a href=\"https:\/\/www.calviabeach.com\/fr\/event\/honey-fair-llubi-fira-de-la-mel\/\">Foire au miel, Llub\u00ed (Fira de la Mel)<\/a><\/h4><span class=\"wdt-event-start-time\"><\/span><span class=\"wdt-event-end-time\"><\/span><p><i class=\"fa fa-calendar-o\"><\/i> Llub\u00ed church square and surrounding streets, Spain<\/p><p><a href=\"https:\/\/www.calviabeach.com\/fr\/event\/honey-fair-llubi-fira-de-la-mel\/\" class=\"wdt-event-item-list-button text-white wdt-button\">Adh\u00e9rer maintenant<\/a><\/p><\/div><\/div><\/div><\/div><div class=\"wdt-event-item wdt-column\"><div class=\"cardbox\"><div class=\"wdt-event-item-media\"><img loading=\"lazy\" decoding=\"async\" width=\"960\" height=\"640\" src=\"https:\/\/www.calviabeach.com\/wp-content\/uploads\/2025\/10\/events-mallorca-calvia.webp\" class=\"attachment-full size-full wp-post-image\" alt=\"\" title=\"Foire d&#039;automne, Sa Pobla (Fira de Tardor)\" srcset=\"https:\/\/www.calviabeach.com\/wp-content\/uploads\/2025\/10\/events-mallorca-calvia.webp 960w, https:\/\/www.calviabeach.com\/wp-content\/uploads\/2025\/10\/events-mallorca-calvia-768x512.webp 768w, https:\/\/www.calviabeach.com\/wp-content\/uploads\/2025\/10\/events-mallorca-calvia-18x12.webp 18w, https:\/\/www.calviabeach.com\/wp-content\/uploads\/2025\/10\/events-mallorca-calvia-1000x666.webp 1000w, https:\/\/www.calviabeach.com\/wp-content\/uploads\/2025\/10\/events-mallorca-calvia-600x400.webp 600w\" sizes=\"(max-width: 960px) 100vw, 960px\" \/><\/div><div class=\"entry-group-entry pt-20\"><span class=\"wdt-event-start-date\">24 novembre<\/span><div class=\"wdt-event-item-content\"><h4 class=\"mt-10px\"><a href=\"https:\/\/www.calviabeach.com\/fr\/event\/autumn-fair-sa-pobla-fira-de-tardor\/\">Foire d'automne, Sa Pobla (Fira de Tardor)<\/a><\/h4><span class=\"wdt-event-start-time\"><\/span><span class=\"wdt-event-end-time\"><\/span><p><i class=\"fa fa-calendar-o\"><\/i> Sa Pobla, Espagne<\/p><p><a href=\"https:\/\/www.calviabeach.com\/fr\/event\/autumn-fair-sa-pobla-fira-de-tardor\/\" class=\"wdt-event-item-list-button text-white wdt-button\">Adh\u00e9rer maintenant<\/a><\/p><\/div><\/div><\/div><\/div><div class=\"wdt-event-item wdt-column\"><div class=\"cardbox\"><div class=\"wdt-event-item-media\"><img loading=\"lazy\" decoding=\"async\" width=\"960\" height=\"640\" src=\"https:\/\/www.calviabeach.com\/wp-content\/uploads\/2025\/10\/christmas-lights-events-mallorca-palma.webp\" class=\"attachment-full size-full wp-post-image\" alt=\"Illuminations de No\u00ebl Palma Mallorca\" title=\"Allumage des lumi\u00e8res de No\u00ebl\" srcset=\"https:\/\/www.calviabeach.com\/wp-content\/uploads\/2025\/10\/christmas-lights-events-mallorca-palma.webp 960w, https:\/\/www.calviabeach.com\/wp-content\/uploads\/2025\/10\/christmas-lights-events-mallorca-palma-768x512.webp 768w, https:\/\/www.calviabeach.com\/wp-content\/uploads\/2025\/10\/christmas-lights-events-mallorca-palma-18x12.webp 18w, https:\/\/www.calviabeach.com\/wp-content\/uploads\/2025\/10\/christmas-lights-events-mallorca-palma-1000x666.webp 1000w, https:\/\/www.calviabeach.com\/wp-content\/uploads\/2025\/10\/christmas-lights-events-mallorca-palma-600x400.webp 600w\" sizes=\"(max-width: 960px) 100vw, 960px\" \/><\/div><div class=\"entry-group-entry pt-20\"><span class=\"wdt-event-start-date\">25 novembre<\/span><div class=\"wdt-event-item-content\"><h4 class=\"mt-10px\"><a href=\"https:\/\/www.calviabeach.com\/fr\/event\/christmas-lights-switched-on\/\">Allumage des lumi\u00e8res de No\u00ebl<\/a><\/h4><span class=\"wdt-event-start-time\">20:00<\/span><span class=\"wdt-event-end-time\">21:00 heures<\/span><p><i class=\"fa fa-calendar-o\"><\/i> Palma, Royaume-Uni<\/p><p><a href=\"https:\/\/www.calviabeach.com\/fr\/event\/christmas-lights-switched-on\/\" class=\"wdt-event-item-list-button text-white wdt-button\">Adh\u00e9rer maintenant<\/a><\/p><\/div><\/div><\/div><\/div><div class=\"wdt-event-item wdt-column\"><div class=\"cardbox\"><div class=\"wdt-event-item-media\"><img decoding=\"async\" src=\"https:\/\/via.placeholder.com\/300x200\"  class=\"\"  alt=\"\" \/><\/div><div class=\"entry-group-entry pt-20\"><span class=\"wdt-event-start-date\">12 d\u00e9cembre<\/span><div class=\"wdt-event-item-content\"><h4 class=\"mt-10px\"><a href=\"https:\/\/www.calviabeach.com\/fr\/event\/portals-christmas-market\/\">Portals Christmas Market<\/a><\/h4><span class=\"wdt-event-start-time\">10:00 am<\/span><span class=\"wdt-event-end-time\">11:00 heures de l&#039;apr\u00e8s midi<\/span><p><i class=\"fa fa-calendar-o\"><\/i> Plaza Capricho at Puerto Portals Marina, Spain<\/p><p><a href=\"https:\/\/www.calviabeach.com\/fr\/event\/portals-christmas-market\/\" class=\"wdt-event-item-list-button text-white wdt-button\">Adh\u00e9rer maintenant<\/a><\/p><\/div><\/div><\/div><\/div><\/div><\/div>\t\t\t\t<\/div>\n\t\t\t\t<\/div>\n\t\t\t\t\t<\/div>\n\t\t\t\t<\/div>\n\t\t\t\t<\/div>","protected":false},"excerpt":{"rendered":"<p>April 4 La Rambla and Passeig des Born Calvia Beach, United Kingdom Join Now April 27 Windmills Calvia Beach, United Kingdom Join Now April 4 Palma de Mallorca Aquarium 9:00 [&hellip;]<\/p>\n","protected":false},"author":1,"featured_media":26188,"parent":0,"menu_order":0,"comment_status":"closed","ping_status":"closed","template":"","meta":{"source_url":"","source_name":"","published_at":"","ai_reason":"","_monsterinsights_skip_tracking":false,"_monsterinsights_sitenote_active":false,"_monsterinsights_sitenote_note":"","_monsterinsights_sitenote_category":0,"_price":"","_stock":"","_tribe_ticket_header":"","_tribe_default_ticket_provider":"","_tribe_ticket_capacity":"0","_ticket_start_date":"","_ticket_end_date":"","_tribe_ticket_show_description":"","_tribe_ticket_show_not_going":false,"_tribe_ticket_use_global_stock":"","_tribe_ticket_global_stock_level":"","_global_stock_mode":"","_global_stock_cap":"","_tribe_rsvp_for_event":"","_tribe_ticket_going_count":"","_tribe_ticket_not_going_count":"","_tribe_tickets_list":"[]","_tribe_ticket_has_attendee_info_fields":false,"footnotes":"","_tec_slr_enabled":"","_tec_slr_layout":""},"class_list":["post-24738","page","type-page","status-publish","has-post-thumbnail","hentry"],"aioseo_notices":[],"ticketed":false,"_links":{"self":[{"href":"https:\/\/www.calviabeach.com\/fr\/wp-json\/wp\/v2\/pages\/24738","targetHints":{"allow":["GET"]}}],"collection":[{"href":"https:\/\/www.calviabeach.com\/fr\/wp-json\/wp\/v2\/pages"}],"about":[{"href":"https:\/\/www.calviabeach.com\/fr\/wp-json\/wp\/v2\/types\/page"}],"author":[{"embeddable":true,"href":"https:\/\/www.calviabeach.com\/fr\/wp-json\/wp\/v2\/users\/1"}],"replies":[{"embeddable":true,"href":"https:\/\/www.calviabeach.com\/fr\/wp-json\/wp\/v2\/comments?post=24738"}],"version-history":[{"count":0,"href":"https:\/\/www.calviabeach.com\/fr\/wp-json\/wp\/v2\/pages\/24738\/revisions"}],"wp:featuredmedia":[{"embeddable":true,"href":"https:\/\/www.calviabeach.com\/fr\/wp-json\/wp\/v2\/media\/26188"}],"wp:attachment":[{"href":"https:\/\/www.calviabeach.com\/fr\/wp-json\/wp\/v2\/media?parent=24738"}],"curies":[{"name":"wp","href":"https:\/\/api.w.org\/{rel}","templated":true}]}}