{"id":20547,"date":"2024-04-09T11:19:35","date_gmt":"2024-04-09T11:19:35","guid":{"rendered":"https:\/\/www.calviabeach.com\/accommodations-4\/"},"modified":"2024-11-22T23:17:22","modified_gmt":"2024-11-23T07:17:22","slug":"accommodations-4","status":"publish","type":"page","link":"https:\/\/www.calviabeach.com\/fr\/accommodations-4\/","title":{"rendered":"H\u00e9bergements"},"content":{"rendered":"<div class=\"mphb_sc_rooms-wrapper mphb-room-types\">\n<div class=\"mphb-room-type post-10743 mphb_room_type type-mphb_room_type status-publish has-post-thumbnail mphb-room-type-adults-1 mphb-room-type-children-0\">\n\n\t\n\t\n\n\t<div class=\"mphb-room-type-images\">\n\t<div id='mphb-flexslider-gallery-1' class='gallery-columns-1 gallery-size-large mphb-gallery-main-slider mphb-flexslider-gallery-wrapper mphb-room-type-gallery-wrapper mphb-gallery-main-slider-69f364a16d3f4' data-flexslider-atts='{\"animation\":\"slide\",\"controlNav\":false,\"animationLoop\":true,\"smoothHeight\":true,\"slideshow\":false}' data-group='69f364a16d3f4'><ul class=\"slides\"><li class='gallery-item'><span class='gallery-icon landscape'>\n\t\t\t\t<a href=\"https:\/\/www.calviabeach.com\/fr\/accommodation\/room\/\"><img fetchpriority=\"high\" decoding=\"async\" width=\"1024\" height=\"1024\" src=\"https:\/\/www.calviabeach.com\/wp-content\/uploads\/2017\/06\/4x3-1024x1024.webp\" class=\"attachment-large size-large\" alt=\"\" srcset=\"https:\/\/www.calviabeach.com\/wp-content\/uploads\/2017\/06\/4x3-1024x1024.webp 1024w, https:\/\/www.calviabeach.com\/wp-content\/uploads\/2017\/06\/4x3-1000x1000.webp 1000w, https:\/\/www.calviabeach.com\/wp-content\/uploads\/2017\/06\/4x3-100x100.webp 100w, https:\/\/www.calviabeach.com\/wp-content\/uploads\/2017\/06\/4x3-300x300.webp 300w, https:\/\/www.calviabeach.com\/wp-content\/uploads\/2017\/06\/4x3-150x150.webp 150w, https:\/\/www.calviabeach.com\/wp-content\/uploads\/2017\/06\/4x3-1536x1536.webp 1536w, https:\/\/www.calviabeach.com\/wp-content\/uploads\/2017\/06\/4x3-2048x2048.webp 2048w, https:\/\/www.calviabeach.com\/wp-content\/uploads\/2017\/06\/4x3-60x60.jpg 60w\" sizes=\"(max-width: 1024px) 100vw, 1024px\" \/><\/a>\n\t\t\t<\/span><\/li><li class='gallery-item'><span class='gallery-icon landscape'>\n\t\t\t\t<a href=\"https:\/\/www.calviabeach.com\/fr\/accommodation\/room\/\"><img decoding=\"async\" width=\"1024\" height=\"1024\" src=\"https:\/\/www.calviabeach.com\/wp-content\/uploads\/2017\/06\/76818947_XL-1024x1024.webp\" class=\"attachment-large size-large\" alt=\"\" srcset=\"https:\/\/www.calviabeach.com\/wp-content\/uploads\/2017\/06\/76818947_XL-1024x1024.webp 1024w, https:\/\/www.calviabeach.com\/wp-content\/uploads\/2017\/06\/76818947_XL-1000x1000.webp 1000w, https:\/\/www.calviabeach.com\/wp-content\/uploads\/2017\/06\/76818947_XL-100x100.webp 100w, https:\/\/www.calviabeach.com\/wp-content\/uploads\/2017\/06\/76818947_XL-300x300.webp 300w, https:\/\/www.calviabeach.com\/wp-content\/uploads\/2017\/06\/76818947_XL-150x150.webp 150w, https:\/\/www.calviabeach.com\/wp-content\/uploads\/2017\/06\/76818947_XL-1536x1536.webp 1536w, https:\/\/www.calviabeach.com\/wp-content\/uploads\/2017\/06\/76818947_XL-2048x2048.webp 2048w, https:\/\/www.calviabeach.com\/wp-content\/uploads\/2017\/06\/76818947_XL-60x60.jpg 60w\" sizes=\"(max-width: 1024px) 100vw, 1024px\" \/><\/a>\n\t\t\t<\/span><\/li><li class='gallery-item'><span class='gallery-icon landscape'>\n\t\t\t\t<a href=\"https:\/\/www.calviabeach.com\/fr\/accommodation\/room\/\"><img decoding=\"async\" width=\"1024\" height=\"1024\" src=\"https:\/\/www.calviabeach.com\/wp-content\/uploads\/2017\/06\/afa92722b5509-1024x1024.webp\" class=\"attachment-large size-large\" alt=\"\" srcset=\"https:\/\/www.calviabeach.com\/wp-content\/uploads\/2017\/06\/afa92722b5509-1024x1024.webp 1024w, https:\/\/www.calviabeach.com\/wp-content\/uploads\/2017\/06\/afa92722b5509-scaled-1000x1000.webp 1000w, https:\/\/www.calviabeach.com\/wp-content\/uploads\/2017\/06\/afa92722b5509-scaled-100x100.webp 100w, https:\/\/www.calviabeach.com\/wp-content\/uploads\/2017\/06\/afa92722b5509-300x300.webp 300w, https:\/\/www.calviabeach.com\/wp-content\/uploads\/2017\/06\/afa92722b5509-150x150.webp 150w, https:\/\/www.calviabeach.com\/wp-content\/uploads\/2017\/06\/afa92722b5509-1536x1536.webp 1536w, https:\/\/www.calviabeach.com\/wp-content\/uploads\/2017\/06\/afa92722b5509-2048x2048.webp 2048w, https:\/\/www.calviabeach.com\/wp-content\/uploads\/2017\/06\/afa92722b5509-scaled-60x60.webp 60w\" sizes=\"(max-width: 1024px) 100vw, 1024px\" \/><\/a>\n\t\t\t<\/span><\/li><li class='gallery-item'><span class='gallery-icon landscape'>\n\t\t\t\t<a href=\"https:\/\/www.calviabeach.com\/fr\/accommodation\/room\/\"><img loading=\"lazy\" decoding=\"async\" width=\"1024\" height=\"1024\" src=\"https:\/\/www.calviabeach.com\/wp-content\/uploads\/2017\/06\/4x3-1-1024x1024.jpg\" class=\"attachment-large size-large\" alt=\"\" srcset=\"https:\/\/www.calviabeach.com\/wp-content\/uploads\/2017\/06\/4x3-1-1024x1024.jpg 1024w, https:\/\/www.calviabeach.com\/wp-content\/uploads\/2017\/06\/4x3-1-1000x1000.jpg 1000w, https:\/\/www.calviabeach.com\/wp-content\/uploads\/2017\/06\/4x3-1-100x100.jpg 100w, https:\/\/www.calviabeach.com\/wp-content\/uploads\/2017\/06\/4x3-1-300x300.jpg 300w, https:\/\/www.calviabeach.com\/wp-content\/uploads\/2017\/06\/4x3-1-150x150.jpg 150w, https:\/\/www.calviabeach.com\/wp-content\/uploads\/2017\/06\/4x3-1-1536x1536.jpg 1536w, https:\/\/www.calviabeach.com\/wp-content\/uploads\/2017\/06\/4x3-1-2048x2048.jpg 2048w, https:\/\/www.calviabeach.com\/wp-content\/uploads\/2017\/06\/4x3-1-266x266.jpg 266w, https:\/\/www.calviabeach.com\/wp-content\/uploads\/2017\/06\/4x3-1-60x60.jpg 60w\" sizes=\"(max-width: 1024px) 100vw, 1024px\" \/><\/a>\n\t\t\t<\/span><\/li><li class='gallery-item'><span class='gallery-icon landscape'>\n\t\t\t\t<a href=\"https:\/\/www.calviabeach.com\/fr\/accommodation\/room\/\"><img loading=\"lazy\" decoding=\"async\" width=\"1024\" height=\"1024\" src=\"https:\/\/www.calviabeach.com\/wp-content\/uploads\/2015\/02\/pr-provided-best-luxury-hotels-74020338-1024x1024.webp\" class=\"attachment-large size-large\" alt=\"\" srcset=\"https:\/\/www.calviabeach.com\/wp-content\/uploads\/2015\/02\/pr-provided-best-luxury-hotels-74020338-1024x1024.webp 1024w, https:\/\/www.calviabeach.com\/wp-content\/uploads\/2015\/02\/pr-provided-best-luxury-hotels-74020338-1000x1000.webp 1000w, https:\/\/www.calviabeach.com\/wp-content\/uploads\/2015\/02\/pr-provided-best-luxury-hotels-74020338-100x100.webp 100w, https:\/\/www.calviabeach.com\/wp-content\/uploads\/2015\/02\/pr-provided-best-luxury-hotels-74020338-300x300.webp 300w, https:\/\/www.calviabeach.com\/wp-content\/uploads\/2015\/02\/pr-provided-best-luxury-hotels-74020338-150x150.webp 150w, https:\/\/www.calviabeach.com\/wp-content\/uploads\/2015\/02\/pr-provided-best-luxury-hotels-74020338-1536x1536.webp 1536w, https:\/\/www.calviabeach.com\/wp-content\/uploads\/2015\/02\/pr-provided-best-luxury-hotels-74020338-2048x2048.webp 2048w, https:\/\/www.calviabeach.com\/wp-content\/uploads\/2015\/02\/pr-provided-best-luxury-hotels-74020338-266x266.webp 266w, https:\/\/www.calviabeach.com\/wp-content\/uploads\/2015\/02\/pr-provided-best-luxury-hotels-74020338-60x60.webp 60w\" sizes=\"(max-width: 1024px) 100vw, 1024px\" \/><\/a>\n\t\t\t<\/span><\/li><li class='gallery-item'><span class='gallery-icon landscape'>\n\t\t\t\t<a href=\"https:\/\/www.calviabeach.com\/fr\/accommodation\/room\/\"><img loading=\"lazy\" decoding=\"async\" width=\"1024\" height=\"1024\" src=\"https:\/\/www.calviabeach.com\/wp-content\/uploads\/2015\/02\/Hotel-Rooms-And-Suites_Hero-Video-v02_thumb-1024x1024.webp\" class=\"attachment-large size-large\" alt=\"\" srcset=\"https:\/\/www.calviabeach.com\/wp-content\/uploads\/2015\/02\/Hotel-Rooms-And-Suites_Hero-Video-v02_thumb-1024x1024.webp 1024w, https:\/\/www.calviabeach.com\/wp-content\/uploads\/2015\/02\/Hotel-Rooms-And-Suites_Hero-Video-v02_thumb-1000x1000.webp 1000w, https:\/\/www.calviabeach.com\/wp-content\/uploads\/2015\/02\/Hotel-Rooms-And-Suites_Hero-Video-v02_thumb-100x100.webp 100w, https:\/\/www.calviabeach.com\/wp-content\/uploads\/2015\/02\/Hotel-Rooms-And-Suites_Hero-Video-v02_thumb-300x300.webp 300w, https:\/\/www.calviabeach.com\/wp-content\/uploads\/2015\/02\/Hotel-Rooms-And-Suites_Hero-Video-v02_thumb-150x150.webp 150w, https:\/\/www.calviabeach.com\/wp-content\/uploads\/2015\/02\/Hotel-Rooms-And-Suites_Hero-Video-v02_thumb-1536x1536.webp 1536w, https:\/\/www.calviabeach.com\/wp-content\/uploads\/2015\/02\/Hotel-Rooms-And-Suites_Hero-Video-v02_thumb-2048x2048.webp 2048w, https:\/\/www.calviabeach.com\/wp-content\/uploads\/2015\/02\/Hotel-Rooms-And-Suites_Hero-Video-v02_thumb-60x60.webp 60w, https:\/\/www.calviabeach.com\/wp-content\/uploads\/2015\/02\/Hotel-Rooms-And-Suites_Hero-Video-v02_thumb-266x266.webp 266w\" sizes=\"(max-width: 1024px) 100vw, 1024px\" \/><\/a>\n\t\t\t<\/span><\/li><\/ul>\n\t\t<\/div>\n<div id='mphb-flexslider-gallery-2' class='gallery-columns-4 gallery-size-thumbnail mphb-gallery-thumbnail-slider mphb-flexslider-gallery-wrapper mphb-room-type-gallery-wrapper mphb-gallery-thumbnail-slider-69f364a16d3f4' data-flexslider-atts='{\"animation\":\"slide\",\"controlNav\":false,\"animationLoop\":true,\"slideshow\":false,\"itemMargin\":5}' data-group='69f364a16d3f4'><ul class=\"slides\"><li class='gallery-item'><span class='gallery-icon landscape'>\n\t\t\t\t<a href='https:\/\/www.calviabeach.com\/fr\/?attachment_id=23833'><img loading=\"lazy\" decoding=\"async\" width=\"150\" height=\"150\" src=\"https:\/\/www.calviabeach.com\/wp-content\/uploads\/2017\/06\/4x3-150x150.webp\" class=\"attachment-thumbnail size-thumbnail\" alt=\"\" srcset=\"https:\/\/www.calviabeach.com\/wp-content\/uploads\/2017\/06\/4x3-150x150.webp 150w, https:\/\/www.calviabeach.com\/wp-content\/uploads\/2017\/06\/4x3-1000x1000.webp 1000w, https:\/\/www.calviabeach.com\/wp-content\/uploads\/2017\/06\/4x3-100x100.webp 100w, https:\/\/www.calviabeach.com\/wp-content\/uploads\/2017\/06\/4x3-300x300.webp 300w, https:\/\/www.calviabeach.com\/wp-content\/uploads\/2017\/06\/4x3-1024x1024.webp 1024w, https:\/\/www.calviabeach.com\/wp-content\/uploads\/2017\/06\/4x3-1536x1536.webp 1536w, https:\/\/www.calviabeach.com\/wp-content\/uploads\/2017\/06\/4x3-2048x2048.webp 2048w, https:\/\/www.calviabeach.com\/wp-content\/uploads\/2017\/06\/4x3-60x60.jpg 60w\" sizes=\"(max-width: 150px) 100vw, 150px\" \/><\/a>\n\t\t\t<\/span><\/li><li class='gallery-item'><span class='gallery-icon landscape'>\n\t\t\t\t<a href='https:\/\/www.calviabeach.com\/fr\/?attachment_id=23832'><img loading=\"lazy\" decoding=\"async\" width=\"150\" height=\"150\" src=\"https:\/\/www.calviabeach.com\/wp-content\/uploads\/2017\/06\/76818947_XL-150x150.webp\" class=\"attachment-thumbnail size-thumbnail\" alt=\"\" srcset=\"https:\/\/www.calviabeach.com\/wp-content\/uploads\/2017\/06\/76818947_XL-150x150.webp 150w, https:\/\/www.calviabeach.com\/wp-content\/uploads\/2017\/06\/76818947_XL-1000x1000.webp 1000w, https:\/\/www.calviabeach.com\/wp-content\/uploads\/2017\/06\/76818947_XL-100x100.webp 100w, https:\/\/www.calviabeach.com\/wp-content\/uploads\/2017\/06\/76818947_XL-300x300.webp 300w, https:\/\/www.calviabeach.com\/wp-content\/uploads\/2017\/06\/76818947_XL-1024x1024.webp 1024w, https:\/\/www.calviabeach.com\/wp-content\/uploads\/2017\/06\/76818947_XL-1536x1536.webp 1536w, https:\/\/www.calviabeach.com\/wp-content\/uploads\/2017\/06\/76818947_XL-2048x2048.webp 2048w, https:\/\/www.calviabeach.com\/wp-content\/uploads\/2017\/06\/76818947_XL-60x60.jpg 60w\" sizes=\"(max-width: 150px) 100vw, 150px\" \/><\/a>\n\t\t\t<\/span><\/li><li class='gallery-item'><span class='gallery-icon landscape'>\n\t\t\t\t<a href='https:\/\/www.calviabeach.com\/fr\/?attachment_id=23836'><img loading=\"lazy\" decoding=\"async\" width=\"150\" height=\"150\" src=\"https:\/\/www.calviabeach.com\/wp-content\/uploads\/2017\/06\/afa92722b5509-150x150.webp\" class=\"attachment-thumbnail size-thumbnail\" alt=\"\" srcset=\"https:\/\/www.calviabeach.com\/wp-content\/uploads\/2017\/06\/afa92722b5509-150x150.webp 150w, https:\/\/www.calviabeach.com\/wp-content\/uploads\/2017\/06\/afa92722b5509-scaled-1000x1000.webp 1000w, https:\/\/www.calviabeach.com\/wp-content\/uploads\/2017\/06\/afa92722b5509-scaled-100x100.webp 100w, https:\/\/www.calviabeach.com\/wp-content\/uploads\/2017\/06\/afa92722b5509-300x300.webp 300w, https:\/\/www.calviabeach.com\/wp-content\/uploads\/2017\/06\/afa92722b5509-1024x1024.webp 1024w, https:\/\/www.calviabeach.com\/wp-content\/uploads\/2017\/06\/afa92722b5509-1536x1536.webp 1536w, https:\/\/www.calviabeach.com\/wp-content\/uploads\/2017\/06\/afa92722b5509-2048x2048.webp 2048w, https:\/\/www.calviabeach.com\/wp-content\/uploads\/2017\/06\/afa92722b5509-scaled-60x60.webp 60w\" sizes=\"(max-width: 150px) 100vw, 150px\" \/><\/a>\n\t\t\t<\/span><\/li><li class='gallery-item'><span class='gallery-icon landscape'>\n\t\t\t\t<a href='https:\/\/www.calviabeach.com\/fr\/?attachment_id=23874'><img loading=\"lazy\" decoding=\"async\" width=\"150\" height=\"150\" src=\"https:\/\/www.calviabeach.com\/wp-content\/uploads\/2017\/06\/4x3-1-150x150.jpg\" class=\"attachment-thumbnail size-thumbnail\" alt=\"\" srcset=\"https:\/\/www.calviabeach.com\/wp-content\/uploads\/2017\/06\/4x3-1-150x150.jpg 150w, https:\/\/www.calviabeach.com\/wp-content\/uploads\/2017\/06\/4x3-1-1000x1000.jpg 1000w, https:\/\/www.calviabeach.com\/wp-content\/uploads\/2017\/06\/4x3-1-100x100.jpg 100w, https:\/\/www.calviabeach.com\/wp-content\/uploads\/2017\/06\/4x3-1-300x300.jpg 300w, https:\/\/www.calviabeach.com\/wp-content\/uploads\/2017\/06\/4x3-1-1024x1024.jpg 1024w, https:\/\/www.calviabeach.com\/wp-content\/uploads\/2017\/06\/4x3-1-1536x1536.jpg 1536w, https:\/\/www.calviabeach.com\/wp-content\/uploads\/2017\/06\/4x3-1-2048x2048.jpg 2048w, https:\/\/www.calviabeach.com\/wp-content\/uploads\/2017\/06\/4x3-1-266x266.jpg 266w, https:\/\/www.calviabeach.com\/wp-content\/uploads\/2017\/06\/4x3-1-60x60.jpg 60w\" sizes=\"(max-width: 150px) 100vw, 150px\" \/><\/a>\n\t\t\t<\/span><\/li><li class='gallery-item'><span class='gallery-icon landscape'>\n\t\t\t\t<a href='https:\/\/www.calviabeach.com\/fr\/?attachment_id=23877'><img loading=\"lazy\" decoding=\"async\" width=\"150\" height=\"150\" src=\"https:\/\/www.calviabeach.com\/wp-content\/uploads\/2015\/02\/pr-provided-best-luxury-hotels-74020338-150x150.webp\" class=\"attachment-thumbnail size-thumbnail\" alt=\"\" srcset=\"https:\/\/www.calviabeach.com\/wp-content\/uploads\/2015\/02\/pr-provided-best-luxury-hotels-74020338-150x150.webp 150w, https:\/\/www.calviabeach.com\/wp-content\/uploads\/2015\/02\/pr-provided-best-luxury-hotels-74020338-1000x1000.webp 1000w, https:\/\/www.calviabeach.com\/wp-content\/uploads\/2015\/02\/pr-provided-best-luxury-hotels-74020338-100x100.webp 100w, https:\/\/www.calviabeach.com\/wp-content\/uploads\/2015\/02\/pr-provided-best-luxury-hotels-74020338-300x300.webp 300w, https:\/\/www.calviabeach.com\/wp-content\/uploads\/2015\/02\/pr-provided-best-luxury-hotels-74020338-1024x1024.webp 1024w, https:\/\/www.calviabeach.com\/wp-content\/uploads\/2015\/02\/pr-provided-best-luxury-hotels-74020338-1536x1536.webp 1536w, https:\/\/www.calviabeach.com\/wp-content\/uploads\/2015\/02\/pr-provided-best-luxury-hotels-74020338-2048x2048.webp 2048w, https:\/\/www.calviabeach.com\/wp-content\/uploads\/2015\/02\/pr-provided-best-luxury-hotels-74020338-266x266.webp 266w, https:\/\/www.calviabeach.com\/wp-content\/uploads\/2015\/02\/pr-provided-best-luxury-hotels-74020338-60x60.webp 60w\" sizes=\"(max-width: 150px) 100vw, 150px\" \/><\/a>\n\t\t\t<\/span><\/li><li class='gallery-item'><span class='gallery-icon landscape'>\n\t\t\t\t<a href='https:\/\/www.calviabeach.com\/fr\/?attachment_id=23878'><img loading=\"lazy\" decoding=\"async\" width=\"150\" height=\"150\" src=\"https:\/\/www.calviabeach.com\/wp-content\/uploads\/2015\/02\/Hotel-Rooms-And-Suites_Hero-Video-v02_thumb-150x150.webp\" class=\"attachment-thumbnail size-thumbnail\" alt=\"\" srcset=\"https:\/\/www.calviabeach.com\/wp-content\/uploads\/2015\/02\/Hotel-Rooms-And-Suites_Hero-Video-v02_thumb-150x150.webp 150w, https:\/\/www.calviabeach.com\/wp-content\/uploads\/2015\/02\/Hotel-Rooms-And-Suites_Hero-Video-v02_thumb-1000x1000.webp 1000w, https:\/\/www.calviabeach.com\/wp-content\/uploads\/2015\/02\/Hotel-Rooms-And-Suites_Hero-Video-v02_thumb-100x100.webp 100w, https:\/\/www.calviabeach.com\/wp-content\/uploads\/2015\/02\/Hotel-Rooms-And-Suites_Hero-Video-v02_thumb-300x300.webp 300w, https:\/\/www.calviabeach.com\/wp-content\/uploads\/2015\/02\/Hotel-Rooms-And-Suites_Hero-Video-v02_thumb-1024x1024.webp 1024w, https:\/\/www.calviabeach.com\/wp-content\/uploads\/2015\/02\/Hotel-Rooms-And-Suites_Hero-Video-v02_thumb-1536x1536.webp 1536w, https:\/\/www.calviabeach.com\/wp-content\/uploads\/2015\/02\/Hotel-Rooms-And-Suites_Hero-Video-v02_thumb-2048x2048.webp 2048w, https:\/\/www.calviabeach.com\/wp-content\/uploads\/2015\/02\/Hotel-Rooms-And-Suites_Hero-Video-v02_thumb-60x60.webp 60w, https:\/\/www.calviabeach.com\/wp-content\/uploads\/2015\/02\/Hotel-Rooms-And-Suites_Hero-Video-v02_thumb-266x266.webp 266w\" sizes=\"(max-width: 150px) 100vw, 150px\" \/><\/a>\n\t\t\t<\/span><\/li><\/ul>\n\t\t<\/div>\n\n\t<\/div>\n\n<h2 class=\"mphb-room-type-title entry-title\">\n\n<a class=\"mphb-room-type-title\" href=\"https:\/\/www.calviabeach.com\/fr\/accommodation\/room\/\">Chambre<\/a>\n\n<\/h2>\n\n<p>R\u00e9servez votre s\u00e9jour dans des chambres confortables et bien am\u00e9nag\u00e9es au CalviaBeach. Profitez d&#039;\u00e9quipements modernes, de vues imprenables et d&#039;une hospitalit\u00e9 exceptionnelle pour une escapade parfaite.<\/p>\n\n\n<h3 class=\"mphb-room-type-details-title\">D\u00e9tails<\/h3><ul class=\"mphb-loop-room-type-attributes\">\n\n\n\t<li class=\"mphb-room-type-adults-capacity\"><span class=\"mphb-attribute-title mphb-adults-title\">Adultes :<\/span><span class=\"mphb-attribute-value\">\n\t1\n\t<\/span><\/li>\n\n\n\n\n\n\n\n\n\n\n<\/ul>\n\n<p class=\"mphb-view-details-button-wrapper\">\n<a class=\"button mphb-view-details-button\" href=\"https:\/\/www.calviabeach.com\/fr\/accommodation\/room\/\" >Voir les d\u00e9tails<\/a>\n<\/p>\n<div class=\"mphb-to-book-btn-wrapper\">\n<form action=\"https:\/\/www.calviabeach.com\/fr\/accommodation\/room\/#booking-form-10743\" method=\"get\" data-trp-original-action=\"https:\/\/www.calviabeach.com\/fr\/accommodation\/room\/#booking-form-10743\" ><button type=\"submit\" class=\"button mphb-book-button\" >R\u00e9server<\/button><input type=\"hidden\" name=\"trp-form-language\" value=\"fr\"\/><\/form>\n<br\/><\/div>\n\t\n<\/div>\n\n<\/div>","protected":false},"excerpt":{"rendered":"","protected":false},"author":1,"featured_media":0,"parent":0,"menu_order":0,"comment_status":"closed","ping_status":"closed","template":"","meta":{"source_url":"","source_name":"","published_at":"","ai_reason":"","_monsterinsights_skip_tracking":false,"_monsterinsights_sitenote_active":false,"_monsterinsights_sitenote_note":"","_monsterinsights_sitenote_category":0,"_price":"","_stock":"","_tribe_ticket_header":"","_tribe_default_ticket_provider":"","_tribe_ticket_capacity":"0","_ticket_start_date":"","_ticket_end_date":"","_tribe_ticket_show_description":"","_tribe_ticket_show_not_going":false,"_tribe_ticket_use_global_stock":"","_tribe_ticket_global_stock_level":"","_global_stock_mode":"","_global_stock_cap":"","_tribe_rsvp_for_event":"","_tribe_ticket_going_count":"","_tribe_ticket_not_going_count":"","_tribe_tickets_list":"[]","_tribe_ticket_has_attendee_info_fields":false,"footnotes":"","_tec_slr_enabled":"","_tec_slr_layout":""},"class_list":["post-20547","page","type-page","status-publish","has-post-thumbnail","hentry"],"aioseo_notices":[],"ticketed":false,"_links":{"self":[{"href":"https:\/\/www.calviabeach.com\/fr\/wp-json\/wp\/v2\/pages\/20547","targetHints":{"allow":["GET"]}}],"collection":[{"href":"https:\/\/www.calviabeach.com\/fr\/wp-json\/wp\/v2\/pages"}],"about":[{"href":"https:\/\/www.calviabeach.com\/fr\/wp-json\/wp\/v2\/types\/page"}],"author":[{"embeddable":true,"href":"https:\/\/www.calviabeach.com\/fr\/wp-json\/wp\/v2\/users\/1"}],"replies":[{"embeddable":true,"href":"https:\/\/www.calviabeach.com\/fr\/wp-json\/wp\/v2\/comments?post=20547"}],"version-history":[{"count":0,"href":"https:\/\/www.calviabeach.com\/fr\/wp-json\/wp\/v2\/pages\/20547\/revisions"}],"wp:attachment":[{"href":"https:\/\/www.calviabeach.com\/fr\/wp-json\/wp\/v2\/media?parent=20547"}],"curies":[{"name":"wp","href":"https:\/\/api.w.org\/{rel}","templated":true}]}}