{"id":19412,"date":"2023-07-28T05:33:15","date_gmt":"2023-07-28T05:33:15","guid":{"rendered":"https:\/\/www.calviabeach.com\/?page_id=19412"},"modified":"2025-10-05T11:52:02","modified_gmt":"2025-10-05T18:52:02","slug":"calvia-beach-webcam","status":"publish","type":"page","link":"https:\/\/www.calviabeach.com\/fr\/calvia-beach-webcam\/","title":{"rendered":"Webcam de la plage de Calvi\u00e1"},"content":{"rendered":"<div data-elementor-type=\"wp-page\" data-elementor-id=\"19412\" class=\"elementor elementor-19412\" data-elementor-post-type=\"page\">\n\t\t\t\t<div class=\"elementor-element elementor-element-fd03bd1 e-flex e-con-boxed e-con e-parent\" data-id=\"fd03bd1\" data-element_type=\"container\" data-e-type=\"container\">\n\t\t\t\t\t<div class=\"e-con-inner\">\n\t\t\t\t<div class=\"elementor-element elementor-element-cced903 elementor-widget__width-inherit elementor-widget elementor-widget-html\" data-id=\"cced903\" data-element_type=\"widget\" data-e-type=\"widget\" data-settings=\"{&quot;wdt_animation_effect&quot;:&quot;none&quot;}\" data-widget_type=\"html.default\">\n\t\t\t\t<div class=\"elementor-widget-container\">\n\t\t\t\t\t<div class=\"embed-responsive embed-responsive-16by9><iframe class=\"my-fream\" id=\"iframe\" src=\"https:\/\/ipcamlive.com\/player\/player.php?alias&#x3D;57e37c67605f8&amp;autoplay&#x3D;1\" allowfullscreen><\/iframe><\/div>\t\t\t\t<\/div>\n\t\t\t\t<\/div>\n\t\t\t\t\t<\/div>\n\t\t\t\t<\/div>\n\t\t<div class=\"elementor-element elementor-element-78e55a6 e-flex e-con-boxed e-con e-parent\" data-id=\"78e55a6\" data-element_type=\"container\" data-e-type=\"container\">\n\t\t\t\t\t<div class=\"e-con-inner\">\n\t\t<div class=\"elementor-element elementor-element-7010a95 e-flex e-con-boxed e-con e-child\" data-id=\"7010a95\" data-element_type=\"container\" data-e-type=\"container\">\n\t\t\t\t\t<div class=\"e-con-inner\">\n\t\t\t\t<div class=\"elementor-element elementor-element-f93928f elementor-widget elementor-widget-heading\" data-id=\"f93928f\" data-element_type=\"widget\" data-e-type=\"widget\" data-settings=\"{&quot;wdt_animation_effect&quot;:&quot;none&quot;}\" data-widget_type=\"heading.default\">\n\t\t\t\t<div class=\"elementor-widget-container\">\n\t\t\t\t\t<h2 class=\"elementor-heading-title elementor-size-default\">Calvia Beach Live Cam<\/h2>\t\t\t\t<\/div>\n\t\t\t\t<\/div>\n\t\t\t\t<div class=\"elementor-element elementor-element-805248e elementor-widget elementor-widget-heading\" data-id=\"805248e\" data-element_type=\"widget\" data-e-type=\"widget\" data-settings=\"{&quot;wdt_animation_effect&quot;:&quot;none&quot;}\" data-widget_type=\"heading.default\">\n\t\t\t\t<div class=\"elementor-widget-container\">\n\t\t\t\t\t<h6 class=\"elementor-heading-title elementor-size-default\">Mises \u00e0 jour en direct toutes les 15 minutes<\/h6>\t\t\t\t<\/div>\n\t\t\t\t<\/div>\n\t\t\t\t<div class=\"elementor-element elementor-element-5e2aff4 elementor-widget elementor-widget-text-editor\" data-id=\"5e2aff4\" data-element_type=\"widget\" data-e-type=\"widget\" data-settings=\"{&quot;wdt_animation_effect&quot;:&quot;none&quot;}\" data-widget_type=\"text-editor.default\">\n\t\t\t\t<div class=\"elementor-widget-container\">\n\t\t\t\t\t\t\t\t\t<p><a href=\"https:\/\/calviabeach.com\">Calvia<\/a> is a municipality on the island of Majorca, part of the Spanish autonomous community of the Balearic Islands. It is located in the southwestern part of the island of Majorca, between the Serra de Tramuntana and the Serra de Na Burguesa. The municipal seat is the town of Calvi\u00e0 Vila.<\/p><p><strong>Calvia:<\/strong>\u00a0La ville de Calvi\u00e0 elle-m\u00eame est un t\u00e9moignage de l&#039;histoire de la r\u00e9gion, dont les origines remontent au XIIIe si\u00e8cle. Plongez dans les merveilles architecturales de la ville, notamment les maisons ancestrales comme Can Verger et Can Ros, ainsi que l&#039;impressionnant syst\u00e8me de tours de d\u00e9fense c\u00f4ti\u00e8re comme le Castellot de Santa Pon\u00e7a. Ne manquez pas l&#039;occasion de visiter l&#039;\u00e9glise paroissiale de Calvi\u00e0 et les ermitages de Portals et Pedra Sagrada, qui pr\u00e9sentent une fusion d&#039;\u00e9l\u00e9ments romans et gothiques.<\/p><p>Cette image est mise \u00e0 jour constamment tout au long de la journ\u00e9e. Un grand merci \u00e0 nos partenaires qui ont contribu\u00e9 \u00e0 fournir cette image.<\/p>\t\t\t\t\t\t\t\t<\/div>\n\t\t\t\t<\/div>\n\t\t\t\t<div class=\"elementor-element elementor-element-6cc9b04 elementor-widget elementor-widget-heading\" data-id=\"6cc9b04\" data-element_type=\"widget\" data-e-type=\"widget\" data-settings=\"{&quot;wdt_animation_effect&quot;:&quot;none&quot;}\" data-widget_type=\"heading.default\">\n\t\t\t\t<div class=\"elementor-widget-container\">\n\t\t\t\t\t<h2 class=\"elementor-heading-title elementor-size-default\">Emplacement<\/h2>\t\t\t\t<\/div>\n\t\t\t\t<\/div>\n\t\t\t\t<div class=\"elementor-element elementor-element-843b1a2 elementor-widget elementor-widget-text-editor\" data-id=\"843b1a2\" data-element_type=\"widget\" data-e-type=\"widget\" data-settings=\"{&quot;wdt_animation_effect&quot;:&quot;none&quot;}\" data-widget_type=\"text-editor.default\">\n\t\t\t\t<div class=\"elementor-widget-container\">\n\t\t\t\t\t\t\t\t\t<p>les \u00celes Bal\u00e9ares<br \/>Espagne<\/p>\t\t\t\t\t\t\t\t<\/div>\n\t\t\t\t<\/div>\n\t\t\t\t<div class=\"elementor-element elementor-element-0c8f86d elementor-widget elementor-widget-google_maps\" data-id=\"0c8f86d\" data-element_type=\"widget\" data-e-type=\"widget\" data-settings=\"{&quot;wdt_animation_effect&quot;:&quot;none&quot;}\" data-widget_type=\"google_maps.default\">\n\t\t\t\t<div class=\"elementor-widget-container\">\n\t\t\t\t\t\t\t<div class=\"elementor-custom-embed\">\n\t\t\t<iframe loading=\"lazy\"\n\t\t\t\t\tsrc=\"https:\/\/www.google.com\/maps\/embed\/v1\/place?key=AIzaSyA11HS58-mZ75BIt2Fbu71XItMdWnL9NFk&#038;q=calvia%20Balearic%20Islands%20Spain&#038;zoom=13\"\n\t\t\t\t\ttitle=\"calvia \u00celes Bal\u00e9ares Espagne\"\n\t\t\t\t\taria-label=\"calvia \u00celes Bal\u00e9ares Espagne\"\n\t\t\t><\/iframe>\n\t\t<\/div>\n\t\t\t\t\t\t<\/div>\n\t\t\t\t<\/div>\n\t\t\t\t\t<\/div>\n\t\t\t\t<\/div>\n\t\t\t\t\t<\/div>\n\t\t\t\t<\/div>\n\t\t\t\t<\/div>","protected":false},"excerpt":{"rendered":"<p>Calvia Beach Live Cam Live updates every 15 minutes Calvi\u00e0 is a municipality on the island of Majorca, part of the Spanish autonomous community of the Balearic Islands. It is [&hellip;]<\/p>\n","protected":false},"author":1,"featured_media":0,"parent":0,"menu_order":0,"comment_status":"closed","ping_status":"closed","template":"","meta":{"source_url":"","source_name":"","published_at":"","ai_reason":"","_monsterinsights_skip_tracking":false,"_monsterinsights_sitenote_active":false,"_monsterinsights_sitenote_note":"","_monsterinsights_sitenote_category":0,"_price":"","_stock":"","_tribe_ticket_header":"","_tribe_default_ticket_provider":"","_tribe_ticket_capacity":"0","_ticket_start_date":"","_ticket_end_date":"","_tribe_ticket_show_description":"","_tribe_ticket_show_not_going":false,"_tribe_ticket_use_global_stock":"","_tribe_ticket_global_stock_level":"","_global_stock_mode":"","_global_stock_cap":"","_tribe_rsvp_for_event":"","_tribe_ticket_going_count":"","_tribe_ticket_not_going_count":"","_tribe_tickets_list":"[]","_tribe_ticket_has_attendee_info_fields":false,"footnotes":"","_tec_slr_enabled":"","_tec_slr_layout":""},"class_list":["post-19412","page","type-page","status-publish","has-post-thumbnail","hentry"],"aioseo_notices":[],"ticketed":false,"_links":{"self":[{"href":"https:\/\/www.calviabeach.com\/fr\/wp-json\/wp\/v2\/pages\/19412","targetHints":{"allow":["GET"]}}],"collection":[{"href":"https:\/\/www.calviabeach.com\/fr\/wp-json\/wp\/v2\/pages"}],"about":[{"href":"https:\/\/www.calviabeach.com\/fr\/wp-json\/wp\/v2\/types\/page"}],"author":[{"embeddable":true,"href":"https:\/\/www.calviabeach.com\/fr\/wp-json\/wp\/v2\/users\/1"}],"replies":[{"embeddable":true,"href":"https:\/\/www.calviabeach.com\/fr\/wp-json\/wp\/v2\/comments?post=19412"}],"version-history":[{"count":0,"href":"https:\/\/www.calviabeach.com\/fr\/wp-json\/wp\/v2\/pages\/19412\/revisions"}],"wp:attachment":[{"href":"https:\/\/www.calviabeach.com\/fr\/wp-json\/wp\/v2\/media?parent=19412"}],"curies":[{"name":"wp","href":"https:\/\/api.w.org\/{rel}","templated":true}]}}