{"id":19226,"date":"2023-07-24T10:47:02","date_gmt":"2023-07-24T10:47:02","guid":{"rendered":"https:\/\/www.calviabeach.com\/?page_id=19226"},"modified":"2024-11-25T01:46:32","modified_gmt":"2024-11-25T09:46:32","slug":"peguera","status":"publish","type":"page","link":"https:\/\/www.calviabeach.com\/fr\/peguera\/","title":{"rendered":"Peguera"},"content":{"rendered":"<div data-elementor-type=\"wp-page\" data-elementor-id=\"19226\" class=\"elementor elementor-19226\" data-elementor-post-type=\"page\">\n\t\t\t\t\t\t<section class=\"elementor-section elementor-top-section elementor-element elementor-element-81ed3ad elementor-section-boxed elementor-section-height-default elementor-section-height-default\" data-id=\"81ed3ad\" data-element_type=\"section\" data-e-type=\"section\" data-settings=\"{&quot;wdt_bg_image&quot;:{&quot;url&quot;:&quot;&quot;,&quot;id&quot;:&quot;&quot;,&quot;size&quot;:&quot;&quot;},&quot;wdt_bg_image_widescreen&quot;:{&quot;url&quot;:&quot;&quot;,&quot;id&quot;:&quot;&quot;,&quot;size&quot;:&quot;&quot;},&quot;wdt_bg_image_laptop&quot;:{&quot;url&quot;:&quot;&quot;,&quot;id&quot;:&quot;&quot;,&quot;size&quot;:&quot;&quot;},&quot;wdt_bg_image_tablet_extra&quot;:{&quot;url&quot;:&quot;&quot;,&quot;id&quot;:&quot;&quot;,&quot;size&quot;:&quot;&quot;},&quot;wdt_bg_image_tablet&quot;:{&quot;url&quot;:&quot;&quot;,&quot;id&quot;:&quot;&quot;,&quot;size&quot;:&quot;&quot;},&quot;wdt_bg_image_mobile_extra&quot;:{&quot;url&quot;:&quot;&quot;,&quot;id&quot;:&quot;&quot;,&quot;size&quot;:&quot;&quot;},&quot;wdt_bg_image_mobile&quot;:{&quot;url&quot;:&quot;&quot;,&quot;id&quot;:&quot;&quot;,&quot;size&quot;:&quot;&quot;},&quot;wdt_bg_position&quot;:&quot;center center&quot;,&quot;wdt_animation_effect&quot;:&quot;none&quot;}\">\n\t\t\t\t\t\t<div class=\"elementor-container elementor-column-gap-default\">\n\t\t\t\t\t<div class=\"elementor-column elementor-col-100 elementor-top-column elementor-element elementor-element-583167a\" data-id=\"583167a\" data-element_type=\"column\" data-e-type=\"column\">\n\t\t\t<div class=\"elementor-widget-wrap elementor-element-populated\">\n\t\t\t\t\t\t<div class=\"elementor-element elementor-element-ddbdf20 elementor-widget elementor-widget-text-editor\" data-id=\"ddbdf20\" data-element_type=\"widget\" data-e-type=\"widget\" data-settings=\"{&quot;wdt_animation_effect&quot;:&quot;none&quot;}\" data-widget_type=\"text-editor.default\">\n\t\t\t\t<div class=\"elementor-widget-container\">\n\t\t\t\t\t\t\t\t\t<header><h1>\u00a0Peguera \u2013 Un joyau c\u00f4tier \u00e0 Majorque<\/h1><p>Bienvenue \u00e0 Peguera, une charmante ville c\u00f4ti\u00e8re nich\u00e9e le long des c\u00f4tes pittoresques de Majorque. Avec ses superbes plages, son atmosph\u00e8re anim\u00e9e et sa pl\u00e9thore d&#039;activit\u00e9s, Peguera est devenue une destination de vacances appr\u00e9ci\u00e9e des voyageurs en qu\u00eate de soleil, de d\u00e9tente et d&#039;aventure.<\/p><h3>\u00c0 la d\u00e9couverte de la beaut\u00e9 de Peguera<\/h3><p>Peguera est une belle station baln\u00e9aire situ\u00e9e sur la c\u00f4te ouest de Majorque, dans la municipalit\u00e9 de Calvia. \u00c0 seulement 24,5 kilom\u00e8tres de la capitale, Palma de Majorque, et \u00e0 35 kilom\u00e8tres de l&#039;a\u00e9roport de Palma de Majorque, Peguera b\u00e9n\u00e9ficie d&#039;un emplacement strat\u00e9gique aux c\u00f4t\u00e9s des stations baln\u00e9aires voisines de Palma Nova, Magaluf et Santa Ponsa.<\/p><h3>Des plages \u00e0 couper le souffle<\/h3><p>Peguera poss\u00e8de fi\u00e8rement trois belles plages de sable fin qui s&#039;adressent \u00e0 tous les types d&#039;amoureux de la plage. Playa Palmira, Playa Tora et Playa La Romana offrent un havre d&#039;eaux cristallines et de doux sable dor\u00e9. Que vous recherchiez la tranquillit\u00e9 ou des commodit\u00e9s familiales, ces plages ne vous d\u00e9cevront pas.<\/p><h3>Promenade anim\u00e9e<\/h3><p>Promenez-vous tranquillement le long de la promenade anim\u00e9e de Peguera, orn\u00e9e de palmiers, de restaurants, de caf\u00e9s et de boutiques. Savourez l&#039;atmosph\u00e8re anim\u00e9e, achetez des souvenirs ou savourez un d\u00e9licieux repas avec une vue imprenable sur la mer.<\/p><h3>Adopter la beaut\u00e9 naturelle<\/h3><p>Peguera est entour\u00e9e d&#039;une beaut\u00e9 naturelle, avec des for\u00eats de pins et des falaises escarp\u00e9es qui ne demandent qu&#039;\u00e0 \u00eatre explor\u00e9es. Embarquez pour une aventure \u00e0 pied ou \u00e0 v\u00e9lo pour d\u00e9couvrir des paysages pittoresques et des criques cach\u00e9es.<\/p><h3>Sports nautiques palpitants<\/h3><p>Les eaux calmes et claires de Peguera cr\u00e9ent le terrain de jeu id\u00e9al pour les aventures aquatiques. Participez \u00e0 des activit\u00e9s de sports nautiques palpitantes telles que la plong\u00e9e en apn\u00e9e, la plong\u00e9e, le jet ski et le paddleboard.<\/p><h3>Pourquoi passer des vacances \u00e0 Peguera ?<\/h3><p>Des plages immacul\u00e9es<br \/>Peguera est r\u00e9put\u00e9e pour ses plages immacul\u00e9es r\u00e9pondant \u00e0 diverses pr\u00e9f\u00e9rences. De la tranquille Playa Palmira \u00e0 la familiale Playa Tora en passant par la crique pittoresque de Playa La Romana, les amoureux de la plage trouveront leur endroit id\u00e9al.<\/p><h3>Activit\u00e9s ext\u00e9rieures<\/h3><p>Peguera propose une gamme d&#039;activit\u00e9s de plein air, s&#039;adressant \u00e0 la fois aux amateurs d&#039;aventure et aux amoureux de la nature. Enfilez vos chaussures de randonn\u00e9e ou enfourchez un v\u00e9lo pour explorer les sentiers pittoresques qui sillonnent le paysage environnant.<\/p><h3>Vie nocturne anim\u00e9e<\/h3><p>Au coucher du soleil, Peguera s&#039;anime avec sa vie nocturne anim\u00e9e. Profitez d&#039;une vari\u00e9t\u00e9 de bars, de restaurants et d&#039;options de divertissement qui rendent les soir\u00e9es \u00e0 Peguera m\u00e9morables.<\/p><h3>Shopping et restauration<\/h3><p>La promenade de la plage de la ville est parsem\u00e9e de charmantes boutiques et de d\u00e9licieux restaurants. Offrez-vous une cuisine locale, offrez-vous des vir\u00e9es shopping et savourez l&#039;ambiance m\u00e9diterran\u00e9enne d\u00e9tendue.<\/p><h3>Cr\u00e9er des souvenirs inoubliables<\/h3><p>Peguera attire par sa beaut\u00e9 naturelle, ses activit\u00e9s passionnantes et son atmosph\u00e8re m\u00e9diterran\u00e9enne chaleureuse. Que vous recherchiez le bonheur de la plage, l&#039;aventure ou la d\u00e9tente, Peguera promet des souvenirs inoubliables \u00e0 tous ceux qui la visitent.<\/p><\/header>\t\t\t\t\t\t\t\t<\/div>\n\t\t\t\t<\/div>\n\t\t\t\t\t<\/div>\n\t\t<\/div>\n\t\t\t\t\t<\/div>\n\t\t<\/section>\n\t\t\t\t<\/div>","protected":false},"excerpt":{"rendered":"<p>\u00a0Peguera &#8211; A Coastal Gem in Mallorca Welcome to Peguera, a charming coastal town nestled along the picturesque shores of Mallorca. With its stunning beaches, vibrant atmosphere, and a plethora [&hellip;]<\/p>\n","protected":false},"author":1,"featured_media":0,"parent":0,"menu_order":0,"comment_status":"closed","ping_status":"closed","template":"","meta":{"source_url":"","source_name":"","published_at":"","ai_reason":"","_monsterinsights_skip_tracking":false,"_monsterinsights_sitenote_active":false,"_monsterinsights_sitenote_note":"","_monsterinsights_sitenote_category":0,"_price":"","_stock":"","_tribe_ticket_header":"","_tribe_default_ticket_provider":"","_tribe_ticket_capacity":"0","_ticket_start_date":"","_ticket_end_date":"","_tribe_ticket_show_description":"","_tribe_ticket_show_not_going":false,"_tribe_ticket_use_global_stock":"","_tribe_ticket_global_stock_level":"","_global_stock_mode":"","_global_stock_cap":"","_tribe_rsvp_for_event":"","_tribe_ticket_going_count":"","_tribe_ticket_not_going_count":"","_tribe_tickets_list":"[]","_tribe_ticket_has_attendee_info_fields":false,"footnotes":"","_tec_slr_enabled":"","_tec_slr_layout":""},"class_list":["post-19226","page","type-page","status-publish","has-post-thumbnail","hentry"],"aioseo_notices":[],"ticketed":false,"_links":{"self":[{"href":"https:\/\/www.calviabeach.com\/fr\/wp-json\/wp\/v2\/pages\/19226","targetHints":{"allow":["GET"]}}],"collection":[{"href":"https:\/\/www.calviabeach.com\/fr\/wp-json\/wp\/v2\/pages"}],"about":[{"href":"https:\/\/www.calviabeach.com\/fr\/wp-json\/wp\/v2\/types\/page"}],"author":[{"embeddable":true,"href":"https:\/\/www.calviabeach.com\/fr\/wp-json\/wp\/v2\/users\/1"}],"replies":[{"embeddable":true,"href":"https:\/\/www.calviabeach.com\/fr\/wp-json\/wp\/v2\/comments?post=19226"}],"version-history":[{"count":0,"href":"https:\/\/www.calviabeach.com\/fr\/wp-json\/wp\/v2\/pages\/19226\/revisions"}],"wp:attachment":[{"href":"https:\/\/www.calviabeach.com\/fr\/wp-json\/wp\/v2\/media?parent=19226"}],"curies":[{"name":"wp","href":"https:\/\/api.w.org\/{rel}","templated":true}]}}