{"id":18282,"date":"2023-07-12T05:01:32","date_gmt":"2023-07-12T05:01:32","guid":{"rendered":"https:\/\/www.calviabeach.com\/?page_id=18282"},"modified":"2025-10-05T12:50:57","modified_gmt":"2025-10-05T19:50:57","slug":"disclaimer","status":"publish","type":"page","link":"https:\/\/www.calviabeach.com\/fr\/disclaimer\/","title":{"rendered":"Clause de non-responsabilit\u00e9"},"content":{"rendered":"<div data-elementor-type=\"wp-page\" data-elementor-id=\"18282\" class=\"elementor elementor-18282\" data-elementor-post-type=\"page\">\n\t\t\t\t<div class=\"elementor-element elementor-element-2f7c2e3 e-flex e-con-boxed e-con e-parent\" data-id=\"2f7c2e3\" data-element_type=\"container\" data-e-type=\"container\">\n\t\t\t\t\t<div class=\"e-con-inner\">\n\t\t\t\t<div class=\"elementor-element elementor-element-db0c896 elementor-widget elementor-widget-html\" data-id=\"db0c896\" data-element_type=\"widget\" data-e-type=\"widget\" data-settings=\"{&quot;wdt_animation_effect&quot;:&quot;none&quot;}\" data-widget_type=\"html.default\">\n\t\t\t\t<div class=\"elementor-widget-container\">\n\t\t\t\t\t<h1>Clause de non-responsabilit\u00e9<\/h1>\r\n<p>Derni\u00e8re mise \u00e0 jour : 12 juillet 2023<\/p>\r\n<h1>Interpr\u00e9tation et d\u00e9finitions<\/h1>\r\n<h2>Interpr\u00e9tation<\/h2>\r\n<p>Les mots dont la lettre initiale est en majuscule ont des significations d\u00e9finies dans les conditions suivantes. Les d\u00e9finitions suivantes auront la m\u00eame signification qu\u2019elles apparaissent au singulier ou au pluriel.<\/p>\r\n<h2>D\u00e9finitions<\/h2>\r\n<p>Aux fins de cette clause de non-responsabilit\u00e9\u00a0:<\/p>\r\n<ul>\r\n<li><strong>Entreprise<\/strong> (appel\u00e9 \u00ab la Soci\u00e9t\u00e9 \u00bb, \u00ab Nous \u00bb, \u00ab Notre \u00bb ou \u00ab Notre \u00bb dans le pr\u00e9sent Avis de non-responsabilit\u00e9) fait r\u00e9f\u00e9rence \u00e0 Calvia Beach.<\/li>\r\n<li><strong>Service<\/strong> fait r\u00e9f\u00e9rence au Site Internet.<\/li>\r\n<li><strong>Toi<\/strong> d\u00e9signe la personne acc\u00e9dant au Service, ou la soci\u00e9t\u00e9, ou autre entit\u00e9 juridique au nom de laquelle cette personne acc\u00e8de ou utilise le Service, selon le cas.<\/li>\r\n<li><strong>Site web<\/strong> fait r\u00e9f\u00e9rence \u00e0 la plage de Calvia, accessible depuis <a href=\"https:\/\/www.calviabeach.com\/\" rel=\"external nofollow noopener\" target=\"_blank\">https:\/\/www.calviabeach.com\/<\/a><\/li>\r\n<\/ul>\r\n<h1>Clause de non-responsabilit\u00e9<\/h1>\r\n<p>Les informations contenues sur le Service sont uniquement \u00e0 des fins d\u2019information g\u00e9n\u00e9rale.<\/p>\r\n<p>La Soci\u00e9t\u00e9 n&#039;assume aucune responsabilit\u00e9 pour les erreurs ou omissions dans le contenu du Service.<\/p>\r\n<p>En aucun cas, la Soci\u00e9t\u00e9 ne sera responsable de tout dommage sp\u00e9cial, direct, indirect, cons\u00e9cutif ou accidentel ou de quelque dommage que ce soit, que ce soit dans le cadre d&#039;une action contractuelle, de n\u00e9gligence ou autre d\u00e9lit, d\u00e9coulant de ou en relation avec l&#039;utilisation du Service. ou le contenu du Service. La Soci\u00e9t\u00e9 se r\u00e9serve le droit d&#039;effectuer des ajouts, des suppressions ou des modifications au contenu du Service \u00e0 tout moment et sans pr\u00e9avis. Cette clause de non-responsabilit\u00e9 a \u00e9t\u00e9 cr\u00e9\u00e9e avec l&#039;aide du <a href=\"https:\/\/www.termsfeed.com\/disclaimer-generator\/\" target=\"_blank\">G\u00e9n\u00e9rateur de clause de non-responsabilit\u00e9<\/a>.<\/p>\r\n<p>La Soci\u00e9t\u00e9 ne garantit pas que le Service est exempt de virus ou d&#039;autres composants nuisibles.<\/p>\r\n<h1>Clause de non-responsabilit\u00e9 relative aux liens externes<\/h1>\r\n<p>Le Service peut contenir des liens vers des sites Web externes qui ne sont pas fournis ou maintenus par ou affili\u00e9s de quelque mani\u00e8re que ce soit \u00e0 la Soci\u00e9t\u00e9.<\/p>\r\n<p>Veuillez noter que la Soci\u00e9t\u00e9 ne garantit pas l&#039;exactitude, la pertinence, l&#039;actualit\u00e9 ou l&#039;exhaustivit\u00e9 des informations contenues dans ces sites Web externes.<\/p>\r\n<h1>Avis de non-responsabilit\u00e9 concernant les erreurs et omissions<\/h1>\r\n<p>Les informations fournies par le Service sont uniquement \u00e0 titre indicatif sur des questions d&#039;int\u00e9r\u00eat. M\u00eame si la Soci\u00e9t\u00e9 prend toutes les pr\u00e9cautions pour garantir que le contenu du Service est \u00e0 la fois actuel et exact, des erreurs peuvent survenir. De plus, \u00e9tant donn\u00e9 la nature changeante des lois, r\u00e8gles et r\u00e9glementations, il peut y avoir des retards, des omissions ou des inexactitudes dans les informations contenues sur le Service.<\/p>\r\n<p>La Soci\u00e9t\u00e9 n&#039;est pas responsable des erreurs ou omissions, ni des r\u00e9sultats obtenus gr\u00e2ce \u00e0 l&#039;utilisation de ces informations.<\/p>\r\n<h1>Avis de non-responsabilit\u00e9 en mati\u00e8re d&#039;utilisation \u00e9quitable<\/h1>\r\n<p>La Soci\u00e9t\u00e9 peut utiliser du mat\u00e9riel prot\u00e9g\u00e9 par le droit d&#039;auteur qui n&#039;a pas toujours \u00e9t\u00e9 sp\u00e9cifiquement autoris\u00e9 par le propri\u00e9taire du droit d&#039;auteur. La Soci\u00e9t\u00e9 met ce mat\u00e9riel \u00e0 disposition \u00e0 des fins de critique, de commentaire, de reportage, d&#039;enseignement, d&#039;\u00e9rudition ou de recherche.<\/p>\r\n<p>La Soci\u00e9t\u00e9 estime que cela constitue une \u00ab utilisation \u00e9quitable \u00bb de tout mat\u00e9riel prot\u00e9g\u00e9 par le droit d&#039;auteur, tel que pr\u00e9vu \u00e0 l&#039;article 107 de la loi am\u00e9ricaine sur le droit d&#039;auteur.<\/p>\r\n<p>Si vous souhaitez utiliser du mat\u00e9riel prot\u00e9g\u00e9 par le droit d&#039;auteur du Service \u00e0 vos propres fins qui vont au-del\u00e0 d&#039;une utilisation \u00e9quitable, vous devez obtenir l&#039;autorisation du propri\u00e9taire du droit d&#039;auteur.<\/p>\r\n<h1>Opinions exprim\u00e9es<\/h1>\r\n<p>Le Service peut contenir des points de vue et des opinions qui sont ceux des auteurs et ne refl\u00e8tent pas n\u00e9cessairement la politique ou la position officielle de tout autre auteur, agence, organisation, employeur ou entreprise, y compris la Soci\u00e9t\u00e9.<\/p>\r\n<p>Les commentaires publi\u00e9s par les utilisateurs rel\u00e8vent de leur seule responsabilit\u00e9 et les utilisateurs assumeront l&#039;enti\u00e8re responsabilit\u00e9 et le bl\u00e2me pour toute diffamation ou litige r\u00e9sultant de quelque chose d&#039;\u00e9crit ou r\u00e9sultant directement de quelque chose d&#039;\u00e9crit dans un commentaire. La Soci\u00e9t\u00e9 n&#039;est pas responsable des commentaires publi\u00e9s par les utilisateurs et se r\u00e9serve le droit de supprimer tout commentaire pour quelque raison que ce soit.<\/p>\r\n<h1>Aucune clause de non-responsabilit\u00e9<\/h1>\r\n<p>Les informations sur le Service sont fournies \u00e9tant entendu que la Soci\u00e9t\u00e9 n&#039;est pas engag\u00e9e par les pr\u00e9sentes \u00e0 fournir des conseils et services juridiques, comptables, fiscaux ou autres. En tant que tel, il ne doit pas \u00eatre utilis\u00e9 comme substitut \u00e0 la consultation de conseillers professionnels comptables, fiscaux, juridiques ou autres conseillers comp\u00e9tents.<\/p>\r\n<p>En aucun cas, la Soci\u00e9t\u00e9 ou ses fournisseurs ne pourront \u00eatre tenus responsables de tout dommage sp\u00e9cial, accessoire, indirect ou cons\u00e9cutif, quel qu&#039;il soit, d\u00e9coulant de ou en relation avec votre acc\u00e8s ou votre utilisation ou votre incapacit\u00e9 \u00e0 acc\u00e9der ou \u00e0 utiliser le Service.<\/p>\r\n<h1>Avis de non-responsabilit\u00e9 \u00ab Utilisation \u00e0 vos propres risques \u00bb<\/h1>\r\n<p>Toutes les informations contenues dans le Service sont fournies \u00ab telles quelles \u00bb, sans aucune garantie d&#039;exhaustivit\u00e9, d&#039;exactitude, d&#039;actualit\u00e9 ou des r\u00e9sultats obtenus \u00e0 partir de l&#039;utilisation de ces informations, et sans garantie d&#039;aucune sorte, expresse ou implicite, y compris, mais sans s&#039;y limiter. garanties de performance, de qualit\u00e9 marchande et d\u2019ad\u00e9quation \u00e0 un usage particulier.<\/p>\r\n<p>La Soci\u00e9t\u00e9 ne sera pas responsable envers vous ou toute autre personne de toute d\u00e9cision prise ou action prise sur la base des informations fournies par le Service ou de tout dommage cons\u00e9cutif, sp\u00e9cial ou similaire, m\u00eame si elle est inform\u00e9e de la possibilit\u00e9 de tels dommages.<\/p>\r\n<h1>Contactez-nous<\/h1>\r\n<p>Si vous avez des questions concernant cette clause de non-responsabilit\u00e9, vous pouvez nous contacter\u00a0:<\/p>\r\n<ul>\r\n<li>\r\n<p>Par email : support@calviabeach.com<\/p>\r\n<\/li>\r\n<li>\r\n<p>En visitant cette page de notre site Internet : <a href=\"https:\/\/www.calviabeach.com\/contact\/\" rel=\"external nofollow noopener\" target=\"_blank\">https:\/\/www.calviabeach.com\/contact\/<\/a><\/p>\r\n<\/li>\r\n<li>\r\n<p>Par num\u00e9ro de t\u00e9l\u00e9phone : 34 642 789 599<\/p>\r\n<\/li>\r\n<\/ul>\t\t\t\t<\/div>\n\t\t\t\t<\/div>\n\t\t\t\t\t<\/div>\n\t\t\t\t<\/div>\n\t\t\t\t<\/div>","protected":false},"excerpt":{"rendered":"<p>Disclaimer Last updated: July 12, 2023 Interpretation and Definitions Interpretation The words of which the initial letter is capitalized have meanings defined under the following conditions. The following definitions shall [&hellip;]<\/p>\n","protected":false},"author":1,"featured_media":0,"parent":0,"menu_order":0,"comment_status":"closed","ping_status":"closed","template":"","meta":{"source_url":"","source_name":"","published_at":"","ai_reason":"","_monsterinsights_skip_tracking":false,"_monsterinsights_sitenote_active":false,"_monsterinsights_sitenote_note":"","_monsterinsights_sitenote_category":0,"_price":"","_stock":"","_tribe_ticket_header":"","_tribe_default_ticket_provider":"","_tribe_ticket_capacity":"0","_ticket_start_date":"","_ticket_end_date":"","_tribe_ticket_show_description":"","_tribe_ticket_show_not_going":false,"_tribe_ticket_use_global_stock":"","_tribe_ticket_global_stock_level":"","_global_stock_mode":"","_global_stock_cap":"","_tribe_rsvp_for_event":"","_tribe_ticket_going_count":"","_tribe_ticket_not_going_count":"","_tribe_tickets_list":"[]","_tribe_ticket_has_attendee_info_fields":false,"footnotes":"","_tec_slr_enabled":"","_tec_slr_layout":""},"class_list":["post-18282","page","type-page","status-publish","has-post-thumbnail","hentry"],"aioseo_notices":[],"ticketed":false,"_links":{"self":[{"href":"https:\/\/www.calviabeach.com\/fr\/wp-json\/wp\/v2\/pages\/18282","targetHints":{"allow":["GET"]}}],"collection":[{"href":"https:\/\/www.calviabeach.com\/fr\/wp-json\/wp\/v2\/pages"}],"about":[{"href":"https:\/\/www.calviabeach.com\/fr\/wp-json\/wp\/v2\/types\/page"}],"author":[{"embeddable":true,"href":"https:\/\/www.calviabeach.com\/fr\/wp-json\/wp\/v2\/users\/1"}],"replies":[{"embeddable":true,"href":"https:\/\/www.calviabeach.com\/fr\/wp-json\/wp\/v2\/comments?post=18282"}],"version-history":[{"count":0,"href":"https:\/\/www.calviabeach.com\/fr\/wp-json\/wp\/v2\/pages\/18282\/revisions"}],"wp:attachment":[{"href":"https:\/\/www.calviabeach.com\/fr\/wp-json\/wp\/v2\/media?parent=18282"}],"curies":[{"name":"wp","href":"https:\/\/api.w.org\/{rel}","templated":true}]}}