{"id":19226,"date":"2023-07-24T10:47:02","date_gmt":"2023-07-24T10:47:02","guid":{"rendered":"https:\/\/www.calviabeach.com\/?page_id=19226"},"modified":"2024-11-25T01:46:32","modified_gmt":"2024-11-25T09:46:32","slug":"peguera","status":"publish","type":"page","link":"https:\/\/www.calviabeach.com\/es\/peguera\/","title":{"rendered":"Peguera"},"content":{"rendered":"<div data-elementor-type=\"wp-page\" data-elementor-id=\"19226\" class=\"elementor elementor-19226\" data-elementor-post-type=\"page\">\n\t\t\t\t\t\t<section class=\"elementor-section elementor-top-section elementor-element elementor-element-81ed3ad elementor-section-boxed elementor-section-height-default elementor-section-height-default\" data-id=\"81ed3ad\" data-element_type=\"section\" data-e-type=\"section\" data-settings=\"{&quot;wdt_bg_image&quot;:{&quot;url&quot;:&quot;&quot;,&quot;id&quot;:&quot;&quot;,&quot;size&quot;:&quot;&quot;},&quot;wdt_bg_image_widescreen&quot;:{&quot;url&quot;:&quot;&quot;,&quot;id&quot;:&quot;&quot;,&quot;size&quot;:&quot;&quot;},&quot;wdt_bg_image_laptop&quot;:{&quot;url&quot;:&quot;&quot;,&quot;id&quot;:&quot;&quot;,&quot;size&quot;:&quot;&quot;},&quot;wdt_bg_image_tablet_extra&quot;:{&quot;url&quot;:&quot;&quot;,&quot;id&quot;:&quot;&quot;,&quot;size&quot;:&quot;&quot;},&quot;wdt_bg_image_tablet&quot;:{&quot;url&quot;:&quot;&quot;,&quot;id&quot;:&quot;&quot;,&quot;size&quot;:&quot;&quot;},&quot;wdt_bg_image_mobile_extra&quot;:{&quot;url&quot;:&quot;&quot;,&quot;id&quot;:&quot;&quot;,&quot;size&quot;:&quot;&quot;},&quot;wdt_bg_image_mobile&quot;:{&quot;url&quot;:&quot;&quot;,&quot;id&quot;:&quot;&quot;,&quot;size&quot;:&quot;&quot;},&quot;wdt_bg_position&quot;:&quot;center center&quot;,&quot;wdt_animation_effect&quot;:&quot;none&quot;}\">\n\t\t\t\t\t\t<div class=\"elementor-container elementor-column-gap-default\">\n\t\t\t\t\t<div class=\"elementor-column elementor-col-100 elementor-top-column elementor-element elementor-element-583167a\" data-id=\"583167a\" data-element_type=\"column\" data-e-type=\"column\">\n\t\t\t<div class=\"elementor-widget-wrap elementor-element-populated\">\n\t\t\t\t\t\t<div class=\"elementor-element elementor-element-ddbdf20 elementor-widget elementor-widget-text-editor\" data-id=\"ddbdf20\" data-element_type=\"widget\" data-e-type=\"widget\" data-settings=\"{&quot;wdt_animation_effect&quot;:&quot;none&quot;}\" data-widget_type=\"text-editor.default\">\n\t\t\t\t<div class=\"elementor-widget-container\">\n\t\t\t\t\t\t\t\t\t<header><h1>\u00a0Peguera \u2013 Una joya costera en Mallorca<\/h1><p>Bienvenido a Peguera, un encantador pueblo costero ubicado a lo largo de las pintorescas costas de Mallorca. Con sus impresionantes playas, su ambiente vibrante y una gran cantidad de actividades, Peguera se ha convertido en un destino de vacaciones querido para los viajeros que buscan sol, relajaci\u00f3n y aventura.<\/p><h3>Descubriendo la Belleza de Peguera<\/h3><p>Peguera es un bonito complejo vacacional situado en la costa oeste de Mallorca, en el Municipio de Calvi\u00e0. A s\u00f3lo 24,5 kil\u00f3metros de la capital, Palma de Mallorca, y a 35 kil\u00f3metros del aeropuerto de Palma de Mallorca, Peguera disfruta de una ubicaci\u00f3n estrat\u00e9gica junto a las localidades vecinas de Palma Nova, Magaluf y Santa Ponsa.<\/p><h3>Playas impresionantes<\/h3><p>Peguera se enorgullece de tener tres hermosas playas de arena que satisfacen a todo tipo de amantes de la playa. Playa Palmira, Playa Tora y Playa La Romana ofrecen un para\u00edso de aguas cristalinas y suaves arenas doradas. Ya sea que busque tranquilidad o comodidades para toda la familia, estas playas no lo decepcionar\u00e1n.<\/p><h3>Paseo animado<\/h3><p>D\u00e9 un paseo tranquilo por el animado paseo mar\u00edtimo de Peguera, adornado con palmeras, restaurantes, cafeter\u00edas y tiendas. Saboree el ambiente vibrante, compre recuerdos o disfrute de una deliciosa comida con impresionantes vistas al mar.<\/p><h3>Abrazando la belleza natural<\/h3><p>Peguera est\u00e1 rodeada de belleza natural, con bosques de pinos y acantilados escarpados que piden ser explorados. Emb\u00e1rcate en una aventura a pie o en bicicleta para descubrir paisajes pintorescos y calas escondidas.<\/p><h3>Deportes acu\u00e1ticos emocionantes<\/h3><p>Las tranquilas y cristalinas aguas de Peguera crean el terreno de juego perfecto para aventuras acu\u00e1ticas. Participe en emocionantes actividades de deportes acu\u00e1ticos como snorkel, buceo, motos acu\u00e1ticas y remo.<\/p><h3>\u00bfPor qu\u00e9 vacaciones en Peguera?<\/h3><p>Playas v\u00edrgenes<br \/>Peguera es conocida por sus playas v\u00edrgenes que satisfacen diversas preferencias. Desde la tranquila Playa Palmira hasta la familiar Playa Tora y la pintoresca cala de Playa La Romana, los amantes de la playa encontrar\u00e1n su lugar perfecto.<\/p><h3>Actividades al aire libre<\/h3><p>Peguera ofrece una variedad de actividades al aire libre, dirigidas tanto a los buscadores de aventuras como a los amantes de la naturaleza. \u00c1tese las botas de monta\u00f1a o s\u00fabase a una bicicleta para explorar senderos panor\u00e1micos que serpentean por el paisaje circundante.<\/p><h3>Vibrante vida nocturna<\/h3><p>Cuando se pone el sol, Peguera cobra vida con su vibrante vida nocturna. Disfrute de una variedad de bares, restaurantes y opciones de entretenimiento que hacen que las veladas en Peguera sean memorables.<\/p><h3>Compras y cenas<\/h3><p>El paseo mar\u00edtimo de la ciudad est\u00e1 repleto de tiendas encantadoras y restaurantes encantadores. Del\u00e9itese con la cocina local, disfrute de compras y disfrute del relajado ambiente mediterr\u00e1neo.<\/p><h3>Creando recuerdos inolvidables<\/h3><p>Peguera atrae con su belleza natural, actividades emocionantes y un c\u00e1lido abrazo mediterr\u00e1neo. Ya sea que busque felicidad en la playa, aventura o relajaci\u00f3n, Peguera promete recuerdos inolvidables para todos los que la visiten.<\/p><\/header>\t\t\t\t\t\t\t\t<\/div>\n\t\t\t\t<\/div>\n\t\t\t\t\t<\/div>\n\t\t<\/div>\n\t\t\t\t\t<\/div>\n\t\t<\/section>\n\t\t\t\t<\/div>","protected":false},"excerpt":{"rendered":"<p>\u00a0Peguera &#8211; A Coastal Gem in Mallorca Welcome to Peguera, a charming coastal town nestled along the picturesque shores of Mallorca. With its stunning beaches, vibrant atmosphere, and a plethora [&hellip;]<\/p>\n","protected":false},"author":1,"featured_media":0,"parent":0,"menu_order":0,"comment_status":"closed","ping_status":"closed","template":"","meta":{"source_url":"","source_name":"","published_at":"","ai_reason":"","_monsterinsights_skip_tracking":false,"_monsterinsights_sitenote_active":false,"_monsterinsights_sitenote_note":"","_monsterinsights_sitenote_category":0,"_price":"","_stock":"","_tribe_ticket_header":"","_tribe_default_ticket_provider":"","_tribe_ticket_capacity":"0","_ticket_start_date":"","_ticket_end_date":"","_tribe_ticket_show_description":"","_tribe_ticket_show_not_going":false,"_tribe_ticket_use_global_stock":"","_tribe_ticket_global_stock_level":"","_global_stock_mode":"","_global_stock_cap":"","_tribe_rsvp_for_event":"","_tribe_ticket_going_count":"","_tribe_ticket_not_going_count":"","_tribe_tickets_list":"[]","_tribe_ticket_has_attendee_info_fields":false,"footnotes":"","_tec_slr_enabled":"","_tec_slr_layout":""},"class_list":["post-19226","page","type-page","status-publish","has-post-thumbnail","hentry"],"aioseo_notices":[],"ticketed":false,"_links":{"self":[{"href":"https:\/\/www.calviabeach.com\/es\/wp-json\/wp\/v2\/pages\/19226","targetHints":{"allow":["GET"]}}],"collection":[{"href":"https:\/\/www.calviabeach.com\/es\/wp-json\/wp\/v2\/pages"}],"about":[{"href":"https:\/\/www.calviabeach.com\/es\/wp-json\/wp\/v2\/types\/page"}],"author":[{"embeddable":true,"href":"https:\/\/www.calviabeach.com\/es\/wp-json\/wp\/v2\/users\/1"}],"replies":[{"embeddable":true,"href":"https:\/\/www.calviabeach.com\/es\/wp-json\/wp\/v2\/comments?post=19226"}],"version-history":[{"count":0,"href":"https:\/\/www.calviabeach.com\/es\/wp-json\/wp\/v2\/pages\/19226\/revisions"}],"wp:attachment":[{"href":"https:\/\/www.calviabeach.com\/es\/wp-json\/wp\/v2\/media?parent=19226"}],"curies":[{"name":"wp","href":"https:\/\/api.w.org\/{rel}","templated":true}]}}