{"id":18282,"date":"2023-07-12T05:01:32","date_gmt":"2023-07-12T05:01:32","guid":{"rendered":"https:\/\/www.calviabeach.com\/?page_id=18282"},"modified":"2025-10-05T12:50:57","modified_gmt":"2025-10-05T19:50:57","slug":"disclaimer","status":"publish","type":"page","link":"https:\/\/www.calviabeach.com\/es\/disclaimer\/","title":{"rendered":"Descargo de responsabilidad"},"content":{"rendered":"<div data-elementor-type=\"wp-page\" data-elementor-id=\"18282\" class=\"elementor elementor-18282\" data-elementor-post-type=\"page\">\n\t\t\t\t<div class=\"elementor-element elementor-element-2f7c2e3 e-flex e-con-boxed e-con e-parent\" data-id=\"2f7c2e3\" data-element_type=\"container\" data-e-type=\"container\">\n\t\t\t\t\t<div class=\"e-con-inner\">\n\t\t\t\t<div class=\"elementor-element elementor-element-db0c896 elementor-widget elementor-widget-html\" data-id=\"db0c896\" data-element_type=\"widget\" data-e-type=\"widget\" data-settings=\"{&quot;wdt_animation_effect&quot;:&quot;none&quot;}\" data-widget_type=\"html.default\">\n\t\t\t\t<div class=\"elementor-widget-container\">\n\t\t\t\t\t<h1>Descargo de responsabilidad<\/h1>\r\n<p>\u00daltima actualizaci\u00f3n: 12 de julio de 2023<\/p>\r\n<h1>Interpretaci\u00f3n y definiciones<\/h1>\r\n<h2>Interpretaci\u00f3n<\/h2>\r\n<p>Las palabras cuya letra inicial est\u00e1 en may\u00fascula tienen significados definidos bajo las siguientes condiciones. Las siguientes definiciones tendr\u00e1n el mismo significado independientemente de que aparezcan en singular o en plural.<\/p>\r\n<h2>Definiciones<\/h2>\r\n<p>A los efectos de este descargo de responsabilidad:<\/p>\r\n<ul>\r\n<li><strong>Compa\u00f1\u00eda<\/strong> (denominada &quot;la Compa\u00f1\u00eda&quot;, &quot;Nosotros&quot;, &quot;Nos&quot; o &quot;Nuestro&quot; en este Aviso legal) se refiere a Calvia Beach.<\/li>\r\n<li><strong>Servicio<\/strong> se refiere al sitio web.<\/li>\r\n<li><strong>T\u00fa<\/strong> significa la persona que accede al Servicio, o la empresa u otra entidad legal en nombre de la cual dicha persona accede o utiliza el Servicio, seg\u00fan corresponda.<\/li>\r\n<li><strong>Sitio web<\/strong> se refiere a la Playa de Calvi\u00e1, accesible desde <a href=\"https:\/\/www.calviabeach.com\/\" rel=\"external nofollow noopener\" target=\"_blank\">https:\/\/www.calviabeach.com\/<\/a><\/li>\r\n<\/ul>\r\n<h1>Descargo de responsabilidad<\/h1>\r\n<p>La informaci\u00f3n contenida en el Servicio es s\u00f3lo para fines de informaci\u00f3n general.<\/p>\r\n<p>La Compa\u00f1\u00eda no asume ninguna responsabilidad por errores u omisiones en el contenido del Servicio.<\/p>\r\n<p>En ning\u00fan caso la Compa\u00f1\u00eda ser\u00e1 responsable de ning\u00fan da\u00f1o especial, directo, indirecto, consecuente o incidental o de cualquier da\u00f1o, ya sea en una acci\u00f3n de contrato, negligencia u otro agravio, que surja de o en conexi\u00f3n con el uso del Servicio. o los contenidos del Servicio. La Compa\u00f1\u00eda se reserva el derecho de realizar adiciones, eliminaciones o modificaciones al contenido del Servicio en cualquier momento sin previo aviso. Este Descargo de Responsabilidad ha sido creado con la ayuda del <a href=\"https:\/\/www.termsfeed.com\/disclaimer-generator\/\" target=\"_blank\">Generador de descargo de responsabilidad<\/a>.<\/p>\r\n<p>La Compa\u00f1\u00eda no garantiza que el Servicio est\u00e9 libre de virus u otros componentes da\u00f1inos.<\/p>\r\n<h1>Descargo de responsabilidad sobre enlaces externos<\/h1>\r\n<p>El Servicio puede contener enlaces a sitios web externos que no son proporcionados ni mantenidos por la Compa\u00f1\u00eda ni est\u00e1n afiliados de ninguna manera a ella.<\/p>\r\n<p>Tenga en cuenta que la Compa\u00f1\u00eda no garantiza la exactitud, relevancia, puntualidad o integridad de la informaci\u00f3n contenida en estos sitios web externos.<\/p>\r\n<h1>Descargo de responsabilidad sobre errores y omisiones<\/h1>\r\n<p>La informaci\u00f3n proporcionada por el Servicio es \u00fanicamente para orientaci\u00f3n general sobre asuntos de inter\u00e9s. Incluso si la Compa\u00f1\u00eda toma todas las precauciones para garantizar que el contenido del Servicio sea actual y preciso, pueden ocurrir errores. Adem\u00e1s, dada la naturaleza cambiante de las leyes, normas y reglamentos, puede haber retrasos, omisiones o inexactitudes en la informaci\u00f3n contenida en el Servicio.<\/p>\r\n<p>La Compa\u00f1\u00eda no es responsable de ning\u00fan error u omisi\u00f3n, ni de los resultados obtenidos del uso de esta informaci\u00f3n.<\/p>\r\n<h1>Descargo de responsabilidad sobre el uso justo<\/h1>\r\n<p>La Compa\u00f1\u00eda puede utilizar material protegido por derechos de autor que no siempre haya sido autorizado espec\u00edficamente por el propietario de los derechos de autor. La Compa\u00f1\u00eda pone dicho material a disposici\u00f3n para cr\u00edticas, comentarios, informes de noticias, ense\u00f1anza, becas o investigaciones.<\/p>\r\n<p>La Compa\u00f1\u00eda cree que esto constituye un &quot;uso justo&quot; de cualquier material protegido por derechos de autor seg\u00fan lo dispuesto en la secci\u00f3n 107 de la ley de derechos de autor de los Estados Unidos.<\/p>\r\n<p>Si desea utilizar material protegido por derechos de autor del Servicio para sus propios fines que vayan m\u00e1s all\u00e1 del uso leg\u00edtimo, debe obtener el permiso del propietario de los derechos de autor.<\/p>\r\n<h1>Vistas expresadas Descargo de responsabilidad<\/h1>\r\n<p>El Servicio puede contener puntos de vista y opiniones que pertenecen a los autores y no reflejan necesariamente la pol\u00edtica o posici\u00f3n oficial de ning\u00fan otro autor, agencia, organizaci\u00f3n, empleador o empresa, incluida la Empresa.<\/p>\r\n<p>Los comentarios publicados por los usuarios son de su exclusiva responsabilidad y los usuarios asumir\u00e1n toda la responsabilidad y la culpa por cualquier difamaci\u00f3n o litigio que resulte de algo escrito en o como resultado directo de algo escrito en un comentario. La Compa\u00f1\u00eda no es responsable de ning\u00fan comentario publicado por los usuarios y se reserva el derecho de eliminar cualquier comentario por cualquier motivo.<\/p>\r\n<h1>Sin descargo de responsabilidad<\/h1>\r\n<p>La informaci\u00f3n sobre el Servicio se proporciona en el entendido de que la Compa\u00f1\u00eda no se dedica a brindar asesoramiento y servicios legales, contables, impositivos u otros servicios profesionales. Como tal, no debe utilizarse como sustituto de la consulta con asesores profesionales contables, fiscales, legales u otros asesores competentes.<\/p>\r\n<p>En ning\u00fan caso la Compa\u00f1\u00eda o sus proveedores ser\u00e1n responsables de ning\u00fan da\u00f1o especial, incidental, indirecto o consecuente que surja de o est\u00e9 relacionado con su acceso o uso o incapacidad para acceder o utilizar el Servicio.<\/p>\r\n<h1>Descargo de responsabilidad &quot;\u00daselo bajo su propio riesgo&quot;<\/h1>\r\n<p>Toda la informaci\u00f3n del Servicio se proporciona &quot;tal cual&quot;, sin garant\u00eda de integridad, precisi\u00f3n, puntualidad o de los resultados obtenidos del uso de esta informaci\u00f3n, y sin garant\u00eda de ning\u00fan tipo, expresa o impl\u00edcita, incluyendo, entre otros, garant\u00edas de desempe\u00f1o, comerciabilidad e idoneidad para un prop\u00f3sito particular.<\/p>\r\n<p>La Compa\u00f1\u00eda no ser\u00e1 responsable ante usted ni ante ninguna otra persona por ninguna decisi\u00f3n o acci\u00f3n tomada bas\u00e1ndose en la informaci\u00f3n proporcionada por el Servicio o por cualquier da\u00f1o consecuente, especial o similar, incluso si se le advierte de la posibilidad de dichos da\u00f1os.<\/p>\r\n<h1>Cont\u00e1ctenos<\/h1>\r\n<p>Si tiene alguna pregunta sobre este Aviso legal, puede contactarnos:<\/p>\r\n<ul>\r\n<li>\r\n<p>Por correo electr\u00f3nico: support@calviabeach.com<\/p>\r\n<\/li>\r\n<li>\r\n<p>Visitando esta p\u00e1gina en nuestro sitio web: <a href=\"https:\/\/www.calviabeach.com\/contact\/\" rel=\"external nofollow noopener\" target=\"_blank\">https:\/\/www.calviabeach.com\/contact\/<\/a><\/p>\r\n<\/li>\r\n<li>\r\n<p>Por n\u00famero de tel\u00e9fono: 34 642 789 599<\/p>\r\n<\/li>\r\n<\/ul>\t\t\t\t<\/div>\n\t\t\t\t<\/div>\n\t\t\t\t\t<\/div>\n\t\t\t\t<\/div>\n\t\t\t\t<\/div>","protected":false},"excerpt":{"rendered":"<p>Disclaimer Last updated: July 12, 2023 Interpretation and Definitions Interpretation The words of which the initial letter is capitalized have meanings defined under the following conditions. The following definitions shall [&hellip;]<\/p>\n","protected":false},"author":1,"featured_media":0,"parent":0,"menu_order":0,"comment_status":"closed","ping_status":"closed","template":"","meta":{"source_url":"","source_name":"","published_at":"","ai_reason":"","_monsterinsights_skip_tracking":false,"_monsterinsights_sitenote_active":false,"_monsterinsights_sitenote_note":"","_monsterinsights_sitenote_category":0,"_price":"","_stock":"","_tribe_ticket_header":"","_tribe_default_ticket_provider":"","_tribe_ticket_capacity":"0","_ticket_start_date":"","_ticket_end_date":"","_tribe_ticket_show_description":"","_tribe_ticket_show_not_going":false,"_tribe_ticket_use_global_stock":"","_tribe_ticket_global_stock_level":"","_global_stock_mode":"","_global_stock_cap":"","_tribe_rsvp_for_event":"","_tribe_ticket_going_count":"","_tribe_ticket_not_going_count":"","_tribe_tickets_list":"[]","_tribe_ticket_has_attendee_info_fields":false,"footnotes":"","_tec_slr_enabled":"","_tec_slr_layout":""},"class_list":["post-18282","page","type-page","status-publish","has-post-thumbnail","hentry"],"aioseo_notices":[],"ticketed":false,"_links":{"self":[{"href":"https:\/\/www.calviabeach.com\/es\/wp-json\/wp\/v2\/pages\/18282","targetHints":{"allow":["GET"]}}],"collection":[{"href":"https:\/\/www.calviabeach.com\/es\/wp-json\/wp\/v2\/pages"}],"about":[{"href":"https:\/\/www.calviabeach.com\/es\/wp-json\/wp\/v2\/types\/page"}],"author":[{"embeddable":true,"href":"https:\/\/www.calviabeach.com\/es\/wp-json\/wp\/v2\/users\/1"}],"replies":[{"embeddable":true,"href":"https:\/\/www.calviabeach.com\/es\/wp-json\/wp\/v2\/comments?post=18282"}],"version-history":[{"count":0,"href":"https:\/\/www.calviabeach.com\/es\/wp-json\/wp\/v2\/pages\/18282\/revisions"}],"wp:attachment":[{"href":"https:\/\/www.calviabeach.com\/es\/wp-json\/wp\/v2\/media?parent=18282"}],"curies":[{"name":"wp","href":"https:\/\/api.w.org\/{rel}","templated":true}]}}