{"id":13827,"date":"2023-06-08T09:57:22","date_gmt":"2023-06-08T09:57:22","guid":{"rendered":"https:\/\/www.calviabeach.com\/?page_id=13827"},"modified":"2025-10-05T13:35:50","modified_gmt":"2025-10-05T20:35:50","slug":"casino","status":"publish","type":"page","link":"https:\/\/www.calviabeach.com\/es\/casino\/","title":{"rendered":"Casino en Mallorca"},"content":{"rendered":"<div data-elementor-type=\"wp-page\" data-elementor-id=\"13827\" class=\"elementor elementor-13827\" data-elementor-post-type=\"page\">\n\t\t\t\t<div class=\"elementor-element elementor-element-db8817f e-flex e-con-boxed e-con e-parent\" data-id=\"db8817f\" data-element_type=\"container\" data-e-type=\"container\">\n\t\t\t\t\t<div class=\"e-con-inner\">\n\t\t\t\t<div class=\"elementor-element elementor-element-9d40924 elementor-widget elementor-widget-heading\" data-id=\"9d40924\" data-element_type=\"widget\" data-e-type=\"widget\" data-settings=\"{&quot;wdt_animation_effect&quot;:&quot;none&quot;}\" data-widget_type=\"heading.default\">\n\t\t\t\t<div class=\"elementor-widget-container\">\n\t\t\t\t\t<h2 class=\"elementor-heading-title elementor-size-default\">Casino<\/h2>\t\t\t\t<\/div>\n\t\t\t\t<\/div>\n\t\t\t\t<div class=\"elementor-element elementor-element-77f8e66 elementor-widget elementor-widget-text-editor\" data-id=\"77f8e66\" data-element_type=\"widget\" data-e-type=\"widget\" data-settings=\"{&quot;wdt_animation_effect&quot;:&quot;none&quot;}\" data-widget_type=\"text-editor.default\">\n\t\t\t\t<div class=\"elementor-widget-container\">\n\t\t\t\t\t\t\t\t\t<p><i>Bienvenido a\u00a0<a href=\"https:\/\/www.casinodemallorca.com\/\" target=\"_blank\" rel=\"noopener\"><strong>Casino de Mallorca<\/strong><\/a>, el \u00fanico casino de la isla que ofrece una experiencia de juego emocionante y entretenida. Ubicado en el coraz\u00f3n del centro de Palma, nuestro nuevo local cuenta con un dise\u00f1o moderno y cautivador, incorporando las \u00faltimas tecnolog\u00edas para mejorar su visita.<\/i><\/p>\t\t\t\t\t\t\t\t<\/div>\n\t\t\t\t<\/div>\n\t\t\t\t<div class=\"elementor-element elementor-element-a9107c5 elementor-widget elementor-widget-text-editor\" data-id=\"a9107c5\" data-element_type=\"widget\" data-e-type=\"widget\" data-settings=\"{&quot;wdt_animation_effect&quot;:&quot;none&quot;}\" data-widget_type=\"text-editor.default\">\n\t\t\t\t<div class=\"elementor-widget-container\">\n\t\t\t\t\t\t\t\t\t<p>Con m\u00e1s de 30 a\u00f1os de experiencia,\u00a0<strong>Casino de Mallorca<\/strong>\u00a0se compromete a brindar opciones de ocio y juegos de primer nivel para nuestros hu\u00e9spedes. Ya seas un jugador experimentado o un principiante curioso, nuestro casino ofrece una variedad de juegos para satisfacer todas las preferencias.<\/p>\t\t\t\t\t\t\t\t<\/div>\n\t\t\t\t<\/div>\n\t\t\t\t<div class=\"elementor-element elementor-element-6a95b42 elementor-widget elementor-widget-text-editor\" data-id=\"6a95b42\" data-element_type=\"widget\" data-e-type=\"widget\" data-settings=\"{&quot;wdt_animation_effect&quot;:&quot;none&quot;}\" data-widget_type=\"text-editor.default\">\n\t\t\t\t<div class=\"elementor-widget-container\">\n\t\t\t\t\t\t\t\t\t<p>Desde la emoci\u00f3n del p\u00f3quer hasta la anticipaci\u00f3n del blackjack y la emoci\u00f3n de la ruleta,\u00a0<strong>Casino de Mallorca<\/strong>\u00a0lo tiene todo. Contamos con variantes de p\u00f3quer populares como Texas Hold&#039;em No Limit, Omaha y Stud. Nuestras mesas de ruleta siempre est\u00e1n repletas de actividad y nuestros crupieres profesionales garantizan una experiencia de juego aut\u00e9ntica y agradable.<\/p>\t\t\t\t\t\t\t\t<\/div>\n\t\t\t\t<\/div>\n\t\t\t\t<div class=\"elementor-element elementor-element-46ec5f4 elementor-widget elementor-widget-text-editor\" data-id=\"46ec5f4\" data-element_type=\"widget\" data-e-type=\"widget\" data-settings=\"{&quot;wdt_animation_effect&quot;:&quot;none&quot;}\" data-widget_type=\"text-editor.default\">\n\t\t\t\t<div class=\"elementor-widget-container\">\n\t\t\t\t\t\t\t\t\t<p>Adem\u00e1s de nuestra oferta de juegos, nos enorgullecemos de nuestro dise\u00f1o excepcional y ambiente agradable. Cuando llega el hambre, el restaurante de nuestro casino est\u00e1 listo para servirle una buena variedad de platos, brind\u00e1ndole una experiencia gastron\u00f3mica encantadora. Nuestra cafeter\u00eda, ubicada en la sala de m\u00e1quinas tragamonedas, ofrece diversas variaciones de caf\u00e9 y peque\u00f1os refrigerios durante todo el d\u00eda y la noche.<\/p>\t\t\t\t\t\t\t\t<\/div>\n\t\t\t\t<\/div>\n\t\t\t\t\t<\/div>\n\t\t\t\t<\/div>\n\t\t<div class=\"elementor-element elementor-element-0cce92c e-flex e-con-boxed e-con e-parent\" data-id=\"0cce92c\" data-element_type=\"container\" data-e-type=\"container\">\n\t\t\t\t\t<div class=\"e-con-inner\">\n\t\t\t\t<div class=\"elementor-element elementor-element-7653a97 elementor-widget elementor-widget-text-editor\" data-id=\"7653a97\" data-element_type=\"widget\" data-e-type=\"widget\" data-settings=\"{&quot;wdt_animation_effect&quot;:&quot;none&quot;}\" data-widget_type=\"text-editor.default\">\n\t\t\t\t<div class=\"elementor-widget-container\">\n\t\t\t\t\t\t\t\t\t<p><strong>Casino de Mallorca<\/strong>\u00a0est\u00e1 convenientemente situado en Porto Pi Centro, cerca del centro comercial del mismo nombre y del puerto. Tenga en cuenta que existe un c\u00f3digo de vestimenta y se espera que los visitantes vistan de manera elegante pero informal. Nos esforzamos por proporcionar un ambiente acogedor para todos nuestros hu\u00e9spedes.<\/p>\t\t\t\t\t\t\t\t<\/div>\n\t\t\t\t<\/div>\n\t\t\t\t\t<\/div>\n\t\t\t\t<\/div>\n\t\t<div class=\"elementor-element elementor-element-0be656d e-flex e-con-boxed e-con e-parent\" data-id=\"0be656d\" data-element_type=\"container\" data-e-type=\"container\">\n\t\t\t\t\t<div class=\"e-con-inner\">\n\t\t<div class=\"elementor-element elementor-element-ca407bc e-con-full e-flex elementor-invisible e-con e-child\" data-id=\"ca407bc\" data-element_type=\"container\" data-e-type=\"container\" data-settings=\"{&quot;animation&quot;:&quot;fadeInLeft&quot;}\">\n\t\t\t\t<div class=\"elementor-element elementor-element-6cd7427 elementor-widget elementor-widget-text-editor\" data-id=\"6cd7427\" data-element_type=\"widget\" data-e-type=\"widget\" data-settings=\"{&quot;wdt_animation_effect&quot;:&quot;none&quot;}\" data-widget_type=\"text-editor.default\">\n\t\t\t\t<div class=\"elementor-widget-container\">\n\t\t\t\t\t\t\t\t\t<section>\n<p>Ya sea que est\u00e9 buscando probar suerte en las mesas de juego, disfrutar de una deliciosa cocina o simplemente disfrutar del ambiente animado, Casino de Mallorca ofrece una experiencia inolvidable tanto para locales como para visitantes.<\/p>\n<p>Experimenta la emoci\u00f3n de\u00a0<strong>Casino de Mallorca<\/strong>\u00a0y descubra por qu\u00e9 es un destino de visita obligada para quienes buscan entretenimiento y juegos en Mallorca\u201d.<\/p>\n<p>https:\/\/www.casinodemallorca.com\/<\/p>\n<div>\n<p><strong>Centro Comercial Porto Pi<\/strong><br \/>Avda. Gabriel Roca, 54 a\u00f1os<br \/>07015 Palma de Mallorca<\/p>\n<p><u><strong><a href=\"https:\/\/www.google.es\/maps\/place\/Casino+de+Mallorca\/@39.5513141,2.6182577,17z\/data=!3m2!4b1!5s0x129792085e3ad755:0x9265baabb9af44e8!4m5!3m4!1s0x12979208423eb22f:0x4735b3268a8bbd3e!8m2!3d39.5513141!4d2.6204464\" target=\"blank\">Ver en Google Maps<\/a><\/strong><\/u><\/p>\n<h6>Horarios<\/h6>\n<div>\n<p>Abierto todos los d\u00edas, Apertura: 10:00 am<br \/>Clausura:<\/p>\n<ul>\n<li>Lunes, martes, mi\u00e9rcoles, jueves y domingo 03:00h<\/li>\n<li>Viernes y S\u00e1bado 04:00h<\/li>\n<\/ul>\n<\/div>\n<\/div>\n<\/section>\t\t\t\t\t\t\t\t<\/div>\n\t\t\t\t<\/div>\n\t\t\t\t<\/div>\n\t\t<div class=\"elementor-element elementor-element-cda8b47 e-con-full e-flex elementor-invisible e-con e-child\" data-id=\"cda8b47\" data-element_type=\"container\" data-e-type=\"container\" data-settings=\"{&quot;animation&quot;:&quot;fadeInRight&quot;}\">\n\t\t\t\t<div class=\"elementor-element elementor-element-af028c1 elementor-widget elementor-widget-image\" data-id=\"af028c1\" data-element_type=\"widget\" data-e-type=\"widget\" data-settings=\"{&quot;wdt_animation_effect&quot;:&quot;none&quot;}\" data-widget_type=\"image.default\">\n\t\t\t\t<div class=\"elementor-widget-container\">\n\t\t\t\t\t\t\t\t\t\t\t\t\t\t\t<img fetchpriority=\"high\" decoding=\"async\" width=\"768\" height=\"768\" src=\"https:\/\/www.calviabeach.com\/wp-content\/uploads\/2024\/06\/Casino123-300x300-1-768x768.png\" class=\"attachment-medium_large size-medium_large wp-image-27960\" alt=\"Casino Mallorca, Mallorca, cerca de la playa de Calvi\u00e0\" srcset=\"https:\/\/www.calviabeach.com\/wp-content\/uploads\/2024\/06\/Casino123-300x300-1-768x768.png 768w, https:\/\/www.calviabeach.com\/wp-content\/uploads\/2024\/06\/Casino123-300x300-1.png 300w, https:\/\/www.calviabeach.com\/wp-content\/uploads\/2024\/06\/Casino123-300x300-1-1024x1024.png 1024w, https:\/\/www.calviabeach.com\/wp-content\/uploads\/2024\/06\/Casino123-300x300-1-150x150.png 150w, https:\/\/www.calviabeach.com\/wp-content\/uploads\/2024\/06\/Casino123-300x300-1-1536x1536.png 1536w, https:\/\/www.calviabeach.com\/wp-content\/uploads\/2024\/06\/Casino123-300x300-1-2048x2048.png 2048w, https:\/\/www.calviabeach.com\/wp-content\/uploads\/2024\/06\/Casino123-300x300-1-1000x1000.png 1000w, https:\/\/www.calviabeach.com\/wp-content\/uploads\/2024\/06\/Casino123-300x300-1-100x100.png 100w\" sizes=\"(max-width: 768px) 100vw, 768px\" \/>\t\t\t\t\t\t\t\t\t\t\t\t\t\t\t<\/div>\n\t\t\t\t<\/div>\n\t\t\t\t<\/div>\n\t\t\t\t\t<\/div>\n\t\t\t\t<\/div>\n\t\t\t\t<section class=\"elementor-section elementor-top-section elementor-element elementor-element-21de6d4 elementor-section-boxed elementor-section-height-default elementor-section-height-default\" data-id=\"21de6d4\" data-element_type=\"section\" data-e-type=\"section\" data-settings=\"{&quot;wdt_bg_image&quot;:{&quot;url&quot;:&quot;&quot;,&quot;id&quot;:&quot;&quot;,&quot;size&quot;:&quot;&quot;},&quot;wdt_bg_image_widescreen&quot;:{&quot;url&quot;:&quot;&quot;,&quot;id&quot;:&quot;&quot;,&quot;size&quot;:&quot;&quot;},&quot;wdt_bg_image_laptop&quot;:{&quot;url&quot;:&quot;&quot;,&quot;id&quot;:&quot;&quot;,&quot;size&quot;:&quot;&quot;},&quot;wdt_bg_image_tablet_extra&quot;:{&quot;url&quot;:&quot;&quot;,&quot;id&quot;:&quot;&quot;,&quot;size&quot;:&quot;&quot;},&quot;wdt_bg_image_tablet&quot;:{&quot;url&quot;:&quot;&quot;,&quot;id&quot;:&quot;&quot;,&quot;size&quot;:&quot;&quot;},&quot;wdt_bg_image_mobile_extra&quot;:{&quot;url&quot;:&quot;&quot;,&quot;id&quot;:&quot;&quot;,&quot;size&quot;:&quot;&quot;},&quot;wdt_bg_image_mobile&quot;:{&quot;url&quot;:&quot;&quot;,&quot;id&quot;:&quot;&quot;,&quot;size&quot;:&quot;&quot;},&quot;wdt_bg_position&quot;:&quot;center center&quot;,&quot;wdt_animation_effect&quot;:&quot;none&quot;}\">\n\t\t\t\t\t\t<div class=\"elementor-container elementor-column-gap-default\">\n\t\t\t\t\t<div class=\"elementor-column elementor-col-100 elementor-top-column elementor-element elementor-element-d54c0b8\" data-id=\"d54c0b8\" data-element_type=\"column\" data-e-type=\"column\">\n\t\t\t<div class=\"elementor-widget-wrap elementor-element-populated\">\n\t\t\t\t\t\t<div class=\"elementor-element elementor-element-8070cce elementor-widget elementor-widget-text-editor\" data-id=\"8070cce\" data-element_type=\"widget\" data-e-type=\"widget\" data-settings=\"{&quot;wdt_animation_effect&quot;:&quot;none&quot;}\" data-widget_type=\"text-editor.default\">\n\t\t\t\t<div class=\"elementor-widget-container\">\n\t\t\t\t\t\t\t\t\t<h1>Casino Palladium Mallorca<\/h1><p><!-- \/wp:heading --><!-- wp:paragraph --><\/p><p>Tipo de estructura: Terrestre<\/p><p><!-- \/wp:paragraph --><!-- wp:heading {\"level\":4} --><\/p><h4>Horario de apertura del Casino Palladium Mallorca<\/h4><p><!-- \/wp:heading --><!-- wp:paragraph --><\/p><p>VERANO (julio, agosto, septiembre)<br \/>De 20 a 5 horas,<\/p><p><!-- \/wp:paragraph --><!-- wp:paragraph --><\/p><p>INVIERNO: Lunes a Jueves: de 8 pm a 4 am, Viernes a S\u00e1bado: 8 pm a 5 am, Domingos: 3 pm a 4 am<\/p><p><!-- \/wp:paragraph --><!-- wp:heading {\"level\":4} --><\/p><h4>Direcci\u00f3n del Casino Palladium Mallorca<\/h4><p><!-- \/wp:heading --><!-- wp:paragraph --><\/p><p>Urb. Sol de Mallorca \u2013 Calvi\u00e0<br \/>mallorca<br \/>Tel: +34 971 130 000 \/ +34 971 454 012<br \/>Fax: +34 971 131 465<br \/>Correo electr\u00f3nico:\u00a0<a href=\"mailto:casinomallorca@futurnet.es\">casinomallorca@futurnet.es<\/a><br \/>Sitio web:\u00a0<a href=\"http:\/\/www.casinodemallorca.com\/\">www.casinodemallorca.com<\/a><\/p><p><!-- \/wp:paragraph --><!-- wp:heading {\"level\":3} --><\/p><h3>Juegos de casino disponibles en Casino Palladium Mallorca<\/h3><p><!-- \/wp:heading --><!-- wp:list --><\/p><ul><li>Tragamonedas<\/li><li>Dados<\/li><li>Veintiuna<\/li><li>Ruleta Americana<\/li><li>Casino<\/li><li>P\u00f3quer<\/li><\/ul><p><!-- \/wp:list --><!-- wp:heading {\"level\":3} --><\/p><h3>Caracter\u00edsticas del Casino Palladium Mallorca<\/h3><p><!-- \/wp:heading --><!-- wp:list --><\/p><ul><li>Espacio para convenciones y reuniones<\/li><li>Capacidad total para 2.800 personas en las distintas salas, incluida la Sala Palladium con capacidad para 1.700<\/li><li>Precio de la entrada<\/li><li>Se requiere identificaci\u00f3n\/pasaporte<\/li><li>Edad m\u00ednima: 18 a\u00f1os<\/li><li>Aeropuerto cercano: Palma, 5 km.<\/li><li>Sala de exposici\u00f3n<\/li><li>Restaurante L&#039;Aixada (Internacional)<\/li><li>Cafeter\u00eda S\u00e1ndwich<\/li><li>Casino Paladium Mallorca te ofrece la oportunidad de tomar una copa o una deliciosa comida mientras disfrutas de un espect\u00e1culo internacional.<\/li><\/ul><p><!-- \/wp:list --><!-- wp:heading {\"level\":1} --><\/p><h1>\u00a0<\/h1><p><!-- \/wp:heading --><!-- wp:heading {\"level\":1} --><\/p><h1>Casino de Mallorca<\/h1><p><!-- \/wp:heading --><!-- wp:paragraph --><\/p><p>Tipo de estructura: Terrestre, 16,500 pies cuadrados<\/p><p><!-- \/wp:paragraph --><!-- wp:heading {\"level\":4} --><\/p><h4>Horario de apertura del Casino de Mallorca<\/h4><p><!-- \/wp:heading --><!-- wp:paragraph --><\/p><p>7 p. m. a 4 a. m. fines de semana, 7 p. m. a 5 a. m. fines de semana\/d\u00edas festivos<\/p><p><!-- \/wp:paragraph --><!-- wp:heading {\"level\":4} --><\/p><h4>Direcci\u00f3n de Casino de Mallorca<\/h4><p><!-- \/wp:heading --><!-- wp:paragraph --><\/p><p>Urbanizaci\u00f3n Sol de Mallorca<br \/>Islas Baleares<br \/>Costa de Calvi\u00e0<br \/>07184 Mallorca<br \/>Tel: +34 971 130 000<br \/>Fax: +34 971 131 465<\/p><p><!-- \/wp:paragraph --><!-- wp:heading {\"level\":3} --><\/p><h3>Juegos de casino disponibles en Casino de Mallorca<\/h3><p><!-- \/wp:heading --><!-- wp:list --><\/p><ul><li>Ranuras (140)<\/li><li>P\u00f3quer<\/li><li>Dados (1)<\/li><li>Blackjack (6)<\/li><li>Ruleta Americana (7)<\/li><\/ul><p><!-- \/wp:list --><!-- wp:heading {\"level\":3} --><\/p><h3>Caracter\u00edsticas del Casino de Mallorca<\/h3><p><!-- \/wp:heading --><!-- wp:list --><\/p><ul><li>Moneda: \u20ac<\/li><li>C\u00f3digo de vestimenta: vestimenta informal<\/li><li>Centro\/\u00c1rea de Entretenimiento: completo complejo de entretenimiento y ocio<\/li><li>Precio de la entrada<\/li><li>Golf<\/li><li>Gimnasia<\/li><li>Se requiere identificaci\u00f3n\/pasaporte<\/li><li>Edad m\u00ednima para jugar 18<\/li><li>Idioma hablado: Espa\u00f1ol, (Se habla franc\u00e9s, ingl\u00e9s)<\/li><li>Club nocturno<\/li><li>Casino Palladium Mallorca<\/li><li>Night Club (cr\u00edticas y espect\u00e1culos internacionales)<\/li><li>Club de jugadores<\/li><li>F\u00f3rmula 1<\/li><li>Club para grandes apostadores<\/li><li>Piscina<\/li><li>Pista de tenis<\/li><li>Restaurante Trebol ad L&#039;Aixada (En el mismo recinto)<\/li><li>Restaurante Galla Mallorca (En el mismo recinto)<\/li><\/ul><p><!-- \/wp:list --><!-- wp:paragraph --><\/p><p>Calvi\u00e0 es uno de los destinos tur\u00edsticos m\u00e1s famosos de Espa\u00f1a y se encuentra a s\u00f3lo unos kil\u00f3metros de Palma de Mallorca, lo que lo convierte en el lugar perfecto para descubrir una isla conocida mundialmente por su suave\u00a0<strong>clima durante todo el a\u00f1o<\/strong>. Despierta con impresionantes vistas panor\u00e1micas del mar Mediterr\u00e1neo.<\/p><p><!-- \/wp:paragraph --><!-- wp:paragraph --><\/p><p>Mallorca y la\u00a0<strong>Meli\u00e1 Calvi\u00e1 Playa<\/strong>\u00a0ofrecen la ubicaci\u00f3n ideal para que puedas combinar vacaciones, relax, deporte, cultura y ocio. Pregunta por las actividades deportivas, culturales y de ocio disponibles para ti tanto dentro como fuera del hotel. Estaremos encantados de ayudarte a que tu estancia en Mallorca sea perfecta.<\/p><p><!-- \/wp:paragraph --><!-- wp:heading {\"level\":4} --><\/p><h4>ENERG\u00cdA Y DIVERSI\u00d3N EN EL RESORT<\/h4><p><!-- \/wp:heading --><!-- wp:list --><\/p><ul><li>Actividades deportivas para adultos: fitness, pilates, spinning, cardio box, pool bike\u2026<\/li><li>Variado programa de eventos nocturnos con m\u00fasica en vivo y DJs acompa\u00f1ados de vistas panor\u00e1micas al mar.<\/li><li>Magn\u00edficos campos de golf cercanos: Poniente (2 km) y Bendinat (5 km).<\/li><li>Una amplia variedad de deportes acu\u00e1ticos, tiendas, restaurantes y clubes de playa con excelente m\u00fasica y entretenimiento.<\/li><li>Parque Tem\u00e1tico Katmand\u00fa (a 400 metros del hotel) con atracciones para todas las edades: parque acu\u00e1tico, zona de juegos, cine 4D y 5D, roc\u00f3dromo y mucho m\u00e1s diversi\u00f3n. Los hu\u00e9spedes del hotel obtienen beneficios especiales en Katmand\u00fa con el FUN PASS (consulta m\u00e1s detalles a tu llegada).<\/li><li>Centro de ocio Wave House Mallorca con incre\u00edbles piscinas de olas artificiales, bares y restaurantes justo al lado de la playa (a 250 metros del hotel).<\/li><\/ul><p><!-- \/wp:list --><!-- wp:heading {\"level\":4} --><\/p><h4>CULTURA, ENTRETENIMIENTO Y OCIO EN MALLORCA<\/h4><p><!-- \/wp:heading --><!-- wp:list --><\/p><ul><li>Visitas a los principales sitios hist\u00f3ricos. Preguntar en el hotel.<\/li><li>El SUE. La famosa catedral g\u00f3tica de Mallorca y su museo.<\/li><li>Los exclusivos puertos deportivos de Puerto Portals y Port Adriano con su ambiente \u00fanico y su excelente selecci\u00f3n de boutiques, restaurantes y discotecas.<\/li><li>Fundaci\u00f3n Pilar y Joan Mir\u00f3. Dise\u00f1ado por Rafael Moneo, este museo es donde vivi\u00f3 y trabaj\u00f3 el artista Joan Mir\u00f3 durante m\u00e1s de treinta a\u00f1os hasta su muerte en 1983. Las exhibiciones incluyen algunas de sus obras m\u00e1s conocidas.<\/li><li>Es Baluard \u2013 Museo de Arte Moderno y Contempor\u00e1neo de Palma.<\/li><li>Gran Casino Mallorca. Toda diversi\u00f3n y juegos, a s\u00f3lo 15 minutos del hotel.\u00a0<\/li><\/ul><p><!-- \/wp:list --><\/p>\t\t\t\t\t\t\t\t<\/div>\n\t\t\t\t<\/div>\n\t\t\t\t\t<\/div>\n\t\t<\/div>\n\t\t\t\t\t<\/div>\n\t\t<\/section>\n\t\t\t\t<\/div>","protected":false},"excerpt":{"rendered":"<p>Casino Welcome to\u00a0Casino de Mallorca, the only casino on the island that offers an exciting and entertaining gaming experience. Located in the heart of downtown Palma, our brand new premises [&hellip;]<\/p>\n","protected":false},"author":1,"featured_media":32086,"parent":0,"menu_order":0,"comment_status":"closed","ping_status":"closed","template":"","meta":{"source_url":"","source_name":"","published_at":"","ai_reason":"","_monsterinsights_skip_tracking":false,"_monsterinsights_sitenote_active":false,"_monsterinsights_sitenote_note":"","_monsterinsights_sitenote_category":0,"_price":"","_stock":"","_tribe_ticket_header":"","_tribe_default_ticket_provider":"","_tribe_ticket_capacity":"0","_ticket_start_date":"","_ticket_end_date":"","_tribe_ticket_show_description":"","_tribe_ticket_show_not_going":false,"_tribe_ticket_use_global_stock":"","_tribe_ticket_global_stock_level":"","_global_stock_mode":"","_global_stock_cap":"","_tribe_rsvp_for_event":"","_tribe_ticket_going_count":"","_tribe_ticket_not_going_count":"","_tribe_tickets_list":"[]","_tribe_ticket_has_attendee_info_fields":false,"footnotes":"","_tec_slr_enabled":"","_tec_slr_layout":""},"class_list":["post-13827","page","type-page","status-publish","has-post-thumbnail","hentry"],"aioseo_notices":[],"ticketed":false,"_links":{"self":[{"href":"https:\/\/www.calviabeach.com\/es\/wp-json\/wp\/v2\/pages\/13827","targetHints":{"allow":["GET"]}}],"collection":[{"href":"https:\/\/www.calviabeach.com\/es\/wp-json\/wp\/v2\/pages"}],"about":[{"href":"https:\/\/www.calviabeach.com\/es\/wp-json\/wp\/v2\/types\/page"}],"author":[{"embeddable":true,"href":"https:\/\/www.calviabeach.com\/es\/wp-json\/wp\/v2\/users\/1"}],"replies":[{"embeddable":true,"href":"https:\/\/www.calviabeach.com\/es\/wp-json\/wp\/v2\/comments?post=13827"}],"version-history":[{"count":0,"href":"https:\/\/www.calviabeach.com\/es\/wp-json\/wp\/v2\/pages\/13827\/revisions"}],"wp:featuredmedia":[{"embeddable":true,"href":"https:\/\/www.calviabeach.com\/es\/wp-json\/wp\/v2\/media\/32086"}],"wp:attachment":[{"href":"https:\/\/www.calviabeach.com\/es\/wp-json\/wp\/v2\/media?parent=13827"}],"curies":[{"name":"wp","href":"https:\/\/api.w.org\/{rel}","templated":true}]}}