{"id":10574,"date":"2022-02-20T11:28:10","date_gmt":"2022-02-20T11:28:10","guid":{"rendered":"https:\/\/www.calviabeach.com\/?page_id=4594"},"modified":"2025-09-15T09:23:16","modified_gmt":"2025-09-15T16:23:16","slug":"wineyards","status":"publish","type":"page","link":"https:\/\/www.calviabeach.com\/es\/gastronomic-gateway\/wineyards\/","title":{"rendered":"Vi\u00f1edos en Calvi\u00e0 y Mallorca"},"content":{"rendered":"\t\t<div data-elementor-type=\"wp-page\" data-elementor-id=\"10574\" class=\"elementor elementor-10574\" data-elementor-post-type=\"page\">\n\t\t\t\t<div class=\"elementor-element elementor-element-662cdd7 e-flex e-con-boxed elementor-invisible e-con e-parent\" data-id=\"662cdd7\" data-element_type=\"container\" data-e-type=\"container\" data-settings=\"{&quot;shape_divider_bottom&quot;:&quot;triangle&quot;,&quot;animation&quot;:&quot;fadeInLeft&quot;}\">\n\t\t\t\t\t<div class=\"e-con-inner\">\n\t\t\t\t<div class=\"elementor-shape elementor-shape-bottom\" aria-hidden=\"true\" data-negative=\"false\">\n\t\t\t<svg xmlns=\"http:\/\/www.w3.org\/2000\/svg\" viewBox=\"0 0 1000 100\" preserveAspectRatio=\"none\">\n\t<path class=\"elementor-shape-fill\" d=\"M500,98.9L0,6.1V0h1000v6.1L500,98.9z\"\/>\n<\/svg>\t\t<\/div>\n\t\t<div class=\"elementor-element elementor-element-e465171 e-flex e-con-boxed e-con e-child\" data-id=\"e465171\" data-element_type=\"container\" data-e-type=\"container\">\n\t\t\t\t\t<div class=\"e-con-inner\">\n\t\t\t\t<div class=\"elementor-element elementor-element-d960aab no-toc elementor-widget__width-inherit elementor-widget elementor-widget-heading\" data-id=\"d960aab\" data-element_type=\"widget\" data-e-type=\"widget\" data-settings=\"{&quot;wdt_animation_effect&quot;:&quot;none&quot;}\" data-widget_type=\"heading.default\">\n\t\t\t\t<div class=\"elementor-widget-container\">\n\t\t\t\t\t<h2 class=\"elementor-heading-title elementor-size-default\">Discover Vineyards of Calvia, Mallorca<\/h2>\t\t\t\t<\/div>\n\t\t\t\t<\/div>\n\t\t\t\t<div class=\"elementor-element elementor-element-0c6cd66 elementor-widget__width-initial elementor-widget-mobile_extra__width-inherit elementor-widget elementor-widget-text-editor\" data-id=\"0c6cd66\" data-element_type=\"widget\" data-e-type=\"widget\" data-settings=\"{&quot;wdt_animation_effect&quot;:&quot;none&quot;}\" data-widget_type=\"text-editor.default\">\n\t\t\t\t<div class=\"elementor-widget-container\">\n\t\t\t\t\t\t\t\t\t<p data-start=\"564\" data-end=\"1037\">Discover the rich and captivating world of vineyards in Calvi\u00e0, Mallorca, where tradition, passion, and Mediterranean climate come together to create some of the island\u2019s finest wines. Nestled amidst rolling hills and sun-kissed landscapes, Calvi\u00e0&#8217;s vineyards offer visitors a unique opportunity to explore centuries-old winemaking heritage, stroll through fragrant grapevines, and savor exceptional local varieties. Whether you are a seasoned wine connoisseur or a curious traveler, the vineyards here promise unforgettable tastings, picturesque views, and a deep connection to Mallorca\u2019s vibrant culture and terroir. Embark on a journey through Calvi\u00e0\u2019s wine estates and discover the essence of Mallorca in every sip.<\/p>\t\t\t\t\t\t\t\t<\/div>\n\t\t\t\t<\/div>\n\t\t\t\t<div class=\"elementor-element elementor-element-f3278c4 elementor-widget__width-initial elementor-widget-mobile_extra__width-inherit elementor-toc--minimized-on-tablet elementor-widget elementor-widget-table-of-contents\" data-id=\"f3278c4\" data-element_type=\"widget\" data-e-type=\"widget\" data-settings=\"{&quot;headings_by_tags&quot;:[&quot;h2&quot;],&quot;exclude_headings_by_selector&quot;:&quot;no-toc&quot;,&quot;no_headings_message&quot;:&quot;No headings were found on this page.&quot;,&quot;marker_view&quot;:&quot;bullets&quot;,&quot;icon&quot;:{&quot;value&quot;:&quot;fas fa-circle&quot;,&quot;library&quot;:&quot;fa-solid&quot;},&quot;minimize_box&quot;:&quot;yes&quot;,&quot;minimized_on&quot;:&quot;tablet&quot;,&quot;hierarchical_view&quot;:&quot;yes&quot;,&quot;min_height&quot;:{&quot;unit&quot;:&quot;px&quot;,&quot;size&quot;:&quot;&quot;,&quot;sizes&quot;:[]},&quot;min_height_widescreen&quot;:{&quot;unit&quot;:&quot;px&quot;,&quot;size&quot;:&quot;&quot;,&quot;sizes&quot;:[]},&quot;min_height_laptop&quot;:{&quot;unit&quot;:&quot;px&quot;,&quot;size&quot;:&quot;&quot;,&quot;sizes&quot;:[]},&quot;min_height_tablet_extra&quot;:{&quot;unit&quot;:&quot;px&quot;,&quot;size&quot;:&quot;&quot;,&quot;sizes&quot;:[]},&quot;min_height_tablet&quot;:{&quot;unit&quot;:&quot;px&quot;,&quot;size&quot;:&quot;&quot;,&quot;sizes&quot;:[]},&quot;min_height_mobile_extra&quot;:{&quot;unit&quot;:&quot;px&quot;,&quot;size&quot;:&quot;&quot;,&quot;sizes&quot;:[]},&quot;min_height_mobile&quot;:{&quot;unit&quot;:&quot;px&quot;,&quot;size&quot;:&quot;&quot;,&quot;sizes&quot;:[]},&quot;wdt_animation_effect&quot;:&quot;none&quot;}\" data-widget_type=\"table-of-contents.default\">\n\t\t\t\t<div class=\"elementor-widget-container\">\n\t\t\t\t\t\t\t<div class=\"elementor-toc__header\">\n\t\t\t<h4 class=\"elementor-toc__header-title\">\n\t\t\t\tTable of Contents\t\t\t<\/h4>\n\t\t\t\t\t\t\t<div class=\"elementor-toc__toggle-button elementor-toc__toggle-button--expand\" role=\"button\" tabindex=\"0\" aria-controls=\"elementor-toc__f3278c4\" aria-expanded=\"true\" aria-label=\"Ouvrir la table des mati\u00e8res\"><i aria-hidden=\"true\" class=\"fas fa-chevron-down\"><\/i><\/div>\n\t\t\t\t<div class=\"elementor-toc__toggle-button elementor-toc__toggle-button--collapse\" role=\"button\" tabindex=\"0\" aria-controls=\"elementor-toc__f3278c4\" aria-expanded=\"true\" aria-label=\"Fermer la table des mati\u00e8res\"><i aria-hidden=\"true\" class=\"fas fa-chevron-up\"><\/i><\/div>\n\t\t\t\t\t<\/div>\n\t\t<div id=\"elementor-toc__f3278c4\" class=\"elementor-toc__body\">\n\t\t\t<div class=\"elementor-toc__spinner-container\">\n\t\t\t\t<i class=\"elementor-toc__spinner eicon-animation-spin eicon-loading\" aria-hidden=\"true\"><\/i>\t\t\t<\/div>\n\t\t<\/div>\n\t\t\t\t\t\t<\/div>\n\t\t\t\t<\/div>\n\t\t\t\t\t<\/div>\n\t\t\t\t<\/div>\n\t\t\t\t\t<\/div>\n\t\t\t\t<\/div>\n\t\t\t\t<section class=\"elementor-section elementor-top-section elementor-element elementor-element-5f8ca93 elementor-section-boxed elementor-section-height-default elementor-section-height-default\" data-id=\"5f8ca93\" data-element_type=\"section\" data-e-type=\"section\" data-settings=\"{&quot;wdt_bg_image&quot;:{&quot;url&quot;:&quot;&quot;,&quot;id&quot;:&quot;&quot;,&quot;size&quot;:&quot;&quot;},&quot;wdt_bg_image_widescreen&quot;:{&quot;url&quot;:&quot;&quot;,&quot;id&quot;:&quot;&quot;,&quot;size&quot;:&quot;&quot;},&quot;wdt_bg_image_laptop&quot;:{&quot;url&quot;:&quot;&quot;,&quot;id&quot;:&quot;&quot;,&quot;size&quot;:&quot;&quot;},&quot;wdt_bg_image_tablet_extra&quot;:{&quot;url&quot;:&quot;&quot;,&quot;id&quot;:&quot;&quot;,&quot;size&quot;:&quot;&quot;},&quot;wdt_bg_image_tablet&quot;:{&quot;url&quot;:&quot;&quot;,&quot;id&quot;:&quot;&quot;,&quot;size&quot;:&quot;&quot;},&quot;wdt_bg_image_mobile_extra&quot;:{&quot;url&quot;:&quot;&quot;,&quot;id&quot;:&quot;&quot;,&quot;size&quot;:&quot;&quot;},&quot;wdt_bg_image_mobile&quot;:{&quot;url&quot;:&quot;&quot;,&quot;id&quot;:&quot;&quot;,&quot;size&quot;:&quot;&quot;},&quot;wdt_bg_position&quot;:&quot;center center&quot;,&quot;wdt_animation_effect&quot;:&quot;none&quot;}\">\n\t\t\t\t\t\t<div class=\"elementor-container elementor-column-gap-default\">\n\t\t\t\t\t<div class=\"elementor-column elementor-col-100 elementor-top-column elementor-element elementor-element-4704df13\" data-id=\"4704df13\" data-element_type=\"column\" data-e-type=\"column\">\n\t\t\t<div class=\"elementor-widget-wrap elementor-element-populated\">\n\t\t\t\t<div class=\"elementor-element elementor-element-9961d9d e-con-full e-flex e-con e-parent\" data-id=\"9961d9d\" data-element_type=\"container\" data-e-type=\"container\">\n\t\t<div class=\"elementor-element elementor-element-f987e81 e-flex e-con-boxed elementor-invisible e-con e-child\" data-id=\"f987e81\" data-element_type=\"container\" data-e-type=\"container\" data-settings=\"{&quot;animation&quot;:&quot;fadeInLeft&quot;}\">\n\t\t\t\t\t<div class=\"e-con-inner\">\n\t\t\t\t<div class=\"elementor-element elementor-element-c7c4b92 elementor-widget elementor-widget-image\" data-id=\"c7c4b92\" data-element_type=\"widget\" data-e-type=\"widget\" data-settings=\"{&quot;wdt_animation_effect&quot;:&quot;none&quot;}\" data-widget_type=\"image.default\">\n\t\t\t\t<div class=\"elementor-widget-container\">\n\t\t\t\t\t\t\t\t\t\t\t\t\t\t\t<img decoding=\"async\" src=\"https:\/\/www.ferrerhotels.com\/travellost\/wp-content\/uploads\/2018\/05\/vinedos1.jpg\" title=\"\" alt=\"\" loading=\"lazy\" \/>\t\t\t\t\t\t\t\t\t\t\t\t\t\t\t<\/div>\n\t\t\t\t<\/div>\n\t\t\t\t\t<\/div>\n\t\t\t\t<\/div>\n\t\t<div class=\"elementor-element elementor-element-f43f37e e-flex e-con-boxed elementor-invisible e-con e-child\" data-id=\"f43f37e\" data-element_type=\"container\" data-e-type=\"container\" data-settings=\"{&quot;animation&quot;:&quot;fadeInRight&quot;}\">\n\t\t\t\t\t<div class=\"e-con-inner\">\n\t\t\t\t<div class=\"elementor-element elementor-element-6d8436d elementor-widget elementor-widget-text-editor\" data-id=\"6d8436d\" data-element_type=\"widget\" data-e-type=\"widget\" data-settings=\"{&quot;wdt_animation_effect&quot;:&quot;none&quot;}\" data-widget_type=\"text-editor.default\">\n\t\t\t\t<div class=\"elementor-widget-container\">\n\t\t\t\t\t\t\t\t\t<h2>Bodegas de Vi Rei<\/h2><p>Llucmajor was one of the first populated areas of the island. This is proved by the numerous talayots scattered around the area. Also this was the first area where Romans planted vines. In 2014 in this areas\u00a0Bodegas Vi Rei\u00a0was founded with a clear objective; produce the best wine using the latest technologies on the field.<\/p><p>In 2012 a large part of the vineyard was planted using native varieties such as Manto Negro, Gir\u00f3 Ros, Premsal Blanc and Callet, together with more international varieties such as Sauvignon Blanc, Merlot, Chardonnay, Syrah and Cabernet Sauvignon. The results of this winery are quite unbelievable. A must if you are a wine lover.<\/p>\t\t\t\t\t\t\t\t<\/div>\n\t\t\t\t<\/div>\n\t\t\t\t\t<\/div>\n\t\t\t\t<\/div>\n\t\t\t\t<\/div>\n\t\t<div class=\"elementor-element elementor-element-d12f2c4 e-flex e-con-boxed e-con e-parent\" data-id=\"d12f2c4\" data-element_type=\"container\" data-e-type=\"container\">\n\t\t\t\t\t<div class=\"e-con-inner\">\n\t\t<div class=\"elementor-element elementor-element-b20a27c e-con-full e-flex elementor-invisible e-con e-child\" data-id=\"b20a27c\" data-element_type=\"container\" data-e-type=\"container\" data-settings=\"{&quot;animation&quot;:&quot;fadeInLeft&quot;}\">\n\t\t\t\t<div class=\"elementor-element elementor-element-d2293a8 elementor-widget elementor-widget-text-editor\" data-id=\"d2293a8\" data-element_type=\"widget\" data-e-type=\"widget\" data-settings=\"{&quot;wdt_animation_effect&quot;:&quot;none&quot;}\" data-widget_type=\"text-editor.default\">\n\t\t\t\t<div class=\"elementor-widget-container\">\n\t\t\t\t\t\t\t\t\t<h2>Celler Tianna Negre<\/h2><p>In the village of Binissalem, surrounded by stunning vineyards and lovely almond trees, there is\u00a0Celler Tianna Negre. Right in the middle of the Raiguer region between the municipalities of Sencelles, Inca, Lloseta, Alar\u00f3 and Consell, this building consists of 3 levels designed with the intention of minimizing the use of impulse pumps. It was back in 2007 when this winery opened its doors.<\/p><p>This winery\u2019s success comes from the synergy between its architecture and its wines they managed to build throughout these years; the perfect balance between tradition, innovation and respect for the environment. Their wines reflect the strength of the native grapes with a modern approach. Celler Tianna Negre\u2019s work strongly supports on preserving the environment and the best quality of its vineyards. Another winery you should clearly visit.<\/p>\t\t\t\t\t\t\t\t<\/div>\n\t\t\t\t<\/div>\n\t\t\t\t<\/div>\n\t\t<div class=\"elementor-element elementor-element-2ffbb54 e-con-full e-flex elementor-invisible e-con e-child\" data-id=\"2ffbb54\" data-element_type=\"container\" data-e-type=\"container\" data-settings=\"{&quot;animation&quot;:&quot;fadeInLeft&quot;}\">\n\t\t\t\t<div class=\"elementor-element elementor-element-e0d2aa3 elementor-widget elementor-widget-image\" data-id=\"e0d2aa3\" data-element_type=\"widget\" data-e-type=\"widget\" data-settings=\"{&quot;wdt_animation_effect&quot;:&quot;none&quot;}\" data-widget_type=\"image.default\">\n\t\t\t\t<div class=\"elementor-widget-container\">\n\t\t\t\t\t\t\t\t\t\t\t\t\t\t\t<img decoding=\"async\" src=\"https:\/\/www.ferrerhotels.com\/travellost\/wp-content\/uploads\/2018\/05\/vinedos3.jpg\" title=\"\" alt=\"\" loading=\"lazy\" \/>\t\t\t\t\t\t\t\t\t\t\t\t\t\t\t<\/div>\n\t\t\t\t<\/div>\n\t\t\t\t<\/div>\n\t\t\t\t\t<\/div>\n\t\t\t\t<\/div>\n\t\t<div class=\"elementor-element elementor-element-4c10f5c e-flex e-con-boxed e-con e-parent\" data-id=\"4c10f5c\" data-element_type=\"container\" data-e-type=\"container\">\n\t\t\t\t\t<div class=\"e-con-inner\">\n\t\t\t\t<div class=\"elementor-element elementor-element-612712d elementor-widget elementor-widget-text-editor\" data-id=\"612712d\" data-element_type=\"widget\" data-e-type=\"widget\" data-settings=\"{&quot;wdt_animation_effect&quot;:&quot;none&quot;}\" data-widget_type=\"text-editor.default\">\n\t\t\t\t<div class=\"elementor-widget-container\">\n\t\t\t\t\t\t\t\t\t<p>Wine tourism tends to be a quite fashionable activity. It\u2019s understandable. Wine tasting and gastronomy in rural areas is a trendy activity amongst tourists. You may not be aware of it but\u00a0this island also produces stunning wines. Embrace yourself wine lovers: today we will travel through\u00a0<strong>the best wine routes in Mallorca<\/strong>, where we will also discover the best wineries on the island.<\/p>\t\t\t\t\t\t\t\t<\/div>\n\t\t\t\t<\/div>\n\t\t\t\t\t<\/div>\n\t\t\t\t<\/div>\n\t\t<div class=\"elementor-element elementor-element-2a176cf e-flex e-con-boxed e-con e-parent\" data-id=\"2a176cf\" data-element_type=\"container\" data-e-type=\"container\">\n\t\t\t\t\t<div class=\"e-con-inner\">\n\t\t<div class=\"elementor-element elementor-element-c485482 e-flex e-con-boxed e-con e-child\" data-id=\"c485482\" data-element_type=\"container\" data-e-type=\"container\">\n\t\t\t\t\t<div class=\"e-con-inner\">\n\t\t\t\t<div class=\"elementor-element elementor-element-c398585 elementor-widget elementor-widget-image\" data-id=\"c398585\" data-element_type=\"widget\" data-e-type=\"widget\" data-settings=\"{&quot;wdt_animation_effect&quot;:&quot;none&quot;}\" data-widget_type=\"image.default\">\n\t\t\t\t<div class=\"elementor-widget-container\">\n\t\t\t\t\t\t\t\t\t\t\t\t\t\t\t<img decoding=\"async\" src=\"https:\/\/www.ferrerhotels.com\/travellost\/wp-content\/uploads\/2018\/05\/vinedos4.jpg\" title=\"\" alt=\"\" loading=\"lazy\" \/>\t\t\t\t\t\t\t\t\t\t\t\t\t\t\t<\/div>\n\t\t\t\t<\/div>\n\t\t\t\t\t<\/div>\n\t\t\t\t<\/div>\n\t\t<div class=\"elementor-element elementor-element-2bdbf45 e-flex e-con-boxed e-con e-child\" data-id=\"2bdbf45\" data-element_type=\"container\" data-e-type=\"container\">\n\t\t\t\t\t<div class=\"e-con-inner\">\n\t\t\t\t<div class=\"elementor-element elementor-element-9b4fc0e elementor-widget elementor-widget-text-editor\" data-id=\"9b4fc0e\" data-element_type=\"widget\" data-e-type=\"widget\" data-settings=\"{&quot;wdt_animation_effect&quot;:&quot;none&quot;}\" data-widget_type=\"text-editor.default\">\n\t\t\t\t<div class=\"elementor-widget-container\">\n\t\t\t\t\t\t\t\t\t<h2>Bodegas Macia Batle<\/h2><p>Everything began back in 1856. Since then, Mallorcan wineries have been looking and pursuing excellence in wine production. Their wines are produced with exclusively selected Mallorcan grapes. All processes are strictly supervised by expert winemakers and oenologists. The result? Amazing innovative wines with a unique body, aroma and flavour.<\/p><p>Bodegas Macia Batle\u00a0invites you to discover its lovely establishment and learn the meticulous process used to produce their wines, from the start until the final result. Of course to conclude your visit in the best way possible you will have the opportunity to taste 4 different and unique wines, together with some exclusive products such as olive oil and pates.<\/p>\t\t\t\t\t\t\t\t<\/div>\n\t\t\t\t<\/div>\n\t\t\t\t\t<\/div>\n\t\t\t\t<\/div>\n\t\t\t\t\t<\/div>\n\t\t\t\t<\/div>\n\t\t<div class=\"elementor-element elementor-element-d9bc8ea e-con-full e-flex e-con e-parent\" data-id=\"d9bc8ea\" data-element_type=\"container\" data-e-type=\"container\">\n\t\t<div class=\"elementor-element elementor-element-3bda808 e-flex e-con-boxed e-con e-child\" data-id=\"3bda808\" data-element_type=\"container\" data-e-type=\"container\">\n\t\t\t\t\t<div class=\"e-con-inner\">\n\t\t\t\t<div class=\"elementor-element elementor-element-502a5d6 elementor-widget elementor-widget-image\" data-id=\"502a5d6\" data-element_type=\"widget\" data-e-type=\"widget\" data-settings=\"{&quot;wdt_animation_effect&quot;:&quot;none&quot;}\" data-widget_type=\"image.default\">\n\t\t\t\t<div class=\"elementor-widget-container\">\n\t\t\t\t\t\t\t\t\t\t\t\t\t\t\t<img decoding=\"async\" src=\"https:\/\/www.ferrerhotels.com\/travellost\/wp-content\/uploads\/2018\/05\/vinedos2.jpg\" title=\"\" alt=\"\" loading=\"lazy\" \/>\t\t\t\t\t\t\t\t\t\t\t\t\t\t\t<\/div>\n\t\t\t\t<\/div>\n\t\t\t\t\t<\/div>\n\t\t\t\t<\/div>\n\t\t<div class=\"elementor-element elementor-element-a3d3559 e-flex e-con-boxed e-con e-child\" data-id=\"a3d3559\" data-element_type=\"container\" data-e-type=\"container\">\n\t\t\t\t\t<div class=\"e-con-inner\">\n\t\t\t\t<div class=\"elementor-element elementor-element-dc258c5 elementor-widget elementor-widget-text-editor\" data-id=\"dc258c5\" data-element_type=\"widget\" data-e-type=\"widget\" data-settings=\"{&quot;wdt_animation_effect&quot;:&quot;none&quot;}\" data-widget_type=\"text-editor.default\">\n\t\t\t\t<div class=\"elementor-widget-container\">\n\t\t\t\t\t\t\t\t\t<h2>Bodega Ramany\u00e0<\/h2><p>This family winery is located in the outskirts of Santa Mar\u00eda del Cam\u00ed and belongs to the denomination of origin of Binissalem. In Ramany\u00e0 they produce young and fresh red, ros\u00e9 and white wines; stronger wines with different aging times in the typical wooden barrels; sweet, sparkling, etc. All produced with the essence and personality of the island.<\/p><p>Bodega Ramany\u00e0\u00a0offers a tour through the exteriors of the farm where you can find a crop representation of Mallorca. Inside the winery you will be teleported back in time to pre-industrial Mallorca through an ethnographic collection of more than 2,000 pieces. The perfect place if you are looking to breathe some real Balearic history. After witnessing how the grape is transformed into wine, it\u2019s fermentation process, aging process etc. you may have the privilege of tasting their marvellous wines. The best way to end this visit.<\/p>\t\t\t\t\t\t\t\t<\/div>\n\t\t\t\t<\/div>\n\t\t\t\t\t<\/div>\n\t\t\t\t<\/div>\n\t\t\t\t<\/div>\n\t\t\t\t<div class=\"elementor-element elementor-element-1feb206 elementor-widget elementor-widget-text-editor\" data-id=\"1feb206\" data-element_type=\"widget\" data-e-type=\"widget\" data-settings=\"{&quot;wdt_animation_effect&quot;:&quot;none&quot;}\" data-widget_type=\"text-editor.default\">\n\t\t\t\t<div class=\"elementor-widget-container\">\n\t\t\t\t\t\t\t\t\t<div id=\"summary\" class=\"abc-article-summary\"><p>The writer Pliny the Elder in his book \u201cNatural History\u201d (1st century) compared back in his days the wines of the Balearic Islands with the best ones of the entire Roman Empire. Without a doubt, a fame that comes from way back in time. After you will have explored these wineries and tasted their delicious wines, you will be able to understand what Pliny the Elder was talking about.<\/p><\/div>\t\t\t\t\t\t\t\t<\/div>\n\t\t\t\t<\/div>\n\t\t\t\t\t<\/div>\n\t\t<\/div>\n\t\t\t\t\t<\/div>\n\t\t<\/section>\n\t\t\t\t<\/div>\n\t\t","protected":false},"excerpt":{"rendered":"<p>Discover Vineyards of Calvia, Mallorca Discover the rich and captivating world of vineyards in Calvi\u00e0, Mallorca, where tradition, passion, and Mediterranean climate come together to create some of the island\u2019s [&hellip;]<\/p>\n","protected":false},"author":1,"featured_media":31826,"parent":4573,"menu_order":0,"comment_status":"closed","ping_status":"closed","template":"","meta":{"source_url":"","source_name":"","published_at":"","ai_reason":"","_monsterinsights_skip_tracking":false,"_monsterinsights_sitenote_active":false,"_monsterinsights_sitenote_note":"","_monsterinsights_sitenote_category":0,"_price":"","_stock":"","_tribe_ticket_header":"","_tribe_default_ticket_provider":"","_tribe_ticket_capacity":"0","_ticket_start_date":"","_ticket_end_date":"","_tribe_ticket_show_description":"","_tribe_ticket_show_not_going":false,"_tribe_ticket_use_global_stock":"","_tribe_ticket_global_stock_level":"","_global_stock_mode":"","_global_stock_cap":"","_tribe_rsvp_for_event":"","_tribe_ticket_going_count":"","_tribe_ticket_not_going_count":"","_tribe_tickets_list":"[]","_tribe_ticket_has_attendee_info_fields":false,"footnotes":"","_tec_slr_enabled":"","_tec_slr_layout":""},"class_list":["post-10574","page","type-page","status-publish","has-post-thumbnail","hentry"],"aioseo_notices":[],"ticketed":false,"_links":{"self":[{"href":"https:\/\/www.calviabeach.com\/es\/wp-json\/wp\/v2\/pages\/10574","targetHints":{"allow":["GET"]}}],"collection":[{"href":"https:\/\/www.calviabeach.com\/es\/wp-json\/wp\/v2\/pages"}],"about":[{"href":"https:\/\/www.calviabeach.com\/es\/wp-json\/wp\/v2\/types\/page"}],"author":[{"embeddable":true,"href":"https:\/\/www.calviabeach.com\/es\/wp-json\/wp\/v2\/users\/1"}],"replies":[{"embeddable":true,"href":"https:\/\/www.calviabeach.com\/es\/wp-json\/wp\/v2\/comments?post=10574"}],"version-history":[{"count":0,"href":"https:\/\/www.calviabeach.com\/es\/wp-json\/wp\/v2\/pages\/10574\/revisions"}],"up":[{"embeddable":true,"href":"https:\/\/www.calviabeach.com\/es\/wp-json\/wp\/v2\/pages\/4573"}],"wp:featuredmedia":[{"embeddable":true,"href":"https:\/\/www.calviabeach.com\/es\/wp-json\/wp\/v2\/media\/31826"}],"wp:attachment":[{"href":"https:\/\/www.calviabeach.com\/es\/wp-json\/wp\/v2\/media?parent=10574"}],"curies":[{"name":"wp","href":"https:\/\/api.w.org\/{rel}","templated":true}]}}