{"id":4798,"date":"2022-02-20T18:02:03","date_gmt":"2022-02-20T18:02:03","guid":{"rendered":"https:\/\/www.calviabeach.com\/?page_id=4798"},"modified":"2024-11-25T21:04:09","modified_gmt":"2024-11-26T05:04:09","slug":"bicycling","status":"publish","type":"page","link":"https:\/\/www.calviabeach.com\/de\/sport-and-leisure\/bicycling\/","title":{"rendered":"Radfahren"},"content":{"rendered":"<div data-elementor-type=\"wp-page\" data-elementor-id=\"4798\" class=\"elementor elementor-4798\" data-elementor-post-type=\"page\">\n\t\t\t\t\t\t<section class=\"elementor-section elementor-top-section elementor-element elementor-element-68cde12f elementor-section-boxed elementor-section-height-default elementor-section-height-default\" data-id=\"68cde12f\" data-element_type=\"section\" data-e-type=\"section\" data-settings=\"{&quot;wdt_bg_image&quot;:{&quot;url&quot;:&quot;&quot;,&quot;id&quot;:&quot;&quot;,&quot;size&quot;:&quot;&quot;},&quot;wdt_bg_image_widescreen&quot;:{&quot;url&quot;:&quot;&quot;,&quot;id&quot;:&quot;&quot;,&quot;size&quot;:&quot;&quot;},&quot;wdt_bg_image_laptop&quot;:{&quot;url&quot;:&quot;&quot;,&quot;id&quot;:&quot;&quot;,&quot;size&quot;:&quot;&quot;},&quot;wdt_bg_image_tablet_extra&quot;:{&quot;url&quot;:&quot;&quot;,&quot;id&quot;:&quot;&quot;,&quot;size&quot;:&quot;&quot;},&quot;wdt_bg_image_tablet&quot;:{&quot;url&quot;:&quot;&quot;,&quot;id&quot;:&quot;&quot;,&quot;size&quot;:&quot;&quot;},&quot;wdt_bg_image_mobile_extra&quot;:{&quot;url&quot;:&quot;&quot;,&quot;id&quot;:&quot;&quot;,&quot;size&quot;:&quot;&quot;},&quot;wdt_bg_image_mobile&quot;:{&quot;url&quot;:&quot;&quot;,&quot;id&quot;:&quot;&quot;,&quot;size&quot;:&quot;&quot;},&quot;wdt_bg_position&quot;:&quot;center center&quot;,&quot;wdt_animation_effect&quot;:&quot;none&quot;}\">\n\t\t\t\t\t\t<div class=\"elementor-container elementor-column-gap-default\">\n\t\t\t\t\t<div class=\"elementor-column elementor-col-100 elementor-top-column elementor-element elementor-element-3784ec09\" data-id=\"3784ec09\" data-element_type=\"column\" data-e-type=\"column\">\n\t\t\t<div class=\"elementor-widget-wrap elementor-element-populated\">\n\t\t\t\t\t\t<div class=\"elementor-element elementor-element-53a950a3 elementor-widget elementor-widget-text-editor\" data-id=\"53a950a3\" data-element_type=\"widget\" data-e-type=\"widget\" data-settings=\"{&quot;wdt_animation_effect&quot;:&quot;none&quot;}\" data-widget_type=\"text-editor.default\">\n\t\t\t\t<div class=\"elementor-widget-container\">\n\t\t\t\t\t\t\t\t\t<header><h1>Radfahren<\/h1><\/header><header><em><span style=\"font-size: revert; color: initial;\">Mallorca hat einige fantastische Radwege. Daf\u00fcr und f\u00fcr seine landschaftliche Vielfalt ist die Insel bekannt. Die Insel hat hochgelegene malerische St\u00e4dte wie Valldemossa, beliebte kleine Str\u00e4nde (Calas) mit t\u00fcrkisfarbenem Wasser, ausgedehnte offene Str\u00e4nde, Wasserstr\u00f6me, die Canyons bilden, Haarnadelkurven und sogar eine 270\u00b0-Spiralbr\u00fccke, die \u201eKrawattenknoten\u201c genannt wird.<\/span><\/em><\/header><p><em>Wenn Sie jedoch eine gem\u00fctliche Fahrt entlang der K\u00fcste unternehmen m\u00f6chten, gibt es einen fantastischen Radweg am Meer entlang (Paseo Mar\u00edtimo). Und wenn Sie ihn von Anfang bis Ende fahren, k\u00f6nnen Sie ein paar Mal anhalten, um einige der Wahrzeichen der Insel zu besichtigen, wie die Kathedrale, den Yachthafen und den Strand von Palma (Platja de Palma).<\/em><\/p><hr class=\"wp-block-separator has-alpha-channel-opacity\" \/><nav><\/nav><h2>\u00a0<\/h2><h2>Route<\/h2><p>Die Karte oben zeigt die Route von\u00a0<em>Porto Pi Einkaufszentrum<\/em>\u00a0Zu\u00a0<em>Club Nautic El Arenal<\/em>. Dies dient nur zur Veranschaulichung der Route, da es nicht genau den Radweg angibt. Es scheint, dass Google gute Teile der Radwege nicht erkennt.<\/p><p>Der gesamte Weg ist 18 km lang und dauert zwischen 1 und 1,2 Stunden. Wir starteten neben\u00a0<em>Porto Pi<\/em>\u00a0Einkaufszentrum und ging bis zum Ende in S&#039;Arenal (siehe letztes Bild unten).<\/p><p>Der Radweg beginnt in der Gegend um Can Barbera oben beim F\u00e4hrterminal, Sie k\u00f6nnen ihn aber \u00fcberall entlang des Paseo Mar\u00edtimo befahren.<\/p><p>Sie fahren zun\u00e4chst Richtung Osten und passieren den Jachthafen von Palma. Weiter fahren Sie am Parc de Marc vorbei, mit der gotischen Kathedrale im Hintergrund.<\/p><p>Gehen Sie weiter am Meer entlang und Sie passieren den Stadtstrand von Palma, den Yachthafen von Portixol, die Str\u00e4nde El Molinar und Portixol, Ciutat Jardi, Cala Gamba, Can Pastilla, Cala Estancia und den letzten Teil der Playa de Palma, um schlie\u00dflich S&#039;Arenal und den letzten Teil des Weges zu erreichen.<\/p><hr class=\"wp-block-separator has-alpha-channel-opacity\" \/><h2>\u00a0<\/h2><h2>Bilder<\/h2><p>Die folgenden Bilder zeigen die Vielfalt der Landschaft und der Radwege entlang der Route. Es gibt viele Orte, an denen man anhalten kann, um etwas zu trinken, zu essen oder einfach zu entspannen.<\/p><p>Einige unserer Lieblingsorte waren Vermuteria La Gloria in El Molinar und Bon Vent Cafe &amp; Bar in Can Pastilla.<\/p><p>Wenn Sie Fahrr\u00e4der, Motorr\u00e4der, Roller oder Skates (elektrisch) mieten m\u00f6chten, kann ich Urban Ape w\u00e4rmstens empfehlen.<\/p><figure id=\"attachment_3409\" aria-describedby=\"caption-attachment-3409\"><img fetchpriority=\"high\" decoding=\"async\" src=\"https:\/\/sp-ao.shortpixel.ai\/client\/to_auto,q_glossy,ret_img,w_697,h_523\/https:\/\/www.tripinsiders.net\/wp-content\/uploads\/2019\/06\/palma_cycling5-1024x768.jpg\" sizes=\"(max-width: 697px) 100vw, 697px\" srcset=\"https:\/\/sp-ao.shortpixel.ai\/client\/to_auto,q_glossy,ret_img,w_1024\/https:\/\/www.tripinsiders.net\/wp-content\/uploads\/2019\/06\/palma_cycling5.jpg 1024w, https:\/\/sp-ao.shortpixel.ai\/client\/to_auto,q_glossy,ret_img,w_300\/https:\/\/www.tripinsiders.net\/wp-content\/uploads\/2019\/06\/palma_cycling5-300x225.jpg 300w, https:\/\/sp-ao.shortpixel.ai\/client\/to_auto,q_glossy,ret_img,w_768\/https:\/\/www.tripinsiders.net\/wp-content\/uploads\/2019\/06\/palma_cycling5-768x576.jpg 768w, https:\/\/sp-ao.shortpixel.ai\/client\/to_auto,q_glossy,ret_img,w_640\/https:\/\/www.tripinsiders.net\/wp-content\/uploads\/2019\/06\/palma_cycling5-640x480.jpg 640w\" alt=\"Radweg\" width=\"697\" height=\"523\" data-src=\"https:\/\/sp-ao.shortpixel.ai\/client\/to_auto,q_glossy,ret_img,w_697,h_523\/https:\/\/www.tripinsiders.net\/wp-content\/uploads\/2019\/06\/palma_cycling5-1024x768.jpg\" data-srcset=\"https:\/\/sp-ao.shortpixel.ai\/client\/to_auto,q_glossy,ret_img,w_1024\/https:\/\/www.tripinsiders.net\/wp-content\/uploads\/2019\/06\/palma_cycling5.jpg 1024w, https:\/\/sp-ao.shortpixel.ai\/client\/to_auto,q_glossy,ret_img,w_300\/https:\/\/www.tripinsiders.net\/wp-content\/uploads\/2019\/06\/palma_cycling5-300x225.jpg 300w, https:\/\/sp-ao.shortpixel.ai\/client\/to_auto,q_glossy,ret_img,w_768\/https:\/\/www.tripinsiders.net\/wp-content\/uploads\/2019\/06\/palma_cycling5-768x576.jpg 768w, https:\/\/sp-ao.shortpixel.ai\/client\/to_auto,q_glossy,ret_img,w_640\/https:\/\/www.tripinsiders.net\/wp-content\/uploads\/2019\/06\/palma_cycling5-640x480.jpg 640w\" data-sizes=\"(max-width: 697px) 100vw, 697px\" \/><figcaption id=\"caption-attachment-3409\">Der Radweg f\u00fchrt an vielen sch\u00f6nen Str\u00e4nden entlang der K\u00fcste vorbei<\/figcaption><\/figure><figure id=\"attachment_3405\" aria-describedby=\"caption-attachment-3405\"><img decoding=\"async\" src=\"https:\/\/sp-ao.shortpixel.ai\/client\/to_auto,q_glossy,ret_img,w_697,h_523\/https:\/\/www.tripinsiders.net\/wp-content\/uploads\/2019\/06\/palma_cycling3-1024x768.jpg\" sizes=\"(max-width: 697px) 100vw, 697px\" srcset=\"https:\/\/sp-ao.shortpixel.ai\/client\/to_auto,q_glossy,ret_img,w_1024\/https:\/\/www.tripinsiders.net\/wp-content\/uploads\/2019\/06\/palma_cycling3.jpg 1024w, https:\/\/sp-ao.shortpixel.ai\/client\/to_auto,q_glossy,ret_img,w_300\/https:\/\/www.tripinsiders.net\/wp-content\/uploads\/2019\/06\/palma_cycling3-300x225.jpg 300w, https:\/\/sp-ao.shortpixel.ai\/client\/to_auto,q_glossy,ret_img,w_768\/https:\/\/www.tripinsiders.net\/wp-content\/uploads\/2019\/06\/palma_cycling3-768x576.jpg 768w, https:\/\/sp-ao.shortpixel.ai\/client\/to_auto,q_glossy,ret_img,w_640\/https:\/\/www.tripinsiders.net\/wp-content\/uploads\/2019\/06\/palma_cycling3-640x480.jpg 640w\" alt=\"Radweg\" width=\"697\" height=\"523\" data-src=\"https:\/\/sp-ao.shortpixel.ai\/client\/to_auto,q_glossy,ret_img,w_697,h_523\/https:\/\/www.tripinsiders.net\/wp-content\/uploads\/2019\/06\/palma_cycling3-1024x768.jpg\" data-srcset=\"https:\/\/sp-ao.shortpixel.ai\/client\/to_auto,q_glossy,ret_img,w_1024\/https:\/\/www.tripinsiders.net\/wp-content\/uploads\/2019\/06\/palma_cycling3.jpg 1024w, https:\/\/sp-ao.shortpixel.ai\/client\/to_auto,q_glossy,ret_img,w_300\/https:\/\/www.tripinsiders.net\/wp-content\/uploads\/2019\/06\/palma_cycling3-300x225.jpg 300w, https:\/\/sp-ao.shortpixel.ai\/client\/to_auto,q_glossy,ret_img,w_768\/https:\/\/www.tripinsiders.net\/wp-content\/uploads\/2019\/06\/palma_cycling3-768x576.jpg 768w, https:\/\/sp-ao.shortpixel.ai\/client\/to_auto,q_glossy,ret_img,w_640\/https:\/\/www.tripinsiders.net\/wp-content\/uploads\/2019\/06\/palma_cycling3-640x480.jpg 640w\" data-sizes=\"(max-width: 697px) 100vw, 697px\" \/><figcaption id=\"caption-attachment-3405\">Einige Bereiche entlang der Route sind entspannend, weit weg von Geb\u00e4uden und Touristen<\/figcaption><\/figure><figure id=\"attachment_3407\" aria-describedby=\"caption-attachment-3407\"><img decoding=\"async\" src=\"https:\/\/sp-ao.shortpixel.ai\/client\/to_auto,q_glossy,ret_img,w_697,h_523\/https:\/\/www.tripinsiders.net\/wp-content\/uploads\/2019\/06\/palma_cycling-1024x768.jpg\" sizes=\"(max-width: 697px) 100vw, 697px\" srcset=\"https:\/\/sp-ao.shortpixel.ai\/client\/to_auto,q_glossy,ret_img,w_1024\/https:\/\/www.tripinsiders.net\/wp-content\/uploads\/2019\/06\/palma_cycling.jpg 1024w, https:\/\/sp-ao.shortpixel.ai\/client\/to_auto,q_glossy,ret_img,w_300\/https:\/\/www.tripinsiders.net\/wp-content\/uploads\/2019\/06\/palma_cycling-300x225.jpg 300w, https:\/\/sp-ao.shortpixel.ai\/client\/to_auto,q_glossy,ret_img,w_768\/https:\/\/www.tripinsiders.net\/wp-content\/uploads\/2019\/06\/palma_cycling-768x576.jpg 768w, https:\/\/sp-ao.shortpixel.ai\/client\/to_auto,q_glossy,ret_img,w_640\/https:\/\/www.tripinsiders.net\/wp-content\/uploads\/2019\/06\/palma_cycling-640x480.jpg 640w\" alt=\"Radweg\" width=\"697\" height=\"523\" data-src=\"https:\/\/sp-ao.shortpixel.ai\/client\/to_auto,q_glossy,ret_img,w_697,h_523\/https:\/\/www.tripinsiders.net\/wp-content\/uploads\/2019\/06\/palma_cycling-1024x768.jpg\" data-srcset=\"https:\/\/sp-ao.shortpixel.ai\/client\/to_auto,q_glossy,ret_img,w_1024\/https:\/\/www.tripinsiders.net\/wp-content\/uploads\/2019\/06\/palma_cycling.jpg 1024w, https:\/\/sp-ao.shortpixel.ai\/client\/to_auto,q_glossy,ret_img,w_300\/https:\/\/www.tripinsiders.net\/wp-content\/uploads\/2019\/06\/palma_cycling-300x225.jpg 300w, https:\/\/sp-ao.shortpixel.ai\/client\/to_auto,q_glossy,ret_img,w_768\/https:\/\/www.tripinsiders.net\/wp-content\/uploads\/2019\/06\/palma_cycling-768x576.jpg 768w, https:\/\/sp-ao.shortpixel.ai\/client\/to_auto,q_glossy,ret_img,w_640\/https:\/\/www.tripinsiders.net\/wp-content\/uploads\/2019\/06\/palma_cycling-640x480.jpg 640w\" data-sizes=\"(max-width: 697px) 100vw, 697px\" \/><figcaption id=\"caption-attachment-3407\">Ein weiterer \u201el\u00e4ndlicher\u201c Teil des Radweges<\/figcaption><\/figure><figure id=\"attachment_3406\" aria-describedby=\"caption-attachment-3406\"><img loading=\"lazy\" decoding=\"async\" src=\"https:\/\/sp-ao.shortpixel.ai\/client\/to_auto,q_glossy,ret_img,w_697,h_523\/https:\/\/www.tripinsiders.net\/wp-content\/uploads\/2019\/06\/portixol-1024x768.jpg\" sizes=\"(max-width: 697px) 100vw, 697px\" srcset=\"https:\/\/sp-ao.shortpixel.ai\/client\/to_auto,q_glossy,ret_img,w_1024\/https:\/\/www.tripinsiders.net\/wp-content\/uploads\/2019\/06\/portixol.jpg 1024w, https:\/\/sp-ao.shortpixel.ai\/client\/to_auto,q_glossy,ret_img,w_300\/https:\/\/www.tripinsiders.net\/wp-content\/uploads\/2019\/06\/portixol-300x225.jpg 300w, https:\/\/sp-ao.shortpixel.ai\/client\/to_auto,q_glossy,ret_img,w_768\/https:\/\/www.tripinsiders.net\/wp-content\/uploads\/2019\/06\/portixol-768x576.jpg 768w, https:\/\/sp-ao.shortpixel.ai\/client\/to_auto,q_glossy,ret_img,w_640\/https:\/\/www.tripinsiders.net\/wp-content\/uploads\/2019\/06\/portixol-640x480.jpg 640w\" alt=\"Portixol\" width=\"697\" height=\"523\" data-src=\"https:\/\/sp-ao.shortpixel.ai\/client\/to_auto,q_glossy,ret_img,w_697,h_523\/https:\/\/www.tripinsiders.net\/wp-content\/uploads\/2019\/06\/portixol-1024x768.jpg\" data-srcset=\"https:\/\/sp-ao.shortpixel.ai\/client\/to_auto,q_glossy,ret_img,w_1024\/https:\/\/www.tripinsiders.net\/wp-content\/uploads\/2019\/06\/portixol.jpg 1024w, https:\/\/sp-ao.shortpixel.ai\/client\/to_auto,q_glossy,ret_img,w_300\/https:\/\/www.tripinsiders.net\/wp-content\/uploads\/2019\/06\/portixol-300x225.jpg 300w, https:\/\/sp-ao.shortpixel.ai\/client\/to_auto,q_glossy,ret_img,w_768\/https:\/\/www.tripinsiders.net\/wp-content\/uploads\/2019\/06\/portixol-768x576.jpg 768w, https:\/\/sp-ao.shortpixel.ai\/client\/to_auto,q_glossy,ret_img,w_640\/https:\/\/www.tripinsiders.net\/wp-content\/uploads\/2019\/06\/portixol-640x480.jpg 640w\" data-sizes=\"(max-width: 697px) 100vw, 697px\" \/><figcaption id=\"caption-attachment-3406\">Portixol (El Molinar) ist eine unserer Lieblingsgegenden auf Mallorca. Sehr sch\u00f6ne Str\u00e4nde, Restaurants, Gesch\u00e4fte und Promenade. Es liegt in der N\u00e4he von Palma und hat eine viel bessere Atmosph\u00e4re.<\/figcaption><\/figure><figure id=\"attachment_3410\" aria-describedby=\"caption-attachment-3410\"><img loading=\"lazy\" decoding=\"async\" src=\"https:\/\/sp-ao.shortpixel.ai\/client\/to_auto,q_glossy,ret_img,w_697,h_929\/https:\/\/www.tripinsiders.net\/wp-content\/uploads\/2019\/06\/palma_cycling6-768x1024.jpg\" sizes=\"(max-width: 697px) 100vw, 697px\" srcset=\"https:\/\/sp-ao.shortpixel.ai\/client\/to_auto,q_glossy,ret_img,w_768\/https:\/\/www.tripinsiders.net\/wp-content\/uploads\/2019\/06\/palma_cycling6.jpg 768w, https:\/\/sp-ao.shortpixel.ai\/client\/to_auto,q_glossy,ret_img,w_225\/https:\/\/www.tripinsiders.net\/wp-content\/uploads\/2019\/06\/palma_cycling6-225x300.jpg 225w\" alt=\"Radweg\" width=\"697\" height=\"929\" data-src=\"https:\/\/sp-ao.shortpixel.ai\/client\/to_auto,q_glossy,ret_img,w_697,h_929\/https:\/\/www.tripinsiders.net\/wp-content\/uploads\/2019\/06\/palma_cycling6-768x1024.jpg\" data-srcset=\"https:\/\/sp-ao.shortpixel.ai\/client\/to_auto,q_glossy,ret_img,w_768\/https:\/\/www.tripinsiders.net\/wp-content\/uploads\/2019\/06\/palma_cycling6.jpg 768w, https:\/\/sp-ao.shortpixel.ai\/client\/to_auto,q_glossy,ret_img,w_225\/https:\/\/www.tripinsiders.net\/wp-content\/uploads\/2019\/06\/palma_cycling6-225x300.jpg 225w\" data-sizes=\"(max-width: 697px) 100vw, 697px\" \/><figcaption id=\"caption-attachment-3410\">Der Radweg verl\u00e4uft in der N\u00e4he des Flughafens und Sie k\u00f6nnen die Flugzeuge landen sehen<\/figcaption><\/figure><figure id=\"attachment_3404\" aria-describedby=\"caption-attachment-3404\"><img loading=\"lazy\" decoding=\"async\" src=\"https:\/\/sp-ao.shortpixel.ai\/client\/to_auto,q_glossy,ret_img,w_697,h_929\/https:\/\/www.tripinsiders.net\/wp-content\/uploads\/2019\/06\/palma_cycling_arenal-768x1024.jpg\" sizes=\"(max-width: 697px) 100vw, 697px\" srcset=\"https:\/\/sp-ao.shortpixel.ai\/client\/to_auto,q_glossy,ret_img,w_768\/https:\/\/www.tripinsiders.net\/wp-content\/uploads\/2019\/06\/palma_cycling_arenal.jpg 768w, https:\/\/sp-ao.shortpixel.ai\/client\/to_auto,q_glossy,ret_img,w_225\/https:\/\/www.tripinsiders.net\/wp-content\/uploads\/2019\/06\/palma_cycling_arenal-225x300.jpg 225w\" alt=\"S&#039;Arenal\" width=\"697\" height=\"929\" data-src=\"https:\/\/sp-ao.shortpixel.ai\/client\/to_auto,q_glossy,ret_img,w_697,h_929\/https:\/\/www.tripinsiders.net\/wp-content\/uploads\/2019\/06\/palma_cycling_arenal-768x1024.jpg\" data-srcset=\"https:\/\/sp-ao.shortpixel.ai\/client\/to_auto,q_glossy,ret_img,w_768\/https:\/\/www.tripinsiders.net\/wp-content\/uploads\/2019\/06\/palma_cycling_arenal.jpg 768w, https:\/\/sp-ao.shortpixel.ai\/client\/to_auto,q_glossy,ret_img,w_225\/https:\/\/www.tripinsiders.net\/wp-content\/uploads\/2019\/06\/palma_cycling_arenal-225x300.jpg 225w\" data-sizes=\"(max-width: 697px) 100vw, 697px\" \/><figcaption id=\"caption-attachment-3404\">S&#039;Arenal. Der letzte Teil der Radwege endet neben dem Club Nautic El Arenal<\/figcaption><\/figure>\t\t\t\t\t\t\t\t<\/div>\n\t\t\t\t<\/div>\n\t\t\t\t\t<\/div>\n\t\t<\/div>\n\t\t\t\t\t<\/div>\n\t\t<\/section>\n\t\t\t\t<\/div>","protected":false},"excerpt":{"rendered":"<p>Bicycling Mallorca has some amazing cycling routes. It is well known for this and for its landscape diversity. The island has elevated picturesque towns such as Valldemossa, popular tiny beaches [&hellip;]<\/p>\n","protected":false},"author":1,"featured_media":0,"parent":4723,"menu_order":0,"comment_status":"closed","ping_status":"closed","template":"","meta":{"source_url":"","source_name":"","published_at":"","ai_reason":"","_monsterinsights_skip_tracking":false,"_monsterinsights_sitenote_active":false,"_monsterinsights_sitenote_note":"","_monsterinsights_sitenote_category":0,"_price":"","_stock":"","_tribe_ticket_header":"","_tribe_default_ticket_provider":"","_tribe_ticket_capacity":"0","_ticket_start_date":"","_ticket_end_date":"","_tribe_ticket_show_description":"","_tribe_ticket_show_not_going":false,"_tribe_ticket_use_global_stock":"","_tribe_ticket_global_stock_level":"","_global_stock_mode":"","_global_stock_cap":"","_tribe_rsvp_for_event":"","_tribe_ticket_going_count":"","_tribe_ticket_not_going_count":"","_tribe_tickets_list":"[]","_tribe_ticket_has_attendee_info_fields":false,"footnotes":"","_tec_slr_enabled":"","_tec_slr_layout":""},"class_list":["post-4798","page","type-page","status-publish","has-post-thumbnail","hentry"],"aioseo_notices":[],"ticketed":false,"_links":{"self":[{"href":"https:\/\/www.calviabeach.com\/de\/wp-json\/wp\/v2\/pages\/4798","targetHints":{"allow":["GET"]}}],"collection":[{"href":"https:\/\/www.calviabeach.com\/de\/wp-json\/wp\/v2\/pages"}],"about":[{"href":"https:\/\/www.calviabeach.com\/de\/wp-json\/wp\/v2\/types\/page"}],"author":[{"embeddable":true,"href":"https:\/\/www.calviabeach.com\/de\/wp-json\/wp\/v2\/users\/1"}],"replies":[{"embeddable":true,"href":"https:\/\/www.calviabeach.com\/de\/wp-json\/wp\/v2\/comments?post=4798"}],"version-history":[{"count":0,"href":"https:\/\/www.calviabeach.com\/de\/wp-json\/wp\/v2\/pages\/4798\/revisions"}],"up":[{"embeddable":true,"href":"https:\/\/www.calviabeach.com\/de\/wp-json\/wp\/v2\/pages\/4723"}],"wp:attachment":[{"href":"https:\/\/www.calviabeach.com\/de\/wp-json\/wp\/v2\/media?parent=4798"}],"curies":[{"name":"wp","href":"https:\/\/api.w.org\/{rel}","templated":true}]}}