{"id":19226,"date":"2023-07-24T10:47:02","date_gmt":"2023-07-24T10:47:02","guid":{"rendered":"https:\/\/www.calviabeach.com\/?page_id=19226"},"modified":"2024-11-25T01:46:32","modified_gmt":"2024-11-25T09:46:32","slug":"peguera","status":"publish","type":"page","link":"https:\/\/www.calviabeach.com\/de\/peguera\/","title":{"rendered":"Peguera"},"content":{"rendered":"<div data-elementor-type=\"wp-page\" data-elementor-id=\"19226\" class=\"elementor elementor-19226\" data-elementor-post-type=\"page\">\n\t\t\t\t\t\t<section class=\"elementor-section elementor-top-section elementor-element elementor-element-81ed3ad elementor-section-boxed elementor-section-height-default elementor-section-height-default\" data-id=\"81ed3ad\" data-element_type=\"section\" data-e-type=\"section\" data-settings=\"{&quot;wdt_bg_image&quot;:{&quot;url&quot;:&quot;&quot;,&quot;id&quot;:&quot;&quot;,&quot;size&quot;:&quot;&quot;},&quot;wdt_bg_image_widescreen&quot;:{&quot;url&quot;:&quot;&quot;,&quot;id&quot;:&quot;&quot;,&quot;size&quot;:&quot;&quot;},&quot;wdt_bg_image_laptop&quot;:{&quot;url&quot;:&quot;&quot;,&quot;id&quot;:&quot;&quot;,&quot;size&quot;:&quot;&quot;},&quot;wdt_bg_image_tablet_extra&quot;:{&quot;url&quot;:&quot;&quot;,&quot;id&quot;:&quot;&quot;,&quot;size&quot;:&quot;&quot;},&quot;wdt_bg_image_tablet&quot;:{&quot;url&quot;:&quot;&quot;,&quot;id&quot;:&quot;&quot;,&quot;size&quot;:&quot;&quot;},&quot;wdt_bg_image_mobile_extra&quot;:{&quot;url&quot;:&quot;&quot;,&quot;id&quot;:&quot;&quot;,&quot;size&quot;:&quot;&quot;},&quot;wdt_bg_image_mobile&quot;:{&quot;url&quot;:&quot;&quot;,&quot;id&quot;:&quot;&quot;,&quot;size&quot;:&quot;&quot;},&quot;wdt_bg_position&quot;:&quot;center center&quot;,&quot;wdt_animation_effect&quot;:&quot;none&quot;}\">\n\t\t\t\t\t\t<div class=\"elementor-container elementor-column-gap-default\">\n\t\t\t\t\t<div class=\"elementor-column elementor-col-100 elementor-top-column elementor-element elementor-element-583167a\" data-id=\"583167a\" data-element_type=\"column\" data-e-type=\"column\">\n\t\t\t<div class=\"elementor-widget-wrap elementor-element-populated\">\n\t\t\t\t\t\t<div class=\"elementor-element elementor-element-ddbdf20 elementor-widget elementor-widget-text-editor\" data-id=\"ddbdf20\" data-element_type=\"widget\" data-e-type=\"widget\" data-settings=\"{&quot;wdt_animation_effect&quot;:&quot;none&quot;}\" data-widget_type=\"text-editor.default\">\n\t\t\t\t<div class=\"elementor-widget-container\">\n\t\t\t\t\t\t\t\t\t<header><h1>\u00a0Peguera \u2013 Ein K\u00fcstenjuwel auf Mallorca<\/h1><p>Willkommen in Peguera, einer charmanten K\u00fcstenstadt an der malerischen K\u00fcste Mallorcas. Mit seinen atemberaubenden Str\u00e4nden, der lebhaften Atmosph\u00e4re und einer F\u00fclle von Aktivit\u00e4ten ist Peguera zu einem beliebten Urlaubsziel f\u00fcr Reisende geworden, die Sonne, Entspannung und Abenteuer suchen.<\/p><h3>Die Sch\u00f6nheit von Peguera entdecken<\/h3><p>Peguera ist ein wundersch\u00f6ner Ferienort an der Westk\u00fcste Mallorcas in der Gemeinde Calvia. Nur 24,5 Kilometer von der Hauptstadt Palma de Mallorca und 35 Kilometer vom Flughafen Palma de Mallorca entfernt genie\u00dft Peguera eine strategische Lage neben den benachbarten Ferienorten Palma Nova, Magaluf und Santa Ponsa.<\/p><h3>Atemberaubende Str\u00e4nde<\/h3><p>Peguera ist stolz auf seine drei wundersch\u00f6nen Sandstr\u00e4nde, die f\u00fcr jeden Strandliebhaber etwas bieten. Playa Palmira, Playa Tora und Playa La Romana bieten eine Oase mit kristallklarem Wasser und weichem, goldenem Sand. Egal, ob Sie Ruhe oder familienfreundliche Annehmlichkeiten suchen, diese Str\u00e4nde werden Sie nicht entt\u00e4uschen.<\/p><h3>Lebhafte Promenade<\/h3><p>Machen Sie einen gem\u00fctlichen Spaziergang entlang der lebhaften Promenade von Peguera mit ihren wedelnden Palmen, Restaurants, Caf\u00e9s und Gesch\u00e4ften. Genie\u00dfen Sie die lebendige Atmosph\u00e4re, kaufen Sie Souvenirs oder genie\u00dfen Sie eine k\u00f6stliche Mahlzeit mit atemberaubendem Meerblick.<\/p><h3>Nat\u00fcrliche Sch\u00f6nheit umarmen<\/h3><p>Peguera ist von nat\u00fcrlicher Sch\u00f6nheit umgeben und bietet Pinienw\u00e4lder und schroffe Klippen, die darauf warten, erkundet zu werden. Begeben Sie sich auf ein Wander- oder Fahrradabenteuer, um malerische Landschaften und versteckte Buchten zu entdecken.<\/p><h3>Aufregender Wassersport<\/h3><p>Das ruhige und klare Wasser von Peguera ist der perfekte Spielplatz f\u00fcr Wasserabenteuer. Probieren Sie spannende Wassersportaktivit\u00e4ten wie Schnorcheln, Tauchen, Jetski und Paddleboarding.<\/p><h3>Warum Urlaub in Peguera?<\/h3><p>Unber\u00fchrte Str\u00e4nde<br \/>Peguera ist bekannt f\u00fcr seine unber\u00fchrten Str\u00e4nde, die f\u00fcr jeden Geschmack etwas bieten. Vom ruhigen Playa Palmira \u00fcber den familienfreundlichen Playa Tora bis hin zur malerischen Bucht Playa La Romana finden Strandliebhaber hier ihren perfekten Ort.<\/p><h3>Outdoor-Aktivit\u00e4ten<\/h3><p>Peguera bietet eine Reihe von Outdoor-Aktivit\u00e4ten, die sowohl Abenteuerlustige als auch Naturliebhaber ansprechen. Schn\u00fcren Sie Ihre Wanderschuhe oder schwingen Sie sich auf ein Fahrrad, um die malerischen Wanderwege zu erkunden, die sich durch die umliegende Landschaft schl\u00e4ngeln.<\/p><h3>Pulsierendes Nachtleben<\/h3><p>Wenn die Sonne untergeht, erwacht Peguera mit seinem pulsierenden Nachtleben zum Leben. Genie\u00dfen Sie eine Vielzahl von Bars, Restaurants und Unterhaltungsm\u00f6glichkeiten, die die Abende in Peguera unvergesslich machen.<\/p><h3>Einkaufen und Essen<\/h3><p>Die Strandpromenade der Stadt ist \u00fcbers\u00e4t mit charmanten Gesch\u00e4ften und reizenden Restaurants. Verw\u00f6hnen Sie sich mit lokaler K\u00fcche, g\u00f6nnen Sie sich einen Einkaufsbummel und genie\u00dfen Sie die entspannte mediterrane Atmosph\u00e4re.<\/p><h3>Unvergessliche Erinnerungen schaffen<\/h3><p>Peguera lockt mit seiner nat\u00fcrlichen Sch\u00f6nheit, spannenden Aktivit\u00e4ten und einer warmen mediterranen Atmosph\u00e4re. Egal, ob Sie Strandgl\u00fcck, Abenteuer oder Entspannung suchen, Peguera verspricht allen Besuchern unvergessliche Erinnerungen.<\/p><\/header>\t\t\t\t\t\t\t\t<\/div>\n\t\t\t\t<\/div>\n\t\t\t\t\t<\/div>\n\t\t<\/div>\n\t\t\t\t\t<\/div>\n\t\t<\/section>\n\t\t\t\t<\/div>","protected":false},"excerpt":{"rendered":"<p>\u00a0Peguera &#8211; A Coastal Gem in Mallorca Welcome to Peguera, a charming coastal town nestled along the picturesque shores of Mallorca. With its stunning beaches, vibrant atmosphere, and a plethora [&hellip;]<\/p>\n","protected":false},"author":1,"featured_media":0,"parent":0,"menu_order":0,"comment_status":"closed","ping_status":"closed","template":"","meta":{"source_url":"","source_name":"","published_at":"","ai_reason":"","_monsterinsights_skip_tracking":false,"_monsterinsights_sitenote_active":false,"_monsterinsights_sitenote_note":"","_monsterinsights_sitenote_category":0,"_price":"","_stock":"","_tribe_ticket_header":"","_tribe_default_ticket_provider":"","_tribe_ticket_capacity":"0","_ticket_start_date":"","_ticket_end_date":"","_tribe_ticket_show_description":"","_tribe_ticket_show_not_going":false,"_tribe_ticket_use_global_stock":"","_tribe_ticket_global_stock_level":"","_global_stock_mode":"","_global_stock_cap":"","_tribe_rsvp_for_event":"","_tribe_ticket_going_count":"","_tribe_ticket_not_going_count":"","_tribe_tickets_list":"[]","_tribe_ticket_has_attendee_info_fields":false,"footnotes":"","_tec_slr_enabled":"","_tec_slr_layout":""},"class_list":["post-19226","page","type-page","status-publish","has-post-thumbnail","hentry"],"aioseo_notices":[],"ticketed":false,"_links":{"self":[{"href":"https:\/\/www.calviabeach.com\/de\/wp-json\/wp\/v2\/pages\/19226","targetHints":{"allow":["GET"]}}],"collection":[{"href":"https:\/\/www.calviabeach.com\/de\/wp-json\/wp\/v2\/pages"}],"about":[{"href":"https:\/\/www.calviabeach.com\/de\/wp-json\/wp\/v2\/types\/page"}],"author":[{"embeddable":true,"href":"https:\/\/www.calviabeach.com\/de\/wp-json\/wp\/v2\/users\/1"}],"replies":[{"embeddable":true,"href":"https:\/\/www.calviabeach.com\/de\/wp-json\/wp\/v2\/comments?post=19226"}],"version-history":[{"count":0,"href":"https:\/\/www.calviabeach.com\/de\/wp-json\/wp\/v2\/pages\/19226\/revisions"}],"wp:attachment":[{"href":"https:\/\/www.calviabeach.com\/de\/wp-json\/wp\/v2\/media?parent=19226"}],"curies":[{"name":"wp","href":"https:\/\/api.w.org\/{rel}","templated":true}]}}