{"id":18885,"date":"2023-07-17T08:54:05","date_gmt":"2023-07-17T08:54:05","guid":{"rendered":"https:\/\/www.calviabeach.com\/?page_id=18885"},"modified":"2024-11-29T23:12:16","modified_gmt":"2024-11-30T07:12:16","slug":"es-forti-beach","status":"publish","type":"page","link":"https:\/\/www.calviabeach.com\/de\/es-forti-beach\/","title":{"rendered":"Strand Es Fort\u00ed"},"content":{"rendered":"<div data-elementor-type=\"wp-page\" data-elementor-id=\"18885\" class=\"elementor elementor-18885\" data-elementor-post-type=\"page\">\n\t\t\t\t<div class=\"elementor-element elementor-element-2489207 e-flex e-con-boxed elementor-invisible e-con e-parent\" data-id=\"2489207\" data-element_type=\"container\" data-e-type=\"container\" data-settings=\"{&quot;animation&quot;:&quot;fadeInLeft&quot;}\">\n\t\t\t\t\t<div class=\"e-con-inner\">\n\t\t\t\t<div class=\"elementor-element elementor-element-c9010a4 elementor-widget elementor-widget-heading\" data-id=\"c9010a4\" data-element_type=\"widget\" data-e-type=\"widget\" data-settings=\"{&quot;wdt_animation_effect&quot;:&quot;none&quot;}\" data-widget_type=\"heading.default\">\n\t\t\t\t<div class=\"elementor-widget-container\">\n\t\t\t\t\t<h2 class=\"elementor-heading-title elementor-size-default\">Ein versteckter Schatz entlang der bezaubernden K\u00fcste Mallorcas<\/h2>\t\t\t\t<\/div>\n\t\t\t\t<\/div>\n\t\t\t\t\t<\/div>\n\t\t\t\t<\/div>\n\t\t<div class=\"elementor-element elementor-element-1b2cc91 e-flex e-con-boxed elementor-invisible e-con e-parent\" data-id=\"1b2cc91\" data-element_type=\"container\" data-e-type=\"container\" data-settings=\"{&quot;animation&quot;:&quot;fadeInRight&quot;}\">\n\t\t\t\t\t<div class=\"e-con-inner\">\n\t\t\t\t<div class=\"elementor-element elementor-element-a665218 elementor-widget elementor-widget-text-editor\" data-id=\"a665218\" data-element_type=\"widget\" data-e-type=\"widget\" data-settings=\"{&quot;wdt_animation_effect&quot;:&quot;none&quot;}\" data-widget_type=\"text-editor.default\">\n\t\t\t\t<div class=\"elementor-widget-container\">\n\t\t\t\t\t\t\t\t\t<p>Entdecken Sie die ruhige Sch\u00f6nheit des Strandes Es Fort\u00ed, einer unber\u00fchrten Oase versteckt an Mallorcas atemberaubender K\u00fcste, die Besuchern einen ruhigen R\u00fcckzugsort inmitten einer atemberaubenden Natur bietet.<\/p>\t\t\t\t\t\t\t\t<\/div>\n\t\t\t\t<\/div>\n\t\t\t\t\t<\/div>\n\t\t\t\t<\/div>\n\t\t<div class=\"elementor-element elementor-element-f3f4595 e-flex e-con-boxed elementor-invisible e-con e-parent\" data-id=\"f3f4595\" data-element_type=\"container\" data-e-type=\"container\" data-settings=\"{&quot;animation&quot;:&quot;fadeInUp&quot;}\">\n\t\t\t\t\t<div class=\"e-con-inner\">\n\t\t\t\t<div class=\"elementor-element elementor-element-05b4c81 elementor-widget elementor-widget-heading\" data-id=\"05b4c81\" data-element_type=\"widget\" data-e-type=\"widget\" data-settings=\"{&quot;wdt_animation_effect&quot;:&quot;none&quot;}\" data-widget_type=\"heading.default\">\n\t\t\t\t<div class=\"elementor-widget-container\">\n\t\t\t\t\t<h2 class=\"elementor-heading-title elementor-size-default\">Versteckt an der malerischen <\/h2>\t\t\t\t<\/div>\n\t\t\t\t<\/div>\n\t\t\t\t<div class=\"elementor-element elementor-element-02b01c2 elementor-widget elementor-widget-text-editor\" data-id=\"02b01c2\" data-element_type=\"widget\" data-e-type=\"widget\" data-settings=\"{&quot;wdt_animation_effect&quot;:&quot;none&quot;}\" data-widget_type=\"text-editor.default\">\n\t\t\t\t<div class=\"elementor-widget-container\">\n\t\t\t\t\t\t\t\t\t<p>Versteckt an der malerischen K\u00fcste Mallorcas ist der Strand Es Fort\u00ed ein verborgenes Juwel, das darauf wartet, von Reisenden entdeckt zu werden, die einen ruhigen R\u00fcckzugsort suchen. Diese abgeschiedene Oase bietet eine intime und friedliche Atmosph\u00e4re und ist damit das perfekte Ziel f\u00fcr alle, die sich entspannen und mit der Natur in Kontakt kommen m\u00f6chten.<\/p>\t\t\t\t\t\t\t\t<\/div>\n\t\t\t\t<\/div>\n\t\t\t\t\t<\/div>\n\t\t\t\t<\/div>\n\t\t<div class=\"elementor-element elementor-element-d412831 e-flex e-con-boxed e-con e-parent\" data-id=\"d412831\" data-element_type=\"container\" data-e-type=\"container\">\n\t\t\t\t\t<div class=\"e-con-inner\">\n\t\t\t\t<div class=\"elementor-element elementor-element-72ecf09 elementor-widget elementor-widget-heading\" data-id=\"72ecf09\" data-element_type=\"widget\" data-e-type=\"widget\" data-settings=\"{&quot;wdt_animation_effect&quot;:&quot;none&quot;}\" data-widget_type=\"heading.default\">\n\t\t\t\t<div class=\"elementor-widget-container\">\n\t\t\t\t\t<h2 class=\"elementor-heading-title elementor-size-default\">Wenn Sie das unber\u00fchrte<\/h2>\t\t\t\t<\/div>\n\t\t\t\t<\/div>\n\t\t\t\t<div class=\"elementor-element elementor-element-8ed4c59 elementor-widget elementor-widget-text-editor\" data-id=\"8ed4c59\" data-element_type=\"widget\" data-e-type=\"widget\" data-settings=\"{&quot;wdt_animation_effect&quot;:&quot;none&quot;}\" data-widget_type=\"text-editor.default\">\n\t\t\t\t<div class=\"elementor-widget-container\">\n\t\t\t\t\t\t\t\t\t<p>Wenn Sie den unber\u00fchrten Sand des Strandes Es Fort\u00ed betreten, werden Sie von dem kristallklaren Wasser fasziniert sein, das sich vor Ihnen ausbreitet. Die sanften Wellen und das ruhige Meer machen diesen Strand zu einem idealen Ort zum Schwimmen, Schnorcheln und Erkunden des reichen Meereslebens, das unter der Oberfl\u00e4che gedeiht.<\/p>\t\t\t\t\t\t\t\t<\/div>\n\t\t\t\t<\/div>\n\t\t\t\t\t<\/div>\n\t\t\t\t<\/div>\n\t\t<div class=\"elementor-element elementor-element-310bd52 e-flex e-con-boxed e-con e-parent\" data-id=\"310bd52\" data-element_type=\"container\" data-e-type=\"container\">\n\t\t\t\t\t<div class=\"e-con-inner\">\n\t\t\t\t<div class=\"elementor-element elementor-element-8b09bb2 elementor-widget elementor-widget-heading\" data-id=\"8b09bb2\" data-element_type=\"widget\" data-e-type=\"widget\" data-settings=\"{&quot;wdt_animation_effect&quot;:&quot;none&quot;}\" data-widget_type=\"heading.default\">\n\t\t\t\t<div class=\"elementor-widget-container\">\n\t\t\t\t\t<h2 class=\"elementor-heading-title elementor-size-default\">Die schroffen Klippen <\/h2>\t\t\t\t<\/div>\n\t\t\t\t<\/div>\n\t\t\t\t<div class=\"elementor-element elementor-element-3bdc2f0 elementor-widget elementor-widget-text-editor\" data-id=\"3bdc2f0\" data-element_type=\"widget\" data-e-type=\"widget\" data-settings=\"{&quot;wdt_animation_effect&quot;:&quot;none&quot;}\" data-widget_type=\"text-editor.default\">\n\t\t\t\t<div class=\"elementor-widget-container\">\n\t\t\t\t\t\t\t\t\t<p>Die schroffen Klippen und das \u00fcppige Gr\u00fcn, die den Strand Es Fort\u00ed umgeben, bilden eine atemberaubende Kulisse f\u00fcr Besucher. Machen Sie einen gem\u00fctlichen Spaziergang entlang der K\u00fcste oder unternehmen Sie eine malerische Wanderung, um versteckte Buchten und atemberaubende Aussichtspunkte zu entdecken, die einen Panoramablick auf die umliegende Landschaft bieten.<\/p>\t\t\t\t\t\t\t\t<\/div>\n\t\t\t\t<\/div>\n\t\t\t\t\t<\/div>\n\t\t\t\t<\/div>\n\t\t<div class=\"elementor-element elementor-element-e05a241 e-flex e-con-boxed e-con e-parent\" data-id=\"e05a241\" data-element_type=\"container\" data-e-type=\"container\">\n\t\t\t\t\t<div class=\"e-con-inner\">\n\t\t\t\t<div class=\"elementor-element elementor-element-dd8e3bd elementor-widget elementor-widget-heading\" data-id=\"dd8e3bd\" data-element_type=\"widget\" data-e-type=\"widget\" data-settings=\"{&quot;wdt_animation_effect&quot;:&quot;none&quot;}\" data-widget_type=\"heading.default\">\n\t\t\t\t<div class=\"elementor-widget-container\">\n\t\t\t\t\t<h2 class=\"elementor-heading-title elementor-size-default\">F\u00fcr ein wirklich immersives Erlebnis<\/h2>\t\t\t\t<\/div>\n\t\t\t\t<\/div>\n\t\t\t\t<div class=\"elementor-element elementor-element-bb34bb0 elementor-widget elementor-widget-text-editor\" data-id=\"bb34bb0\" data-element_type=\"widget\" data-e-type=\"widget\" data-settings=\"{&quot;wdt_animation_effect&quot;:&quot;none&quot;}\" data-widget_type=\"text-editor.default\">\n\t\t\t\t<div class=\"elementor-widget-container\">\n\t\t\t\t\t\t\t\t\t<p>F\u00fcr ein wirklich intensives Erlebnis tauchen Sie in die lokale Geschichte und Kultur ein, indem Sie die nahe gelegene historische St\u00e4tte Es Fort\u00ed besuchen, eine gut erhaltene Festung aus dem 18. Jahrhundert, die eine wichtige Rolle bei der Seeverteidigung Mallorcas spielte. Spazieren Sie durch das alte Bauwerk und erfahren Sie mehr \u00fcber die faszinierende Vergangenheit der Insel, w\u00e4hrend Sie die atemberaubende Aussicht auf die Mittelmeerk\u00fcste genie\u00dfen.<\/p>\t\t\t\t\t\t\t\t<\/div>\n\t\t\t\t<\/div>\n\t\t\t\t\t<\/div>\n\t\t\t\t<\/div>\n\t\t<div class=\"elementor-element elementor-element-abff9a5 e-flex e-con-boxed e-con e-parent\" data-id=\"abff9a5\" data-element_type=\"container\" data-e-type=\"container\">\n\t\t\t\t\t<div class=\"e-con-inner\">\n\t\t\t\t<div class=\"elementor-element elementor-element-a03ab26 elementor-widget elementor-widget-heading\" data-id=\"a03ab26\" data-element_type=\"widget\" data-e-type=\"widget\" data-settings=\"{&quot;wdt_animation_effect&quot;:&quot;none&quot;}\" data-widget_type=\"heading.default\">\n\t\t\t\t<div class=\"elementor-widget-container\">\n\t\t\t\t\t<h2 class=\"elementor-heading-title elementor-size-default\">Nach einem Tag <\/h2>\t\t\t\t<\/div>\n\t\t\t\t<\/div>\n\t\t\t\t<div class=\"elementor-element elementor-element-d7cdc5b elementor-widget elementor-widget-text-editor\" data-id=\"d7cdc5b\" data-element_type=\"widget\" data-e-type=\"widget\" data-settings=\"{&quot;wdt_animation_effect&quot;:&quot;none&quot;}\" data-widget_type=\"text-editor.default\">\n\t\t\t\t<div class=\"elementor-widget-container\">\n\t\t\t\t\t\t\t\t\t<p>Nach einem Tag in der Sonne und beim Erkunden der Gegend k\u00f6nnen Sie sich ein k\u00f6stliches Essen in einem der charmanten Lokale in der nahegelegenen Stadt g\u00f6nnen. Genie\u00dfen Sie authentische spanische K\u00fcche und lassen Sie sich von der herzlichen Gastfreundschaft der Mallorquiner verw\u00f6hnen.<\/p>\t\t\t\t\t\t\t\t<\/div>\n\t\t\t\t<\/div>\n\t\t\t\t\t<\/div>\n\t\t\t\t<\/div>\n\t\t<div class=\"elementor-element elementor-element-ed97db3 e-flex e-con-boxed e-con e-parent\" data-id=\"ed97db3\" data-element_type=\"container\" data-e-type=\"container\">\n\t\t\t\t\t<div class=\"e-con-inner\">\n\t\t\t\t<div class=\"elementor-element elementor-element-3a899b6 elementor-widget elementor-widget-heading\" data-id=\"3a899b6\" data-element_type=\"widget\" data-e-type=\"widget\" data-settings=\"{&quot;wdt_animation_effect&quot;:&quot;none&quot;}\" data-widget_type=\"heading.default\">\n\t\t\t\t<div class=\"elementor-widget-container\">\n\t\t\t\t\t<h2 class=\"elementor-heading-title elementor-size-default\">Verpassen Sie nicht die Gelegenheit <\/h2>\t\t\t\t<\/div>\n\t\t\t\t<\/div>\n\t\t\t\t<div class=\"elementor-element elementor-element-317e75c elementor-widget elementor-widget-text-editor\" data-id=\"317e75c\" data-element_type=\"widget\" data-e-type=\"widget\" data-settings=\"{&quot;wdt_animation_effect&quot;:&quot;none&quot;}\" data-widget_type=\"text-editor.default\">\n\t\t\t\t<div class=\"elementor-widget-container\">\n\t\t\t\t\t\t\t\t\t<p>Verpassen Sie nicht die Gelegenheit, die ruhige Sch\u00f6nheit des Strandes Es Fort\u00ed zu erleben, ein abgeschiedenes Paradies, das einen wirklich unvergesslichen und erholsamen R\u00fcckzugsort verspricht. Tauchen Sie ein in die bezaubernde Umgebung und schaffen Sie bleibende Erinnerungen an der magischen K\u00fcste Mallorcas.<\/p>\t\t\t\t\t\t\t\t<\/div>\n\t\t\t\t<\/div>\n\t\t\t\t\t<\/div>\n\t\t\t\t<\/div>\n\t\t<div class=\"elementor-element elementor-element-ef9a260 e-flex e-con-boxed e-con e-parent\" data-id=\"ef9a260\" data-element_type=\"container\" data-e-type=\"container\">\n\t\t\t\t\t<div class=\"e-con-inner\">\n\t\t\t\t<div class=\"elementor-element elementor-element-95a38dd elementor-widget elementor-widget-text-editor\" data-id=\"95a38dd\" data-element_type=\"widget\" data-e-type=\"widget\" data-settings=\"{&quot;wdt_animation_effect&quot;:&quot;none&quot;}\" data-widget_type=\"text-editor.default\">\n\t\t\t\t<div class=\"elementor-widget-container\">\n\t\t\t\t\t\t\t\t\t<p>Strand Es Fort\u00ed, Mallorca, ruhiger Zufluchtsort, unber\u00fchrter Sand, kristallklares Wasser, Meeresleben, schroffe Klippen, \u00fcppiges Gr\u00fcn, versteckte Buchten, Panoramablick, historische St\u00e4tte, spanische K\u00fcche, abgeschiedenes Paradies, unvergesslicher R\u00fcckzugsort.<\/p>\t\t\t\t\t\t\t\t<\/div>\n\t\t\t\t<\/div>\n\t\t\t\t\t<\/div>\n\t\t\t\t<\/div>\n\t\t\t\t<\/div>","protected":false},"excerpt":{"rendered":"<p>A Hidden Treasure Along the Enchanting Coast of Mallorca Discover the serene beauty of Es Fort\u00ed Beach, an unspoiled haven tucked away along Mallorca&#8217;s stunning coast, offering visitors a peaceful [&hellip;]<\/p>\n","protected":false},"author":1,"featured_media":0,"parent":0,"menu_order":0,"comment_status":"closed","ping_status":"closed","template":"","meta":{"source_url":"","source_name":"","published_at":"","ai_reason":"","_monsterinsights_skip_tracking":false,"_monsterinsights_sitenote_active":false,"_monsterinsights_sitenote_note":"","_monsterinsights_sitenote_category":0,"_price":"","_stock":"","_tribe_ticket_header":"","_tribe_default_ticket_provider":"","_tribe_ticket_capacity":"0","_ticket_start_date":"","_ticket_end_date":"","_tribe_ticket_show_description":"","_tribe_ticket_show_not_going":false,"_tribe_ticket_use_global_stock":"","_tribe_ticket_global_stock_level":"","_global_stock_mode":"","_global_stock_cap":"","_tribe_rsvp_for_event":"","_tribe_ticket_going_count":"","_tribe_ticket_not_going_count":"","_tribe_tickets_list":"[]","_tribe_ticket_has_attendee_info_fields":false,"footnotes":"","_tec_slr_enabled":"","_tec_slr_layout":""},"class_list":["post-18885","page","type-page","status-publish","has-post-thumbnail","hentry"],"aioseo_notices":[],"ticketed":false,"_links":{"self":[{"href":"https:\/\/www.calviabeach.com\/de\/wp-json\/wp\/v2\/pages\/18885","targetHints":{"allow":["GET"]}}],"collection":[{"href":"https:\/\/www.calviabeach.com\/de\/wp-json\/wp\/v2\/pages"}],"about":[{"href":"https:\/\/www.calviabeach.com\/de\/wp-json\/wp\/v2\/types\/page"}],"author":[{"embeddable":true,"href":"https:\/\/www.calviabeach.com\/de\/wp-json\/wp\/v2\/users\/1"}],"replies":[{"embeddable":true,"href":"https:\/\/www.calviabeach.com\/de\/wp-json\/wp\/v2\/comments?post=18885"}],"version-history":[{"count":0,"href":"https:\/\/www.calviabeach.com\/de\/wp-json\/wp\/v2\/pages\/18885\/revisions"}],"wp:attachment":[{"href":"https:\/\/www.calviabeach.com\/de\/wp-json\/wp\/v2\/media?parent=18885"}],"curies":[{"name":"wp","href":"https:\/\/api.w.org\/{rel}","templated":true}]}}